{"id":23088,"date":"2023-02-15T10:00:28","date_gmt":"2023-02-15T10:00:28","guid":{"rendered":"https:\/\/lubeljoyeria.com\/?post_type=product&#038;p=23088"},"modified":"2025-04-04T08:38:42","modified_gmt":"2025-04-04T08:38:42","slug":"anillo-eternal-flower","status":"publish","type":"product","link":"https:\/\/lubeljoyeria.com\/?product=anillo-eternal-flower","title":{"rendered":"Anillo Swarovski, Eternal Flower"},"content":{"rendered":"<div class=\"swa-accessible-tab__description-first\">Este divertido anillo floral, que cuenta con un llamativo cristal rosa en la parte central. Est\u00e1 adornado con brillantes cristales transparentes y acabado con un ba\u00f1o de rodio. Un accesorio contempor\u00e1neo y atemporal, perfecto para cualquier momento del d\u00eda.<\/div>\n<div class=\"swa-accessible-tab__description-sec\">\n<ul id=\"product-details-classifications-ellipsis\" class=\"swa-product-details__drawer__specs swa-text-sans--small\">\n<li>Material:\u00a0 Cristales de Swarovski y ba\u00f1o de rodio.<\/li>\n<\/ul>\n<\/div>\n","protected":false},"excerpt":{"rendered":"<div class=\"swa-accessible-tab__description-first\">\n<div class=\"swa-accessible-tab__description-first\">Este divertido anillo floral, que cuenta con un llamativo cristal rosa en la parte central, est\u00e1 adornado con brillantes cristales transparentes y acabado con un ba\u00f1o de rodio. Un accesorio contempor\u00e1neo y atemporal, perfecto para cualquier momento del d\u00eda.<\/div>\n<div class=\"swa-accessible-tab__description-sec\">\n<ul id=\"product-details-classifications-ellipsis\" class=\"swa-product-details__drawer__specs swa-text-sans--small\">\n<li>Material:\u00a0 Cristales de Swarovski y ba\u00f1o de rodio.<\/li>\n<\/ul>\n<\/div>\n<\/div>\n","protected":false},"featured_media":23089,"template":"","meta":{"_joinchat":[]},"product_brand":[1437],"product_cat":[1463,1465,1464,1470,1529,1482],"product_tag":[],"class_list":{"0":"post-23088","1":"product","2":"type-product","3":"status-publish","4":"has-post-thumbnail","6":"product_brand-swarovski","7":"product_cat-inicio","8":"product_cat-anillos","9":"product_cat-principal","10":"product_cat-swarovski","11":"product_cat-anillos-swarovski","12":"product_cat-rebajas","13":"pa_tallaanilloswarovski-1552","14":"sales-flash-overlay","15":"woocommerce-text-align-center","16":"woocommerce-image-align-center","17":"do-quantity-buttons","18":"wc-has-gallery","20":"first","21":"instock","22":"sale","23":"taxable","24":"shipping-taxable","25":"purchasable","26":"product-type-variable"},"yoast_head":"<!-- This site is optimized with the Yoast SEO Premium plugin v22.5 (Yoast SEO v26.5) - https:\/\/yoast.com\/wordpress\/plugins\/seo\/ -->\n<title>Anillo Swarovski, Eternal Flower - www.lubeljoyeria.com<\/title>\n<meta name=\"description\" content=\"Este divertido anillo floral, que cuenta con un llamativo cristal rosa en la parte central, est\u00e1 adornado con brillantes cristales.\" \/>\n<meta name=\"robots\" content=\"index, follow, max-snippet:-1, max-image-preview:large, max-video-preview:-1\" \/>\n<link rel=\"canonical\" href=\"https:\/\/lubeljoyeria.com\/producto\/anillo-eternal-flower\" \/>\n<meta property=\"og:locale\" content=\"es_ES\" \/>\n<meta property=\"og:type\" content=\"article\" \/>\n<meta property=\"og:title\" content=\"Anillo Swarovski, Eternal Flower\" \/>\n<meta property=\"og:description\" content=\"Este divertido anillo floral, que cuenta con un llamativo cristal rosa en la parte central, est\u00e1 adornado con brillantes cristales.\" \/>\n<meta property=\"og:url\" content=\"https:\/\/lubeljoyeria.com\/producto\/anillo-eternal-flower\" \/>\n<meta property=\"og:site_name\" content=\"Lubel joyeria. Joyeria en Plata . Distribuidor oficial de Swarovski. - Lubel\" \/>\n<meta property=\"article:modified_time\" content=\"2025-04-04T08:38:42+00:00\" \/>\n<meta property=\"og:image\" content=\"https:\/\/lubeljoyeria.com\/wp-content\/uploads\/2022\/08\/c0c73e62-3467-4063-981b-5d47cdb2ab90.jpg\" \/>\n\t<meta property=\"og:image:width\" content=\"1500\" \/>\n\t<meta property=\"og:image:height\" content=\"1500\" \/>\n\t<meta property=\"og:image:type\" content=\"image\/jpeg\" \/>\n<meta name=\"twitter:card\" content=\"summary_large_image\" \/>\n<meta name=\"twitter:label1\" content=\"Tiempo de lectura\" \/>\n\t<meta name=\"twitter:data1\" content=\"1 minuto\" \/>\n<script type=\"application\/ld+json\" class=\"yoast-schema-graph\">{\"@context\":\"https:\/\/schema.org\",\"@graph\":[{\"@type\":\"WebPage\",\"@id\":\"https:\/\/lubeljoyeria.com\/producto\/anillo-eternal-flower\",\"url\":\"https:\/\/lubeljoyeria.com\/producto\/anillo-eternal-flower\",\"name\":\"Anillo Swarovski, Eternal Flower - www.lubeljoyeria.com\",\"isPartOf\":{\"@id\":\"https:\/\/lubeljoyeria.com\/#website\"},\"primaryImageOfPage\":{\"@id\":\"https:\/\/lubeljoyeria.com\/producto\/anillo-eternal-flower#primaryimage\"},\"image\":{\"@id\":\"https:\/\/lubeljoyeria.com\/producto\/anillo-eternal-flower#primaryimage\"},\"thumbnailUrl\":\"https:\/\/lubeljoyeria.com\/wp-content\/uploads\/2022\/08\/c0c73e62-3467-4063-981b-5d47cdb2ab90.jpg\",\"datePublished\":\"2023-02-15T10:00:28+00:00\",\"dateModified\":\"2025-04-04T08:38:42+00:00\",\"description\":\"Este divertido anillo floral, que cuenta con un llamativo cristal rosa en la parte central, est\u00e1 adornado con brillantes cristales.\",\"breadcrumb\":{\"@id\":\"https:\/\/lubeljoyeria.com\/producto\/anillo-eternal-flower#breadcrumb\"},\"inLanguage\":\"es\",\"potentialAction\":[{\"@type\":\"ReadAction\",\"target\":[\"https:\/\/lubeljoyeria.com\/producto\/anillo-eternal-flower\"]}]},{\"@type\":\"ImageObject\",\"inLanguage\":\"es\",\"@id\":\"https:\/\/lubeljoyeria.com\/producto\/anillo-eternal-flower#primaryimage\",\"url\":\"https:\/\/lubeljoyeria.com\/wp-content\/uploads\/2022\/08\/c0c73e62-3467-4063-981b-5d47cdb2ab90.jpg\",\"contentUrl\":\"https:\/\/lubeljoyeria.com\/wp-content\/uploads\/2022\/08\/c0c73e62-3467-4063-981b-5d47cdb2ab90.jpg\",\"width\":1500,\"height\":1500,\"caption\":\"Este divertido anillo floral, que cuenta con un llamativo cristal rosa en la parte central. Est\u00e1 adornado con brillantes cristales transparentes y acabado con un ba\u00f1o de rodio. Un accesorio contempor\u00e1neo y atemporal, perfecto para cualquier momento del d\u00eda. www.lubeljoyeria.com\"},{\"@type\":\"BreadcrumbList\",\"@id\":\"https:\/\/lubeljoyeria.com\/producto\/anillo-eternal-flower#breadcrumb\",\"itemListElement\":[{\"@type\":\"ListItem\",\"position\":1,\"name\":\"Home\",\"item\":\"https:\/\/lubeljoyeria.com\/\"},{\"@type\":\"ListItem\",\"position\":2,\"name\":\"Tienda\",\"item\":\"https:\/\/lubeljoyeria.com\/?page_id=6\"},{\"@type\":\"ListItem\",\"position\":3,\"name\":\"Anillo Swarovski, Eternal Flower\"}]},{\"@type\":\"WebSite\",\"@id\":\"https:\/\/lubeljoyeria.com\/#website\",\"url\":\"https:\/\/lubeljoyeria.com\/\",\"name\":\"Lubel joyeria. Joyeria en Plata . Distribuidor oficial de Swarovski. - Lubel\",\"description\":\"Lubel joyeria. Joyeria en Plata . Distribuidor oficial de Swarovski. - Lubel\",\"publisher\":{\"@id\":\"https:\/\/lubeljoyeria.com\/#organization\"},\"potentialAction\":[{\"@type\":\"SearchAction\",\"target\":{\"@type\":\"EntryPoint\",\"urlTemplate\":\"https:\/\/lubeljoyeria.com\/?s={search_term_string}\"},\"query-input\":{\"@type\":\"PropertyValueSpecification\",\"valueRequired\":true,\"valueName\":\"search_term_string\"}}],\"inLanguage\":\"es\"},{\"@type\":\"Organization\",\"@id\":\"https:\/\/lubeljoyeria.com\/#organization\",\"name\":\"Lubel joyeria. Joyeria en Plata . Distribuidor oficial de Swarovski. - Lubel\",\"url\":\"https:\/\/lubeljoyeria.com\/\",\"logo\":{\"@type\":\"ImageObject\",\"inLanguage\":\"es\",\"@id\":\"https:\/\/lubeljoyeria.com\/#\/schema\/logo\/image\/\",\"url\":\"https:\/\/lubeljoyeria.com\/wp-content\/uploads\/2020\/10\/lubel-joyeria-logo-1543825573-1.png\",\"contentUrl\":\"https:\/\/lubeljoyeria.com\/wp-content\/uploads\/2020\/10\/lubel-joyeria-logo-1543825573-1.png\",\"width\":135,\"height\":31,\"caption\":\"Lubel joyeria. Joyeria en Plata . Distribuidor oficial de Swarovski. - Lubel\"},\"image\":{\"@id\":\"https:\/\/lubeljoyeria.com\/#\/schema\/logo\/image\/\"}}]}<\/script>\n<!-- \/ Yoast SEO Premium plugin. -->","yoast_head_json":{"title":"Anillo Swarovski, Eternal Flower - www.lubeljoyeria.com","description":"Este divertido anillo floral, que cuenta con un llamativo cristal rosa en la parte central, est\u00e1 adornado con brillantes cristales.","robots":{"index":"index","follow":"follow","max-snippet":"max-snippet:-1","max-image-preview":"max-image-preview:large","max-video-preview":"max-video-preview:-1"},"canonical":"https:\/\/lubeljoyeria.com\/producto\/anillo-eternal-flower","og_locale":"es_ES","og_type":"article","og_title":"Anillo Swarovski, Eternal Flower","og_description":"Este divertido anillo floral, que cuenta con un llamativo cristal rosa en la parte central, est\u00e1 adornado con brillantes cristales.","og_url":"https:\/\/lubeljoyeria.com\/producto\/anillo-eternal-flower","og_site_name":"Lubel joyeria. Joyeria en Plata . Distribuidor oficial de Swarovski. - Lubel","article_modified_time":"2025-04-04T08:38:42+00:00","og_image":[{"width":1500,"height":1500,"url":"https:\/\/lubeljoyeria.com\/wp-content\/uploads\/2022\/08\/c0c73e62-3467-4063-981b-5d47cdb2ab90.jpg","type":"image\/jpeg"}],"twitter_card":"summary_large_image","twitter_misc":{"Tiempo de lectura":"1 minuto"},"schema":{"@context":"https:\/\/schema.org","@graph":[{"@type":"WebPage","@id":"https:\/\/lubeljoyeria.com\/producto\/anillo-eternal-flower","url":"https:\/\/lubeljoyeria.com\/producto\/anillo-eternal-flower","name":"Anillo Swarovski, Eternal Flower - www.lubeljoyeria.com","isPartOf":{"@id":"https:\/\/lubeljoyeria.com\/#website"},"primaryImageOfPage":{"@id":"https:\/\/lubeljoyeria.com\/producto\/anillo-eternal-flower#primaryimage"},"image":{"@id":"https:\/\/lubeljoyeria.com\/producto\/anillo-eternal-flower#primaryimage"},"thumbnailUrl":"https:\/\/lubeljoyeria.com\/wp-content\/uploads\/2022\/08\/c0c73e62-3467-4063-981b-5d47cdb2ab90.jpg","datePublished":"2023-02-15T10:00:28+00:00","dateModified":"2025-04-04T08:38:42+00:00","description":"Este divertido anillo floral, que cuenta con un llamativo cristal rosa en la parte central, est\u00e1 adornado con brillantes cristales.","breadcrumb":{"@id":"https:\/\/lubeljoyeria.com\/producto\/anillo-eternal-flower#breadcrumb"},"inLanguage":"es","potentialAction":[{"@type":"ReadAction","target":["https:\/\/lubeljoyeria.com\/producto\/anillo-eternal-flower"]}]},{"@type":"ImageObject","inLanguage":"es","@id":"https:\/\/lubeljoyeria.com\/producto\/anillo-eternal-flower#primaryimage","url":"https:\/\/lubeljoyeria.com\/wp-content\/uploads\/2022\/08\/c0c73e62-3467-4063-981b-5d47cdb2ab90.jpg","contentUrl":"https:\/\/lubeljoyeria.com\/wp-content\/uploads\/2022\/08\/c0c73e62-3467-4063-981b-5d47cdb2ab90.jpg","width":1500,"height":1500,"caption":"Este divertido anillo floral, que cuenta con un llamativo cristal rosa en la parte central. Est\u00e1 adornado con brillantes cristales transparentes y acabado con un ba\u00f1o de rodio. Un accesorio contempor\u00e1neo y atemporal, perfecto para cualquier momento del d\u00eda. www.lubeljoyeria.com"},{"@type":"BreadcrumbList","@id":"https:\/\/lubeljoyeria.com\/producto\/anillo-eternal-flower#breadcrumb","itemListElement":[{"@type":"ListItem","position":1,"name":"Home","item":"https:\/\/lubeljoyeria.com\/"},{"@type":"ListItem","position":2,"name":"Tienda","item":"https:\/\/lubeljoyeria.com\/?page_id=6"},{"@type":"ListItem","position":3,"name":"Anillo Swarovski, Eternal Flower"}]},{"@type":"WebSite","@id":"https:\/\/lubeljoyeria.com\/#website","url":"https:\/\/lubeljoyeria.com\/","name":"Lubel joyeria. Joyeria en Plata . Distribuidor oficial de Swarovski. - Lubel","description":"Lubel joyeria. Joyeria en Plata . Distribuidor oficial de Swarovski. - Lubel","publisher":{"@id":"https:\/\/lubeljoyeria.com\/#organization"},"potentialAction":[{"@type":"SearchAction","target":{"@type":"EntryPoint","urlTemplate":"https:\/\/lubeljoyeria.com\/?s={search_term_string}"},"query-input":{"@type":"PropertyValueSpecification","valueRequired":true,"valueName":"search_term_string"}}],"inLanguage":"es"},{"@type":"Organization","@id":"https:\/\/lubeljoyeria.com\/#organization","name":"Lubel joyeria. Joyeria en Plata . Distribuidor oficial de Swarovski. - Lubel","url":"https:\/\/lubeljoyeria.com\/","logo":{"@type":"ImageObject","inLanguage":"es","@id":"https:\/\/lubeljoyeria.com\/#\/schema\/logo\/image\/","url":"https:\/\/lubeljoyeria.com\/wp-content\/uploads\/2020\/10\/lubel-joyeria-logo-1543825573-1.png","contentUrl":"https:\/\/lubeljoyeria.com\/wp-content\/uploads\/2020\/10\/lubel-joyeria-logo-1543825573-1.png","width":135,"height":31,"caption":"Lubel joyeria. Joyeria en Plata . Distribuidor oficial de Swarovski. - Lubel"},"image":{"@id":"https:\/\/lubeljoyeria.com\/#\/schema\/logo\/image\/"}}]}},"_links":{"self":[{"href":"https:\/\/lubeljoyeria.com\/index.php?rest_route=\/wp\/v2\/product\/23088","targetHints":{"allow":["GET"]}}],"collection":[{"href":"https:\/\/lubeljoyeria.com\/index.php?rest_route=\/wp\/v2\/product"}],"about":[{"href":"https:\/\/lubeljoyeria.com\/index.php?rest_route=\/wp\/v2\/types\/product"}],"wp:featuredmedia":[{"embeddable":true,"href":"https:\/\/lubeljoyeria.com\/index.php?rest_route=\/wp\/v2\/media\/23089"}],"wp:attachment":[{"href":"https:\/\/lubeljoyeria.com\/index.php?rest_route=%2Fwp%2Fv2%2Fmedia&parent=23088"}],"wp:term":[{"taxonomy":"product_brand","embeddable":true,"href":"https:\/\/lubeljoyeria.com\/index.php?rest_route=%2Fwp%2Fv2%2Fproduct_brand&post=23088"},{"taxonomy":"product_cat","embeddable":true,"href":"https:\/\/lubeljoyeria.com\/index.php?rest_route=%2Fwp%2Fv2%2Fproduct_cat&post=23088"},{"taxonomy":"product_tag","embeddable":true,"href":"https:\/\/lubeljoyeria.com\/index.php?rest_route=%2Fwp%2Fv2%2Fproduct_tag&post=23088"}],"curies":[{"name":"wp","href":"https:\/\/api.w.org\/{rel}","templated":true}]}}