{"id":22859,"date":"2024-02-01T00:00:53","date_gmt":"2024-02-01T00:00:53","guid":{"rendered":"https:\/\/lubeljoyeria.com\/?post_type=product&#038;p=22859"},"modified":"2026-04-11T17:26:30","modified_gmt":"2026-04-11T17:26:30","slug":"pendientes-swarovski-millenia-5","status":"publish","type":"product","link":"https:\/\/lubeljoyeria.com\/?product=pendientes-swarovski-millenia-5","title":{"rendered":"Pendientes Swarovski, Millenia amarillo"},"content":{"rendered":"<div class=\"swa-accessible-tab__description-first\">El oct\u00f3gono simboliza el infinito, lo que convierte a estos pendientes de bot\u00f3n Millenia en un impresionante ejemplo de estilo atemporal. Con sus vibrantes cristales verdes en un engaste ba\u00f1ado en oro, se convertir\u00e1n en tu complemento fundamental, un aut\u00e9ntico b\u00e1sico para incorporar a tu fondo de armario.<\/div>\n<div class=\"swa-accessible-tab__description-sec\">\n<ul id=\"product-details-classifications-ellipsis\" class=\"swa-product-details__drawer__specs swa-text-sans--small\">\n<li>Color:\u00a0 Verde<\/li>\n<li>Largo: 1.4 cm.<\/li>\n<li>Ancho: 1 cm.<\/li>\n<li>Material:\u00a0 Cristales de Swarovski y ba\u00f1o de oro<\/li>\n<\/ul>\n<\/div>\n","protected":false},"excerpt":{"rendered":"<div class=\"swa-accessible-tab__description-first\">El oct\u00f3gono simboliza el infinito, lo que convierte a estos pendientes de bot\u00f3n Millenia en un impresionante ejemplo de estilo atemporal. Con sus vibrantes cristales verdes en un engaste ba\u00f1ado en oro, se convertir\u00e1n en tu complemento fundamental, un aut\u00e9ntico b\u00e1sico para incorporar a tu fondo de armario.<\/div>\n<div class=\"swa-accessible-tab__description-sec\">\n<ul id=\"product-details-classifications-ellipsis\" class=\"swa-product-details__drawer__specs swa-text-sans--small\">\n<li>Color:\u00a0 Verde<\/li>\n<li>Largo: 1.4 cm.<\/li>\n<li>Ancho: 1 cm.<\/li>\n<li>Material:\u00a0 Cristales de Swarovski y ba\u00f1o de oro<\/li>\n<\/ul>\n<\/div>\n","protected":false},"featured_media":22860,"template":"","meta":{"_joinchat":[]},"product_brand":[1437],"product_cat":[1463,1464,1470,1512],"product_tag":[],"class_list":{"0":"post-22859","1":"product","2":"type-product","3":"status-publish","4":"has-post-thumbnail","6":"product_brand-swarovski","7":"product_cat-inicio","8":"product_cat-principal","9":"product_cat-swarovski","10":"product_cat-pendientes-swarovski","11":"sales-flash-overlay","12":"woocommerce-text-align-center","13":"woocommerce-image-align-center","14":"do-quantity-buttons","15":"wc-has-gallery","17":"first","18":"outofstock","19":"taxable","20":"shipping-taxable","21":"purchasable","22":"product-type-simple"},"yoast_head":"<!-- This site is optimized with the Yoast SEO Premium plugin v22.5 (Yoast SEO v26.5) - https:\/\/yoast.com\/wordpress\/plugins\/seo\/ -->\n<title>Pendientes Swarovski, Millenia amarillo pendientes swarovski millenia<\/title>\n<meta name=\"robots\" content=\"index, follow, max-snippet:-1, max-image-preview:large, max-video-preview:-1\" \/>\n<link rel=\"canonical\" href=\"https:\/\/lubeljoyeria.com\/?product=pendientes-swarovski-millenia-5\" \/>\n<meta property=\"og:locale\" content=\"es_ES\" \/>\n<meta property=\"og:type\" content=\"article\" \/>\n<meta property=\"og:title\" content=\"Pendientes Swarovski, Millenia amarillo\" \/>\n<meta property=\"og:description\" content=\"El oct\u00f3gono simboliza el infinito, lo que convierte a estos pendientes de bot\u00f3n Millenia en un impresionante ejemplo de estilo atemporal. Con sus vibrantes cristales verdes en un engaste ba\u00f1ado en oro, se convertir\u00e1n en tu complemento fundamental, un aut\u00e9ntico b\u00e1sico para incorporar a tu fondo de armario.    Color:\u00a0 Verde  Largo: 1.4 cm.  Ancho: 1 cm.  Material:\u00a0 Cristales de Swarovski y ba\u00f1o de oro\" \/>\n<meta property=\"og:url\" content=\"https:\/\/lubeljoyeria.com\/?product=pendientes-swarovski-millenia-5\" \/>\n<meta property=\"og:site_name\" content=\"Lubel joyeria. Joyeria en Plata . Distribuidor oficial de Swarovski. - Lubel\" \/>\n<meta property=\"article:modified_time\" content=\"2026-04-11T17:26:30+00:00\" \/>\n<meta property=\"og:image\" content=\"https:\/\/lubeljoyeria.com\/wp-content\/uploads\/2022\/06\/pensientes-millenia-1.jpg\" \/>\n\t<meta property=\"og:image:width\" content=\"1500\" \/>\n\t<meta property=\"og:image:height\" content=\"1500\" \/>\n\t<meta property=\"og:image:type\" content=\"image\/jpeg\" \/>\n<meta name=\"twitter:card\" content=\"summary_large_image\" \/>\n<meta name=\"twitter:label1\" content=\"Tiempo de lectura\" \/>\n\t<meta name=\"twitter:data1\" content=\"1 minuto\" \/>\n<script type=\"application\/ld+json\" class=\"yoast-schema-graph\">{\"@context\":\"https:\/\/schema.org\",\"@graph\":[{\"@type\":\"WebPage\",\"@id\":\"https:\/\/lubeljoyeria.com\/?product=pendientes-swarovski-millenia-5\",\"url\":\"https:\/\/lubeljoyeria.com\/?product=pendientes-swarovski-millenia-5\",\"name\":\"Pendientes Swarovski, Millenia amarillo pendientes swarovski millenia\",\"isPartOf\":{\"@id\":\"https:\/\/lubeljoyeria.com\/#website\"},\"primaryImageOfPage\":{\"@id\":\"https:\/\/lubeljoyeria.com\/?product=pendientes-swarovski-millenia-5#primaryimage\"},\"image\":{\"@id\":\"https:\/\/lubeljoyeria.com\/?product=pendientes-swarovski-millenia-5#primaryimage\"},\"thumbnailUrl\":\"https:\/\/lubeljoyeria.com\/wp-content\/uploads\/2022\/06\/pensientes-millenia-1.jpg\",\"datePublished\":\"2024-02-01T00:00:53+00:00\",\"dateModified\":\"2026-04-11T17:26:30+00:00\",\"breadcrumb\":{\"@id\":\"https:\/\/lubeljoyeria.com\/?product=pendientes-swarovski-millenia-5#breadcrumb\"},\"inLanguage\":\"es\",\"potentialAction\":[{\"@type\":\"ReadAction\",\"target\":[\"https:\/\/lubeljoyeria.com\/?product=pendientes-swarovski-millenia-5\"]}]},{\"@type\":\"ImageObject\",\"inLanguage\":\"es\",\"@id\":\"https:\/\/lubeljoyeria.com\/?product=pendientes-swarovski-millenia-5#primaryimage\",\"url\":\"https:\/\/lubeljoyeria.com\/wp-content\/uploads\/2022\/06\/pensientes-millenia-1.jpg\",\"contentUrl\":\"https:\/\/lubeljoyeria.com\/wp-content\/uploads\/2022\/06\/pensientes-millenia-1.jpg\",\"width\":1500,\"height\":1500,\"caption\":\"Pendientes Swarovski, Millenia amarillo\"},{\"@type\":\"BreadcrumbList\",\"@id\":\"https:\/\/lubeljoyeria.com\/?product=pendientes-swarovski-millenia-5#breadcrumb\",\"itemListElement\":[{\"@type\":\"ListItem\",\"position\":1,\"name\":\"Home\",\"item\":\"https:\/\/lubeljoyeria.com\/\"},{\"@type\":\"ListItem\",\"position\":2,\"name\":\"Tienda\",\"item\":\"https:\/\/lubeljoyeria.com\/?page_id=6\"},{\"@type\":\"ListItem\",\"position\":3,\"name\":\"Pendientes Swarovski, Millenia amarillo\"}]},{\"@type\":\"WebSite\",\"@id\":\"https:\/\/lubeljoyeria.com\/#website\",\"url\":\"https:\/\/lubeljoyeria.com\/\",\"name\":\"Lubel joyeria. Joyeria en Plata . Distribuidor oficial de Swarovski. - Lubel\",\"description\":\"Lubel joyeria. Joyeria en Plata . Distribuidor oficial de Swarovski. - Lubel\",\"publisher\":{\"@id\":\"https:\/\/lubeljoyeria.com\/#organization\"},\"potentialAction\":[{\"@type\":\"SearchAction\",\"target\":{\"@type\":\"EntryPoint\",\"urlTemplate\":\"https:\/\/lubeljoyeria.com\/?s={search_term_string}\"},\"query-input\":{\"@type\":\"PropertyValueSpecification\",\"valueRequired\":true,\"valueName\":\"search_term_string\"}}],\"inLanguage\":\"es\"},{\"@type\":\"Organization\",\"@id\":\"https:\/\/lubeljoyeria.com\/#organization\",\"name\":\"Lubel joyeria. Joyeria en Plata . Distribuidor oficial de Swarovski. - Lubel\",\"url\":\"https:\/\/lubeljoyeria.com\/\",\"logo\":{\"@type\":\"ImageObject\",\"inLanguage\":\"es\",\"@id\":\"https:\/\/lubeljoyeria.com\/#\/schema\/logo\/image\/\",\"url\":\"https:\/\/lubeljoyeria.com\/wp-content\/uploads\/2020\/10\/lubel-joyeria-logo-1543825573-1.png\",\"contentUrl\":\"https:\/\/lubeljoyeria.com\/wp-content\/uploads\/2020\/10\/lubel-joyeria-logo-1543825573-1.png\",\"width\":135,\"height\":31,\"caption\":\"Lubel joyeria. Joyeria en Plata . Distribuidor oficial de Swarovski. - Lubel\"},\"image\":{\"@id\":\"https:\/\/lubeljoyeria.com\/#\/schema\/logo\/image\/\"}}]}<\/script>\n<!-- \/ Yoast SEO Premium plugin. -->","yoast_head_json":{"title":"Pendientes Swarovski, Millenia amarillo pendientes swarovski millenia","robots":{"index":"index","follow":"follow","max-snippet":"max-snippet:-1","max-image-preview":"max-image-preview:large","max-video-preview":"max-video-preview:-1"},"canonical":"https:\/\/lubeljoyeria.com\/?product=pendientes-swarovski-millenia-5","og_locale":"es_ES","og_type":"article","og_title":"Pendientes Swarovski, Millenia amarillo","og_description":"El oct\u00f3gono simboliza el infinito, lo que convierte a estos pendientes de bot\u00f3n Millenia en un impresionante ejemplo de estilo atemporal. Con sus vibrantes cristales verdes en un engaste ba\u00f1ado en oro, se convertir\u00e1n en tu complemento fundamental, un aut\u00e9ntico b\u00e1sico para incorporar a tu fondo de armario.    Color:\u00a0 Verde  Largo: 1.4 cm.  Ancho: 1 cm.  Material:\u00a0 Cristales de Swarovski y ba\u00f1o de oro","og_url":"https:\/\/lubeljoyeria.com\/?product=pendientes-swarovski-millenia-5","og_site_name":"Lubel joyeria. Joyeria en Plata . Distribuidor oficial de Swarovski. - Lubel","article_modified_time":"2026-04-11T17:26:30+00:00","og_image":[{"width":1500,"height":1500,"url":"https:\/\/lubeljoyeria.com\/wp-content\/uploads\/2022\/06\/pensientes-millenia-1.jpg","type":"image\/jpeg"}],"twitter_card":"summary_large_image","twitter_misc":{"Tiempo de lectura":"1 minuto"},"schema":{"@context":"https:\/\/schema.org","@graph":[{"@type":"WebPage","@id":"https:\/\/lubeljoyeria.com\/?product=pendientes-swarovski-millenia-5","url":"https:\/\/lubeljoyeria.com\/?product=pendientes-swarovski-millenia-5","name":"Pendientes Swarovski, Millenia amarillo pendientes swarovski millenia","isPartOf":{"@id":"https:\/\/lubeljoyeria.com\/#website"},"primaryImageOfPage":{"@id":"https:\/\/lubeljoyeria.com\/?product=pendientes-swarovski-millenia-5#primaryimage"},"image":{"@id":"https:\/\/lubeljoyeria.com\/?product=pendientes-swarovski-millenia-5#primaryimage"},"thumbnailUrl":"https:\/\/lubeljoyeria.com\/wp-content\/uploads\/2022\/06\/pensientes-millenia-1.jpg","datePublished":"2024-02-01T00:00:53+00:00","dateModified":"2026-04-11T17:26:30+00:00","breadcrumb":{"@id":"https:\/\/lubeljoyeria.com\/?product=pendientes-swarovski-millenia-5#breadcrumb"},"inLanguage":"es","potentialAction":[{"@type":"ReadAction","target":["https:\/\/lubeljoyeria.com\/?product=pendientes-swarovski-millenia-5"]}]},{"@type":"ImageObject","inLanguage":"es","@id":"https:\/\/lubeljoyeria.com\/?product=pendientes-swarovski-millenia-5#primaryimage","url":"https:\/\/lubeljoyeria.com\/wp-content\/uploads\/2022\/06\/pensientes-millenia-1.jpg","contentUrl":"https:\/\/lubeljoyeria.com\/wp-content\/uploads\/2022\/06\/pensientes-millenia-1.jpg","width":1500,"height":1500,"caption":"Pendientes Swarovski, Millenia amarillo"},{"@type":"BreadcrumbList","@id":"https:\/\/lubeljoyeria.com\/?product=pendientes-swarovski-millenia-5#breadcrumb","itemListElement":[{"@type":"ListItem","position":1,"name":"Home","item":"https:\/\/lubeljoyeria.com\/"},{"@type":"ListItem","position":2,"name":"Tienda","item":"https:\/\/lubeljoyeria.com\/?page_id=6"},{"@type":"ListItem","position":3,"name":"Pendientes Swarovski, Millenia amarillo"}]},{"@type":"WebSite","@id":"https:\/\/lubeljoyeria.com\/#website","url":"https:\/\/lubeljoyeria.com\/","name":"Lubel joyeria. Joyeria en Plata . Distribuidor oficial de Swarovski. - Lubel","description":"Lubel joyeria. Joyeria en Plata . Distribuidor oficial de Swarovski. - Lubel","publisher":{"@id":"https:\/\/lubeljoyeria.com\/#organization"},"potentialAction":[{"@type":"SearchAction","target":{"@type":"EntryPoint","urlTemplate":"https:\/\/lubeljoyeria.com\/?s={search_term_string}"},"query-input":{"@type":"PropertyValueSpecification","valueRequired":true,"valueName":"search_term_string"}}],"inLanguage":"es"},{"@type":"Organization","@id":"https:\/\/lubeljoyeria.com\/#organization","name":"Lubel joyeria. Joyeria en Plata . Distribuidor oficial de Swarovski. - Lubel","url":"https:\/\/lubeljoyeria.com\/","logo":{"@type":"ImageObject","inLanguage":"es","@id":"https:\/\/lubeljoyeria.com\/#\/schema\/logo\/image\/","url":"https:\/\/lubeljoyeria.com\/wp-content\/uploads\/2020\/10\/lubel-joyeria-logo-1543825573-1.png","contentUrl":"https:\/\/lubeljoyeria.com\/wp-content\/uploads\/2020\/10\/lubel-joyeria-logo-1543825573-1.png","width":135,"height":31,"caption":"Lubel joyeria. Joyeria en Plata . Distribuidor oficial de Swarovski. - Lubel"},"image":{"@id":"https:\/\/lubeljoyeria.com\/#\/schema\/logo\/image\/"}}]}},"_links":{"self":[{"href":"https:\/\/lubeljoyeria.com\/index.php?rest_route=\/wp\/v2\/product\/22859","targetHints":{"allow":["GET"]}}],"collection":[{"href":"https:\/\/lubeljoyeria.com\/index.php?rest_route=\/wp\/v2\/product"}],"about":[{"href":"https:\/\/lubeljoyeria.com\/index.php?rest_route=\/wp\/v2\/types\/product"}],"wp:featuredmedia":[{"embeddable":true,"href":"https:\/\/lubeljoyeria.com\/index.php?rest_route=\/wp\/v2\/media\/22860"}],"wp:attachment":[{"href":"https:\/\/lubeljoyeria.com\/index.php?rest_route=%2Fwp%2Fv2%2Fmedia&parent=22859"}],"wp:term":[{"taxonomy":"product_brand","embeddable":true,"href":"https:\/\/lubeljoyeria.com\/index.php?rest_route=%2Fwp%2Fv2%2Fproduct_brand&post=22859"},{"taxonomy":"product_cat","embeddable":true,"href":"https:\/\/lubeljoyeria.com\/index.php?rest_route=%2Fwp%2Fv2%2Fproduct_cat&post=22859"},{"taxonomy":"product_tag","embeddable":true,"href":"https:\/\/lubeljoyeria.com\/index.php?rest_route=%2Fwp%2Fv2%2Fproduct_tag&post=22859"}],"curies":[{"name":"wp","href":"https:\/\/api.w.org\/{rel}","templated":true}]}}