{"id":22851,"date":"2022-06-13T17:29:30","date_gmt":"2022-06-13T17:29:30","guid":{"rendered":"https:\/\/lubeljoyeria.com\/?post_type=product&#038;p=22851"},"modified":"2025-11-29T18:50:04","modified_gmt":"2025-11-29T18:50:04","slug":"anillo-swarovski-millenia","status":"publish","type":"product","link":"https:\/\/lubeljoyeria.com\/?product=anillo-swarovski-millenia","title":{"rendered":"Anillo Swarovski, Millenia"},"content":{"rendered":"<div class=\"swa-accessible-tab__description-first\">Este excepcional anillo de c\u00f3ctel se convertir\u00e1 en tu nuevo favorito. Los dos cristales de talla octogonal en un energizante tono verde destacan en su banda de ba\u00f1o dorado, con un acabado impecable. L\u00facelo como pieza independiente o combinado con otros anillos de la familia Millenia para lograr un estilo m\u00e1s atrevido.<\/div>\n<div class=\"swa-accessible-tab__description-sec\">\n<ul id=\"product-details-classifications-ellipsis\" class=\"swa-product-details__drawer__specs swa-text-sans--small\">\n<li>Color:\u00a0 Verde<\/li>\n<li>Material:\u00a0 Cristales de Swarovski y ba\u00f1o de oro<\/li>\n<\/ul>\n<\/div>\n","protected":false},"excerpt":{"rendered":"<div class=\"swa-accessible-tab__description-first\">Este excepcional anillo de c\u00f3ctel se convertir\u00e1 en tu nuevo favorito. Los dos cristales de talla octogonal en un energizante tono verde destacan en su banda de ba\u00f1o dorado, con un acabado impecable. L\u00facelo como pieza independiente o combinado con otros anillos de la familia Millenia para lograr un estilo m\u00e1s atrevido.<\/div>\n<div class=\"swa-accessible-tab__description-sec\">\n<ul id=\"product-details-classifications-ellipsis\" class=\"swa-product-details__drawer__specs swa-text-sans--small\">\n<li>Color:\u00a0 Verde<\/li>\n<li>Material:\u00a0 Cristales de Swarovski y ba\u00f1o de oro<\/li>\n<\/ul>\n<\/div>\n","protected":false},"featured_media":22852,"template":"","meta":{"_joinchat":[]},"product_brand":[1437],"product_cat":[1464,1470,1529],"product_tag":[],"class_list":{"0":"post-22851","1":"product","2":"type-product","3":"status-publish","4":"has-post-thumbnail","6":"product_brand-swarovski","7":"product_cat-principal","8":"product_cat-swarovski","9":"product_cat-anillos-swarovski","10":"pa_tallaanilloswarovski-1552","11":"pa_tallaanilloswarovski-1553","12":"pa_tallaanilloswarovski-1554","13":"sales-flash-overlay","14":"woocommerce-text-align-center","15":"woocommerce-image-align-center","16":"do-quantity-buttons","17":"wc-has-gallery","19":"first","20":"outofstock","21":"taxable","22":"shipping-taxable","23":"purchasable","24":"product-type-variable"},"yoast_head":"<!-- This site is optimized with the Yoast SEO Premium plugin v22.5 (Yoast SEO v26.5) - https:\/\/yoast.com\/wordpress\/plugins\/seo\/ -->\n<title>Anillo Swarovski, Millenia - Distribuidor oficial Swarovski<\/title>\n<meta name=\"description\" content=\"Este anillo se convertir\u00e1 en tu nuevo favorito. Los dos cristales de talla octogonal tono verde destacan con un acabado impecable 5619630\" \/>\n<meta name=\"robots\" content=\"index, follow, max-snippet:-1, max-image-preview:large, max-video-preview:-1\" \/>\n<link rel=\"canonical\" href=\"https:\/\/lubeljoyeria.com\/?product=anillo-swarovski-millenia\" \/>\n<meta property=\"og:locale\" content=\"es_ES\" \/>\n<meta property=\"og:type\" content=\"article\" \/>\n<meta property=\"og:title\" content=\"Anillo Swarovski, Millenia\" \/>\n<meta property=\"og:description\" content=\"Este anillo se convertir\u00e1 en tu nuevo favorito. Los dos cristales de talla octogonal tono verde destacan con un acabado impecable 5619630\" \/>\n<meta property=\"og:url\" content=\"https:\/\/lubeljoyeria.com\/?product=anillo-swarovski-millenia\" \/>\n<meta property=\"og:site_name\" content=\"Lubel joyeria. Joyeria en Plata . Distribuidor oficial de Swarovski. - Lubel\" \/>\n<meta property=\"article:modified_time\" content=\"2025-11-29T18:50:04+00:00\" \/>\n<meta property=\"og:image\" content=\"https:\/\/lubeljoyeria.com\/wp-content\/uploads\/2022\/06\/verde2.jpg\" \/>\n\t<meta property=\"og:image:width\" content=\"700\" \/>\n\t<meta property=\"og:image:height\" content=\"700\" \/>\n\t<meta property=\"og:image:type\" content=\"image\/jpeg\" \/>\n<meta name=\"twitter:card\" content=\"summary_large_image\" \/>\n<meta name=\"twitter:label1\" content=\"Tiempo de lectura\" \/>\n\t<meta name=\"twitter:data1\" content=\"1 minuto\" \/>\n<script type=\"application\/ld+json\" class=\"yoast-schema-graph\">{\"@context\":\"https:\/\/schema.org\",\"@graph\":[{\"@type\":\"WebPage\",\"@id\":\"https:\/\/lubeljoyeria.com\/?product=anillo-swarovski-millenia\",\"url\":\"https:\/\/lubeljoyeria.com\/?product=anillo-swarovski-millenia\",\"name\":\"Anillo Swarovski, Millenia - Distribuidor oficial Swarovski\",\"isPartOf\":{\"@id\":\"https:\/\/lubeljoyeria.com\/#website\"},\"primaryImageOfPage\":{\"@id\":\"https:\/\/lubeljoyeria.com\/?product=anillo-swarovski-millenia#primaryimage\"},\"image\":{\"@id\":\"https:\/\/lubeljoyeria.com\/?product=anillo-swarovski-millenia#primaryimage\"},\"thumbnailUrl\":\"https:\/\/lubeljoyeria.com\/wp-content\/uploads\/2022\/06\/verde2.jpg\",\"datePublished\":\"2022-06-13T17:29:30+00:00\",\"dateModified\":\"2025-11-29T18:50:04+00:00\",\"description\":\"Este anillo se convertir\u00e1 en tu nuevo favorito. Los dos cristales de talla octogonal tono verde destacan con un acabado impecable 5619630\",\"breadcrumb\":{\"@id\":\"https:\/\/lubeljoyeria.com\/?product=anillo-swarovski-millenia#breadcrumb\"},\"inLanguage\":\"es\",\"potentialAction\":[{\"@type\":\"ReadAction\",\"target\":[\"https:\/\/lubeljoyeria.com\/?product=anillo-swarovski-millenia\"]}]},{\"@type\":\"ImageObject\",\"inLanguage\":\"es\",\"@id\":\"https:\/\/lubeljoyeria.com\/?product=anillo-swarovski-millenia#primaryimage\",\"url\":\"https:\/\/lubeljoyeria.com\/wp-content\/uploads\/2022\/06\/verde2.jpg\",\"contentUrl\":\"https:\/\/lubeljoyeria.com\/wp-content\/uploads\/2022\/06\/verde2.jpg\",\"width\":700,\"height\":700,\"caption\":\"Anillo Swarovski, Millenia\"},{\"@type\":\"BreadcrumbList\",\"@id\":\"https:\/\/lubeljoyeria.com\/?product=anillo-swarovski-millenia#breadcrumb\",\"itemListElement\":[{\"@type\":\"ListItem\",\"position\":1,\"name\":\"Home\",\"item\":\"https:\/\/lubeljoyeria.com\/\"},{\"@type\":\"ListItem\",\"position\":2,\"name\":\"Tienda\",\"item\":\"https:\/\/lubeljoyeria.com\/?page_id=6\"},{\"@type\":\"ListItem\",\"position\":3,\"name\":\"Anillo Swarovski, Millenia\"}]},{\"@type\":\"WebSite\",\"@id\":\"https:\/\/lubeljoyeria.com\/#website\",\"url\":\"https:\/\/lubeljoyeria.com\/\",\"name\":\"Lubel joyeria. Joyeria en Plata . Distribuidor oficial de Swarovski. - Lubel\",\"description\":\"Lubel joyeria. Joyeria en Plata . Distribuidor oficial de Swarovski. - Lubel\",\"publisher\":{\"@id\":\"https:\/\/lubeljoyeria.com\/#organization\"},\"potentialAction\":[{\"@type\":\"SearchAction\",\"target\":{\"@type\":\"EntryPoint\",\"urlTemplate\":\"https:\/\/lubeljoyeria.com\/?s={search_term_string}\"},\"query-input\":{\"@type\":\"PropertyValueSpecification\",\"valueRequired\":true,\"valueName\":\"search_term_string\"}}],\"inLanguage\":\"es\"},{\"@type\":\"Organization\",\"@id\":\"https:\/\/lubeljoyeria.com\/#organization\",\"name\":\"Lubel joyeria. Joyeria en Plata . Distribuidor oficial de Swarovski. - Lubel\",\"url\":\"https:\/\/lubeljoyeria.com\/\",\"logo\":{\"@type\":\"ImageObject\",\"inLanguage\":\"es\",\"@id\":\"https:\/\/lubeljoyeria.com\/#\/schema\/logo\/image\/\",\"url\":\"https:\/\/lubeljoyeria.com\/wp-content\/uploads\/2020\/10\/lubel-joyeria-logo-1543825573-1.png\",\"contentUrl\":\"https:\/\/lubeljoyeria.com\/wp-content\/uploads\/2020\/10\/lubel-joyeria-logo-1543825573-1.png\",\"width\":135,\"height\":31,\"caption\":\"Lubel joyeria. Joyeria en Plata . Distribuidor oficial de Swarovski. - Lubel\"},\"image\":{\"@id\":\"https:\/\/lubeljoyeria.com\/#\/schema\/logo\/image\/\"}}]}<\/script>\n<!-- \/ Yoast SEO Premium plugin. -->","yoast_head_json":{"title":"Anillo Swarovski, Millenia - Distribuidor oficial Swarovski","description":"Este anillo se convertir\u00e1 en tu nuevo favorito. Los dos cristales de talla octogonal tono verde destacan con un acabado impecable 5619630","robots":{"index":"index","follow":"follow","max-snippet":"max-snippet:-1","max-image-preview":"max-image-preview:large","max-video-preview":"max-video-preview:-1"},"canonical":"https:\/\/lubeljoyeria.com\/?product=anillo-swarovski-millenia","og_locale":"es_ES","og_type":"article","og_title":"Anillo Swarovski, Millenia","og_description":"Este anillo se convertir\u00e1 en tu nuevo favorito. Los dos cristales de talla octogonal tono verde destacan con un acabado impecable 5619630","og_url":"https:\/\/lubeljoyeria.com\/?product=anillo-swarovski-millenia","og_site_name":"Lubel joyeria. Joyeria en Plata . Distribuidor oficial de Swarovski. - Lubel","article_modified_time":"2025-11-29T18:50:04+00:00","og_image":[{"width":700,"height":700,"url":"https:\/\/lubeljoyeria.com\/wp-content\/uploads\/2022\/06\/verde2.jpg","type":"image\/jpeg"}],"twitter_card":"summary_large_image","twitter_misc":{"Tiempo de lectura":"1 minuto"},"schema":{"@context":"https:\/\/schema.org","@graph":[{"@type":"WebPage","@id":"https:\/\/lubeljoyeria.com\/?product=anillo-swarovski-millenia","url":"https:\/\/lubeljoyeria.com\/?product=anillo-swarovski-millenia","name":"Anillo Swarovski, Millenia - Distribuidor oficial Swarovski","isPartOf":{"@id":"https:\/\/lubeljoyeria.com\/#website"},"primaryImageOfPage":{"@id":"https:\/\/lubeljoyeria.com\/?product=anillo-swarovski-millenia#primaryimage"},"image":{"@id":"https:\/\/lubeljoyeria.com\/?product=anillo-swarovski-millenia#primaryimage"},"thumbnailUrl":"https:\/\/lubeljoyeria.com\/wp-content\/uploads\/2022\/06\/verde2.jpg","datePublished":"2022-06-13T17:29:30+00:00","dateModified":"2025-11-29T18:50:04+00:00","description":"Este anillo se convertir\u00e1 en tu nuevo favorito. Los dos cristales de talla octogonal tono verde destacan con un acabado impecable 5619630","breadcrumb":{"@id":"https:\/\/lubeljoyeria.com\/?product=anillo-swarovski-millenia#breadcrumb"},"inLanguage":"es","potentialAction":[{"@type":"ReadAction","target":["https:\/\/lubeljoyeria.com\/?product=anillo-swarovski-millenia"]}]},{"@type":"ImageObject","inLanguage":"es","@id":"https:\/\/lubeljoyeria.com\/?product=anillo-swarovski-millenia#primaryimage","url":"https:\/\/lubeljoyeria.com\/wp-content\/uploads\/2022\/06\/verde2.jpg","contentUrl":"https:\/\/lubeljoyeria.com\/wp-content\/uploads\/2022\/06\/verde2.jpg","width":700,"height":700,"caption":"Anillo Swarovski, Millenia"},{"@type":"BreadcrumbList","@id":"https:\/\/lubeljoyeria.com\/?product=anillo-swarovski-millenia#breadcrumb","itemListElement":[{"@type":"ListItem","position":1,"name":"Home","item":"https:\/\/lubeljoyeria.com\/"},{"@type":"ListItem","position":2,"name":"Tienda","item":"https:\/\/lubeljoyeria.com\/?page_id=6"},{"@type":"ListItem","position":3,"name":"Anillo Swarovski, Millenia"}]},{"@type":"WebSite","@id":"https:\/\/lubeljoyeria.com\/#website","url":"https:\/\/lubeljoyeria.com\/","name":"Lubel joyeria. Joyeria en Plata . Distribuidor oficial de Swarovski. - Lubel","description":"Lubel joyeria. Joyeria en Plata . Distribuidor oficial de Swarovski. - Lubel","publisher":{"@id":"https:\/\/lubeljoyeria.com\/#organization"},"potentialAction":[{"@type":"SearchAction","target":{"@type":"EntryPoint","urlTemplate":"https:\/\/lubeljoyeria.com\/?s={search_term_string}"},"query-input":{"@type":"PropertyValueSpecification","valueRequired":true,"valueName":"search_term_string"}}],"inLanguage":"es"},{"@type":"Organization","@id":"https:\/\/lubeljoyeria.com\/#organization","name":"Lubel joyeria. Joyeria en Plata . Distribuidor oficial de Swarovski. - Lubel","url":"https:\/\/lubeljoyeria.com\/","logo":{"@type":"ImageObject","inLanguage":"es","@id":"https:\/\/lubeljoyeria.com\/#\/schema\/logo\/image\/","url":"https:\/\/lubeljoyeria.com\/wp-content\/uploads\/2020\/10\/lubel-joyeria-logo-1543825573-1.png","contentUrl":"https:\/\/lubeljoyeria.com\/wp-content\/uploads\/2020\/10\/lubel-joyeria-logo-1543825573-1.png","width":135,"height":31,"caption":"Lubel joyeria. Joyeria en Plata . Distribuidor oficial de Swarovski. - Lubel"},"image":{"@id":"https:\/\/lubeljoyeria.com\/#\/schema\/logo\/image\/"}}]}},"_links":{"self":[{"href":"https:\/\/lubeljoyeria.com\/index.php?rest_route=\/wp\/v2\/product\/22851","targetHints":{"allow":["GET"]}}],"collection":[{"href":"https:\/\/lubeljoyeria.com\/index.php?rest_route=\/wp\/v2\/product"}],"about":[{"href":"https:\/\/lubeljoyeria.com\/index.php?rest_route=\/wp\/v2\/types\/product"}],"wp:featuredmedia":[{"embeddable":true,"href":"https:\/\/lubeljoyeria.com\/index.php?rest_route=\/wp\/v2\/media\/22852"}],"wp:attachment":[{"href":"https:\/\/lubeljoyeria.com\/index.php?rest_route=%2Fwp%2Fv2%2Fmedia&parent=22851"}],"wp:term":[{"taxonomy":"product_brand","embeddable":true,"href":"https:\/\/lubeljoyeria.com\/index.php?rest_route=%2Fwp%2Fv2%2Fproduct_brand&post=22851"},{"taxonomy":"product_cat","embeddable":true,"href":"https:\/\/lubeljoyeria.com\/index.php?rest_route=%2Fwp%2Fv2%2Fproduct_cat&post=22851"},{"taxonomy":"product_tag","embeddable":true,"href":"https:\/\/lubeljoyeria.com\/index.php?rest_route=%2Fwp%2Fv2%2Fproduct_tag&post=22851"}],"curies":[{"name":"wp","href":"https:\/\/api.w.org\/{rel}","templated":true}]}}