{"id":22754,"date":"2024-02-01T00:00:57","date_gmt":"2024-02-01T00:00:57","guid":{"rendered":"https:\/\/lubeljoyeria.com\/?post_type=product&#038;p=22754"},"modified":"2025-02-06T12:14:39","modified_gmt":"2025-02-06T12:14:39","slug":"pendientes-swarovski-millenia-rosa","status":"publish","type":"product","link":"https:\/\/lubeljoyeria.com\/?product=pendientes-swarovski-millenia-rosa","title":{"rendered":"Pendientes Swarovski, Millenia rosa"},"content":{"rendered":"<div class=\"swa-accessible-tab__description-first\">Elegantes y llamativos a la vez, estos pendientes ser\u00e1n tu nuevo accesorio favorito. Dise\u00f1ado con cristales de talla octogonal en un atractivo tono rosa, este par est\u00e1 acabado con un refinado engaste ba\u00f1ado en tono oro rosa. L\u00facelos con otras piezas de la familia Millenia para causar una gran sensaci\u00f3n.<\/div>\n<div class=\"swa-accessible-tab__description-sec\">\n<ul id=\"product-details-classifications-ellipsis\" class=\"swa-product-details__drawer__specs swa-text-sans--small\">\n<li>Color:\u00a0 Rosa<\/li>\n<li>Largo: 2.2 cm.<\/li>\n<li>Ancho: 1 cm.<\/li>\n<li>Material:\u00a0 Ba\u00f1o de oro rosa y cristales Swarovski.<\/li>\n<\/ul>\n<\/div>\n","protected":false},"excerpt":{"rendered":"<div class=\"swa-accessible-tab__description-first\">Elegantes y llamativos a la vez, estos pendientes ser\u00e1n tu nuevo accesorio favorito. Dise\u00f1ado con cristales de talla octogonal en un atractivo tono rosa, este par est\u00e1 acabado con un refinado engaste ba\u00f1ado en tono oro rosa. L\u00facelos con otras piezas de la familia Millenia para causar una gran sensaci\u00f3n.<\/div>\n<div class=\"swa-accessible-tab__description-sec\">\n<ul id=\"product-details-classifications-ellipsis\" class=\"swa-product-details__drawer__specs swa-text-sans--small\">\n<li>Color:\u00a0 Rosa<\/li>\n<li>Largo: 2.2 cm.<\/li>\n<li>Ancho: 1 cm.<\/li>\n<li>Material:\u00a0 Ba\u00f1o de oro rosa y cristales Swarovski.<\/li>\n<\/ul>\n<\/div>\n","protected":false},"featured_media":22756,"template":"","meta":{"_joinchat":[]},"product_brand":[1437],"product_cat":[1463,1464,1470,1512],"product_tag":[],"class_list":{"0":"post-22754","1":"product","2":"type-product","3":"status-publish","4":"has-post-thumbnail","6":"product_brand-swarovski","7":"product_cat-inicio","8":"product_cat-principal","9":"product_cat-swarovski","10":"product_cat-pendientes-swarovski","11":"sales-flash-overlay","12":"woocommerce-text-align-center","13":"woocommerce-image-align-center","14":"do-quantity-buttons","15":"wc-has-gallery","17":"first","18":"instock","19":"taxable","20":"shipping-taxable","21":"purchasable","22":"product-type-simple"},"yoast_head":"<!-- This site is optimized with the Yoast SEO Premium plugin v22.5 (Yoast SEO v26.5) - https:\/\/yoast.com\/wordpress\/plugins\/seo\/ -->\n<title>Pendientes Swarovski, Millenia rosa - Distribuidor oficial Swarovski<\/title>\n<meta name=\"description\" content=\"Elegantes y llamativos a la vez, estos pendientes ser\u00e1n tu nuevo accesorio favorito. Dise\u00f1ado con cristales de talla octogonal.\" \/>\n<meta name=\"robots\" content=\"index, follow, max-snippet:-1, max-image-preview:large, max-video-preview:-1\" \/>\n<link rel=\"canonical\" href=\"https:\/\/lubeljoyeria.com\/producto\/pendientes-swarovski-millenia-rosa\" \/>\n<meta property=\"og:locale\" content=\"es_ES\" \/>\n<meta property=\"og:type\" content=\"article\" \/>\n<meta property=\"og:title\" content=\"Pendientes Swarovski, Millenia rosa\" \/>\n<meta property=\"og:description\" content=\"Elegantes y llamativos a la vez, estos pendientes ser\u00e1n tu nuevo accesorio favorito. Dise\u00f1ado con cristales de talla octogonal.\" \/>\n<meta property=\"og:url\" content=\"https:\/\/lubeljoyeria.com\/producto\/pendientes-swarovski-millenia-rosa\" \/>\n<meta property=\"og:site_name\" content=\"Lubel joyeria. Joyeria en Plata . Distribuidor oficial de Swarovski. - Lubel\" \/>\n<meta property=\"article:modified_time\" content=\"2025-02-06T12:14:39+00:00\" \/>\n<meta property=\"og:image\" content=\"https:\/\/lubeljoyeria.com\/wp-content\/uploads\/2022\/04\/5619502_png.webp\" \/>\n\t<meta property=\"og:image:width\" content=\"700\" \/>\n\t<meta property=\"og:image:height\" content=\"700\" \/>\n\t<meta property=\"og:image:type\" content=\"image\/webp\" \/>\n<meta name=\"twitter:card\" content=\"summary_large_image\" \/>\n<meta name=\"twitter:label1\" content=\"Tiempo de lectura\" \/>\n\t<meta name=\"twitter:data1\" content=\"1 minuto\" \/>\n<script type=\"application\/ld+json\" class=\"yoast-schema-graph\">{\"@context\":\"https:\/\/schema.org\",\"@graph\":[{\"@type\":\"WebPage\",\"@id\":\"https:\/\/lubeljoyeria.com\/producto\/pendientes-swarovski-millenia-rosa\",\"url\":\"https:\/\/lubeljoyeria.com\/producto\/pendientes-swarovski-millenia-rosa\",\"name\":\"Pendientes Swarovski, Millenia rosa - Distribuidor oficial Swarovski\",\"isPartOf\":{\"@id\":\"https:\/\/lubeljoyeria.com\/#website\"},\"primaryImageOfPage\":{\"@id\":\"https:\/\/lubeljoyeria.com\/producto\/pendientes-swarovski-millenia-rosa#primaryimage\"},\"image\":{\"@id\":\"https:\/\/lubeljoyeria.com\/producto\/pendientes-swarovski-millenia-rosa#primaryimage\"},\"thumbnailUrl\":\"https:\/\/lubeljoyeria.com\/wp-content\/uploads\/2022\/04\/5619502_png.webp\",\"datePublished\":\"2024-02-01T00:00:57+00:00\",\"dateModified\":\"2025-02-06T12:14:39+00:00\",\"description\":\"Elegantes y llamativos a la vez, estos pendientes ser\u00e1n tu nuevo accesorio favorito. Dise\u00f1ado con cristales de talla octogonal.\",\"breadcrumb\":{\"@id\":\"https:\/\/lubeljoyeria.com\/producto\/pendientes-swarovski-millenia-rosa#breadcrumb\"},\"inLanguage\":\"es\",\"potentialAction\":[{\"@type\":\"ReadAction\",\"target\":[\"https:\/\/lubeljoyeria.com\/producto\/pendientes-swarovski-millenia-rosa\"]}]},{\"@type\":\"ImageObject\",\"inLanguage\":\"es\",\"@id\":\"https:\/\/lubeljoyeria.com\/producto\/pendientes-swarovski-millenia-rosa#primaryimage\",\"url\":\"https:\/\/lubeljoyeria.com\/wp-content\/uploads\/2022\/04\/5619502_png.webp\",\"contentUrl\":\"https:\/\/lubeljoyeria.com\/wp-content\/uploads\/2022\/04\/5619502_png.webp\",\"width\":700,\"height\":700,\"caption\":\"Elegantes y llamativos a la vez, estos pendientes ser\u00e1n tu nuevo accesorio favorito. Dise\u00f1ado con cristales de talla octogonal en un atractivo tono rosa, este par est\u00e1 acabado con un refinado engaste ba\u00f1ado en tono oro rosa. L\u00facelos con otras piezas de la familia Millenia para causar una gran sensaci\u00f3n. Color:\u00a0 Rosa Largo: 2.2 cm. Ancho: 1 cm. Material:\u00a0 Ba\u00f1o de oro rosa y cristales Swarovski.\"},{\"@type\":\"BreadcrumbList\",\"@id\":\"https:\/\/lubeljoyeria.com\/producto\/pendientes-swarovski-millenia-rosa#breadcrumb\",\"itemListElement\":[{\"@type\":\"ListItem\",\"position\":1,\"name\":\"Home\",\"item\":\"https:\/\/lubeljoyeria.com\/\"},{\"@type\":\"ListItem\",\"position\":2,\"name\":\"Tienda\",\"item\":\"https:\/\/lubeljoyeria.com\/?page_id=6\"},{\"@type\":\"ListItem\",\"position\":3,\"name\":\"Pendientes Swarovski, Millenia rosa\"}]},{\"@type\":\"WebSite\",\"@id\":\"https:\/\/lubeljoyeria.com\/#website\",\"url\":\"https:\/\/lubeljoyeria.com\/\",\"name\":\"Lubel joyeria. Joyeria en Plata . Distribuidor oficial de Swarovski. - Lubel\",\"description\":\"Lubel joyeria. Joyeria en Plata . Distribuidor oficial de Swarovski. - Lubel\",\"publisher\":{\"@id\":\"https:\/\/lubeljoyeria.com\/#organization\"},\"potentialAction\":[{\"@type\":\"SearchAction\",\"target\":{\"@type\":\"EntryPoint\",\"urlTemplate\":\"https:\/\/lubeljoyeria.com\/?s={search_term_string}\"},\"query-input\":{\"@type\":\"PropertyValueSpecification\",\"valueRequired\":true,\"valueName\":\"search_term_string\"}}],\"inLanguage\":\"es\"},{\"@type\":\"Organization\",\"@id\":\"https:\/\/lubeljoyeria.com\/#organization\",\"name\":\"Lubel joyeria. Joyeria en Plata . Distribuidor oficial de Swarovski. - Lubel\",\"url\":\"https:\/\/lubeljoyeria.com\/\",\"logo\":{\"@type\":\"ImageObject\",\"inLanguage\":\"es\",\"@id\":\"https:\/\/lubeljoyeria.com\/#\/schema\/logo\/image\/\",\"url\":\"https:\/\/lubeljoyeria.com\/wp-content\/uploads\/2020\/10\/lubel-joyeria-logo-1543825573-1.png\",\"contentUrl\":\"https:\/\/lubeljoyeria.com\/wp-content\/uploads\/2020\/10\/lubel-joyeria-logo-1543825573-1.png\",\"width\":135,\"height\":31,\"caption\":\"Lubel joyeria. Joyeria en Plata . Distribuidor oficial de Swarovski. - Lubel\"},\"image\":{\"@id\":\"https:\/\/lubeljoyeria.com\/#\/schema\/logo\/image\/\"}}]}<\/script>\n<!-- \/ Yoast SEO Premium plugin. -->","yoast_head_json":{"title":"Pendientes Swarovski, Millenia rosa - Distribuidor oficial Swarovski","description":"Elegantes y llamativos a la vez, estos pendientes ser\u00e1n tu nuevo accesorio favorito. Dise\u00f1ado con cristales de talla octogonal.","robots":{"index":"index","follow":"follow","max-snippet":"max-snippet:-1","max-image-preview":"max-image-preview:large","max-video-preview":"max-video-preview:-1"},"canonical":"https:\/\/lubeljoyeria.com\/producto\/pendientes-swarovski-millenia-rosa","og_locale":"es_ES","og_type":"article","og_title":"Pendientes Swarovski, Millenia rosa","og_description":"Elegantes y llamativos a la vez, estos pendientes ser\u00e1n tu nuevo accesorio favorito. Dise\u00f1ado con cristales de talla octogonal.","og_url":"https:\/\/lubeljoyeria.com\/producto\/pendientes-swarovski-millenia-rosa","og_site_name":"Lubel joyeria. Joyeria en Plata . Distribuidor oficial de Swarovski. - Lubel","article_modified_time":"2025-02-06T12:14:39+00:00","og_image":[{"width":700,"height":700,"url":"https:\/\/lubeljoyeria.com\/wp-content\/uploads\/2022\/04\/5619502_png.webp","type":"image\/webp"}],"twitter_card":"summary_large_image","twitter_misc":{"Tiempo de lectura":"1 minuto"},"schema":{"@context":"https:\/\/schema.org","@graph":[{"@type":"WebPage","@id":"https:\/\/lubeljoyeria.com\/producto\/pendientes-swarovski-millenia-rosa","url":"https:\/\/lubeljoyeria.com\/producto\/pendientes-swarovski-millenia-rosa","name":"Pendientes Swarovski, Millenia rosa - Distribuidor oficial Swarovski","isPartOf":{"@id":"https:\/\/lubeljoyeria.com\/#website"},"primaryImageOfPage":{"@id":"https:\/\/lubeljoyeria.com\/producto\/pendientes-swarovski-millenia-rosa#primaryimage"},"image":{"@id":"https:\/\/lubeljoyeria.com\/producto\/pendientes-swarovski-millenia-rosa#primaryimage"},"thumbnailUrl":"https:\/\/lubeljoyeria.com\/wp-content\/uploads\/2022\/04\/5619502_png.webp","datePublished":"2024-02-01T00:00:57+00:00","dateModified":"2025-02-06T12:14:39+00:00","description":"Elegantes y llamativos a la vez, estos pendientes ser\u00e1n tu nuevo accesorio favorito. Dise\u00f1ado con cristales de talla octogonal.","breadcrumb":{"@id":"https:\/\/lubeljoyeria.com\/producto\/pendientes-swarovski-millenia-rosa#breadcrumb"},"inLanguage":"es","potentialAction":[{"@type":"ReadAction","target":["https:\/\/lubeljoyeria.com\/producto\/pendientes-swarovski-millenia-rosa"]}]},{"@type":"ImageObject","inLanguage":"es","@id":"https:\/\/lubeljoyeria.com\/producto\/pendientes-swarovski-millenia-rosa#primaryimage","url":"https:\/\/lubeljoyeria.com\/wp-content\/uploads\/2022\/04\/5619502_png.webp","contentUrl":"https:\/\/lubeljoyeria.com\/wp-content\/uploads\/2022\/04\/5619502_png.webp","width":700,"height":700,"caption":"Elegantes y llamativos a la vez, estos pendientes ser\u00e1n tu nuevo accesorio favorito. Dise\u00f1ado con cristales de talla octogonal en un atractivo tono rosa, este par est\u00e1 acabado con un refinado engaste ba\u00f1ado en tono oro rosa. L\u00facelos con otras piezas de la familia Millenia para causar una gran sensaci\u00f3n. Color:\u00a0 Rosa Largo: 2.2 cm. Ancho: 1 cm. Material:\u00a0 Ba\u00f1o de oro rosa y cristales Swarovski."},{"@type":"BreadcrumbList","@id":"https:\/\/lubeljoyeria.com\/producto\/pendientes-swarovski-millenia-rosa#breadcrumb","itemListElement":[{"@type":"ListItem","position":1,"name":"Home","item":"https:\/\/lubeljoyeria.com\/"},{"@type":"ListItem","position":2,"name":"Tienda","item":"https:\/\/lubeljoyeria.com\/?page_id=6"},{"@type":"ListItem","position":3,"name":"Pendientes Swarovski, Millenia rosa"}]},{"@type":"WebSite","@id":"https:\/\/lubeljoyeria.com\/#website","url":"https:\/\/lubeljoyeria.com\/","name":"Lubel joyeria. Joyeria en Plata . Distribuidor oficial de Swarovski. - Lubel","description":"Lubel joyeria. Joyeria en Plata . Distribuidor oficial de Swarovski. - Lubel","publisher":{"@id":"https:\/\/lubeljoyeria.com\/#organization"},"potentialAction":[{"@type":"SearchAction","target":{"@type":"EntryPoint","urlTemplate":"https:\/\/lubeljoyeria.com\/?s={search_term_string}"},"query-input":{"@type":"PropertyValueSpecification","valueRequired":true,"valueName":"search_term_string"}}],"inLanguage":"es"},{"@type":"Organization","@id":"https:\/\/lubeljoyeria.com\/#organization","name":"Lubel joyeria. Joyeria en Plata . Distribuidor oficial de Swarovski. - Lubel","url":"https:\/\/lubeljoyeria.com\/","logo":{"@type":"ImageObject","inLanguage":"es","@id":"https:\/\/lubeljoyeria.com\/#\/schema\/logo\/image\/","url":"https:\/\/lubeljoyeria.com\/wp-content\/uploads\/2020\/10\/lubel-joyeria-logo-1543825573-1.png","contentUrl":"https:\/\/lubeljoyeria.com\/wp-content\/uploads\/2020\/10\/lubel-joyeria-logo-1543825573-1.png","width":135,"height":31,"caption":"Lubel joyeria. Joyeria en Plata . Distribuidor oficial de Swarovski. - Lubel"},"image":{"@id":"https:\/\/lubeljoyeria.com\/#\/schema\/logo\/image\/"}}]}},"_links":{"self":[{"href":"https:\/\/lubeljoyeria.com\/index.php?rest_route=\/wp\/v2\/product\/22754","targetHints":{"allow":["GET"]}}],"collection":[{"href":"https:\/\/lubeljoyeria.com\/index.php?rest_route=\/wp\/v2\/product"}],"about":[{"href":"https:\/\/lubeljoyeria.com\/index.php?rest_route=\/wp\/v2\/types\/product"}],"wp:featuredmedia":[{"embeddable":true,"href":"https:\/\/lubeljoyeria.com\/index.php?rest_route=\/wp\/v2\/media\/22756"}],"wp:attachment":[{"href":"https:\/\/lubeljoyeria.com\/index.php?rest_route=%2Fwp%2Fv2%2Fmedia&parent=22754"}],"wp:term":[{"taxonomy":"product_brand","embeddable":true,"href":"https:\/\/lubeljoyeria.com\/index.php?rest_route=%2Fwp%2Fv2%2Fproduct_brand&post=22754"},{"taxonomy":"product_cat","embeddable":true,"href":"https:\/\/lubeljoyeria.com\/index.php?rest_route=%2Fwp%2Fv2%2Fproduct_cat&post=22754"},{"taxonomy":"product_tag","embeddable":true,"href":"https:\/\/lubeljoyeria.com\/index.php?rest_route=%2Fwp%2Fv2%2Fproduct_tag&post=22754"}],"curies":[{"name":"wp","href":"https:\/\/api.w.org\/{rel}","templated":true}]}}