{"id":22273,"date":"2022-01-18T10:21:17","date_gmt":"2022-01-18T10:21:17","guid":{"rendered":"https:\/\/lubeljoyeria.com\/?post_type=product&#038;p=22273"},"modified":"2025-01-22T16:45:17","modified_gmt":"2025-01-22T16:45:17","slug":"anillo-videl","status":"publish","type":"product","link":"https:\/\/lubeljoyeria.com\/?product=anillo-videl","title":{"rendered":"Anillo Videl"},"content":{"rendered":"<p><em>Back to basics.<\/em> Su forma original y sofisticada convierte el anillo <em>Videl<\/em> en una joya \u00fanica. Esta pieza en forma de linea de la vida aportar\u00e1 un toque de versatilidad y sencillez a todas tus combinaciones de anillos. Una joya con mucha magia, ideal para acompa\u00f1arte en tu d\u00eda a d\u00eda.<\/p>\n<p>Fabricado en Plata de 1\u00aa Ley 925 con un ba\u00f1o de rodio o de oro 18k.<\/p>\n","protected":false},"excerpt":{"rendered":"<p><em>Back to basics.<\/em> Su forma original y sofisticada convierte el anillo <em>Videl<\/em> en una joya \u00fanica. Esta pieza en forma de linea de la vida aportar\u00e1 un toque de versatilidad y sencillez a todas tus combinaciones de anillos. Una joya con mucha magia, ideal para acompa\u00f1arte en tu d\u00eda a d\u00eda.<\/p>\n<p>Fabricado en Plata de 1\u00aa Ley 925 con un ba\u00f1o de rodio o de oro 18k.<\/p>\n","protected":false},"featured_media":22283,"template":"","meta":{"_joinchat":[]},"product_brand":[1438],"product_cat":[1463,1464,1473,1518],"product_tag":[],"class_list":{"0":"post-22273","1":"product","2":"type-product","3":"status-publish","4":"has-post-thumbnail","6":"product_brand-joyeria-en-plata","7":"product_cat-inicio","8":"product_cat-principal","9":"product_cat-joyeria-en-plata","10":"product_cat-anillos-joyeria-en-plata","11":"pa_acabadoscolganteharu-plata","12":"pa_acabadoscolganteharu-banooro","13":"pa_tallaanillomedidortatum-1632","14":"pa_tallaanillomedidortatum-1539","15":"pa_tallaanillomedidortatum-1540","16":"pa_tallaanillomedidortatum-1541","17":"pa_tallaanillomedidortatum-1543","18":"pa_tallaanillomedidortatum-1545","19":"pa_tallaanillomedidortatum-1547","20":"sales-flash-overlay","21":"woocommerce-text-align-center","22":"woocommerce-image-align-center","23":"do-quantity-buttons","24":"wc-has-gallery","26":"first","27":"instock","28":"taxable","29":"shipping-taxable","30":"purchasable","31":"product-type-variable"},"yoast_head":"<!-- This site is optimized with the Yoast SEO Premium plugin v22.5 (Yoast SEO v26.5) - https:\/\/yoast.com\/wordpress\/plugins\/seo\/ -->\n<title>Anillo Videl - Lubeljoyeria.com - Plata de 1\u00aa Ley 925<\/title>\n<meta name=\"description\" content=\"Back to basics. Su forma original y sofisticada convierte el anillo Videl en una joya \u00fanica. Esta pieza en forma de linea de la vida.\" \/>\n<meta name=\"robots\" content=\"index, follow, max-snippet:-1, max-image-preview:large, max-video-preview:-1\" \/>\n<link rel=\"canonical\" href=\"https:\/\/lubeljoyeria.com\/producto\/anillo-videl\" \/>\n<meta property=\"og:locale\" content=\"es_ES\" \/>\n<meta property=\"og:type\" content=\"article\" \/>\n<meta property=\"og:title\" content=\"Anillo Videl\" \/>\n<meta property=\"og:description\" content=\"Back to basics. Su forma original y sofisticada convierte el anillo Videl en una joya \u00fanica. Esta pieza en forma de linea de la vida.\" \/>\n<meta property=\"og:url\" content=\"https:\/\/lubeljoyeria.com\/producto\/anillo-videl\" \/>\n<meta property=\"og:site_name\" content=\"Lubel joyeria. Joyeria en Plata . Distribuidor oficial de Swarovski. - Lubel\" \/>\n<meta property=\"article:modified_time\" content=\"2025-01-22T16:45:17+00:00\" \/>\n<meta property=\"og:image\" content=\"https:\/\/lubeljoyeria.com\/wp-content\/uploads\/2022\/01\/AN00008_1.jpg\" \/>\n\t<meta property=\"og:image:width\" content=\"734\" \/>\n\t<meta property=\"og:image:height\" content=\"800\" \/>\n\t<meta property=\"og:image:type\" content=\"image\/jpeg\" \/>\n<meta name=\"twitter:card\" content=\"summary_large_image\" \/>\n<meta name=\"twitter:label1\" content=\"Tiempo de lectura\" \/>\n\t<meta name=\"twitter:data1\" content=\"1 minuto\" \/>\n<script type=\"application\/ld+json\" class=\"yoast-schema-graph\">{\"@context\":\"https:\/\/schema.org\",\"@graph\":[{\"@type\":\"WebPage\",\"@id\":\"https:\/\/lubeljoyeria.com\/producto\/anillo-videl\",\"url\":\"https:\/\/lubeljoyeria.com\/producto\/anillo-videl\",\"name\":\"Anillo Videl - Lubeljoyeria.com - Plata de 1\u00aa Ley 925\",\"isPartOf\":{\"@id\":\"https:\/\/lubeljoyeria.com\/#website\"},\"primaryImageOfPage\":{\"@id\":\"https:\/\/lubeljoyeria.com\/producto\/anillo-videl#primaryimage\"},\"image\":{\"@id\":\"https:\/\/lubeljoyeria.com\/producto\/anillo-videl#primaryimage\"},\"thumbnailUrl\":\"https:\/\/lubeljoyeria.com\/wp-content\/uploads\/2022\/01\/AN00008_1.jpg\",\"datePublished\":\"2022-01-18T10:21:17+00:00\",\"dateModified\":\"2025-01-22T16:45:17+00:00\",\"description\":\"Back to basics. Su forma original y sofisticada convierte el anillo Videl en una joya \u00fanica. Esta pieza en forma de linea de la vida.\",\"breadcrumb\":{\"@id\":\"https:\/\/lubeljoyeria.com\/producto\/anillo-videl#breadcrumb\"},\"inLanguage\":\"es\",\"potentialAction\":[{\"@type\":\"ReadAction\",\"target\":[\"https:\/\/lubeljoyeria.com\/producto\/anillo-videl\"]}]},{\"@type\":\"ImageObject\",\"inLanguage\":\"es\",\"@id\":\"https:\/\/lubeljoyeria.com\/producto\/anillo-videl#primaryimage\",\"url\":\"https:\/\/lubeljoyeria.com\/wp-content\/uploads\/2022\/01\/AN00008_1.jpg\",\"contentUrl\":\"https:\/\/lubeljoyeria.com\/wp-content\/uploads\/2022\/01\/AN00008_1.jpg\",\"width\":734,\"height\":800,\"caption\":\"Perfecto anillo de la linea de la vida. Fabricado en Plata de 1\u00aa Ley 925 con ba\u00f1o de rodio o de oro 18k.\"},{\"@type\":\"BreadcrumbList\",\"@id\":\"https:\/\/lubeljoyeria.com\/producto\/anillo-videl#breadcrumb\",\"itemListElement\":[{\"@type\":\"ListItem\",\"position\":1,\"name\":\"Home\",\"item\":\"https:\/\/lubeljoyeria.com\/\"},{\"@type\":\"ListItem\",\"position\":2,\"name\":\"Tienda\",\"item\":\"https:\/\/lubeljoyeria.com\/?page_id=6\"},{\"@type\":\"ListItem\",\"position\":3,\"name\":\"Anillo Videl\"}]},{\"@type\":\"WebSite\",\"@id\":\"https:\/\/lubeljoyeria.com\/#website\",\"url\":\"https:\/\/lubeljoyeria.com\/\",\"name\":\"Lubel joyeria. Joyeria en Plata . Distribuidor oficial de Swarovski. - Lubel\",\"description\":\"Lubel joyeria. Joyeria en Plata . Distribuidor oficial de Swarovski. - Lubel\",\"publisher\":{\"@id\":\"https:\/\/lubeljoyeria.com\/#organization\"},\"potentialAction\":[{\"@type\":\"SearchAction\",\"target\":{\"@type\":\"EntryPoint\",\"urlTemplate\":\"https:\/\/lubeljoyeria.com\/?s={search_term_string}\"},\"query-input\":{\"@type\":\"PropertyValueSpecification\",\"valueRequired\":true,\"valueName\":\"search_term_string\"}}],\"inLanguage\":\"es\"},{\"@type\":\"Organization\",\"@id\":\"https:\/\/lubeljoyeria.com\/#organization\",\"name\":\"Lubel joyeria. Joyeria en Plata . Distribuidor oficial de Swarovski. - Lubel\",\"url\":\"https:\/\/lubeljoyeria.com\/\",\"logo\":{\"@type\":\"ImageObject\",\"inLanguage\":\"es\",\"@id\":\"https:\/\/lubeljoyeria.com\/#\/schema\/logo\/image\/\",\"url\":\"https:\/\/lubeljoyeria.com\/wp-content\/uploads\/2020\/10\/lubel-joyeria-logo-1543825573-1.png\",\"contentUrl\":\"https:\/\/lubeljoyeria.com\/wp-content\/uploads\/2020\/10\/lubel-joyeria-logo-1543825573-1.png\",\"width\":135,\"height\":31,\"caption\":\"Lubel joyeria. Joyeria en Plata . Distribuidor oficial de Swarovski. - Lubel\"},\"image\":{\"@id\":\"https:\/\/lubeljoyeria.com\/#\/schema\/logo\/image\/\"}}]}<\/script>\n<!-- \/ Yoast SEO Premium plugin. -->","yoast_head_json":{"title":"Anillo Videl - Lubeljoyeria.com - Plata de 1\u00aa Ley 925","description":"Back to basics. Su forma original y sofisticada convierte el anillo Videl en una joya \u00fanica. Esta pieza en forma de linea de la vida.","robots":{"index":"index","follow":"follow","max-snippet":"max-snippet:-1","max-image-preview":"max-image-preview:large","max-video-preview":"max-video-preview:-1"},"canonical":"https:\/\/lubeljoyeria.com\/producto\/anillo-videl","og_locale":"es_ES","og_type":"article","og_title":"Anillo Videl","og_description":"Back to basics. Su forma original y sofisticada convierte el anillo Videl en una joya \u00fanica. Esta pieza en forma de linea de la vida.","og_url":"https:\/\/lubeljoyeria.com\/producto\/anillo-videl","og_site_name":"Lubel joyeria. Joyeria en Plata . Distribuidor oficial de Swarovski. - Lubel","article_modified_time":"2025-01-22T16:45:17+00:00","og_image":[{"width":734,"height":800,"url":"https:\/\/lubeljoyeria.com\/wp-content\/uploads\/2022\/01\/AN00008_1.jpg","type":"image\/jpeg"}],"twitter_card":"summary_large_image","twitter_misc":{"Tiempo de lectura":"1 minuto"},"schema":{"@context":"https:\/\/schema.org","@graph":[{"@type":"WebPage","@id":"https:\/\/lubeljoyeria.com\/producto\/anillo-videl","url":"https:\/\/lubeljoyeria.com\/producto\/anillo-videl","name":"Anillo Videl - Lubeljoyeria.com - Plata de 1\u00aa Ley 925","isPartOf":{"@id":"https:\/\/lubeljoyeria.com\/#website"},"primaryImageOfPage":{"@id":"https:\/\/lubeljoyeria.com\/producto\/anillo-videl#primaryimage"},"image":{"@id":"https:\/\/lubeljoyeria.com\/producto\/anillo-videl#primaryimage"},"thumbnailUrl":"https:\/\/lubeljoyeria.com\/wp-content\/uploads\/2022\/01\/AN00008_1.jpg","datePublished":"2022-01-18T10:21:17+00:00","dateModified":"2025-01-22T16:45:17+00:00","description":"Back to basics. Su forma original y sofisticada convierte el anillo Videl en una joya \u00fanica. Esta pieza en forma de linea de la vida.","breadcrumb":{"@id":"https:\/\/lubeljoyeria.com\/producto\/anillo-videl#breadcrumb"},"inLanguage":"es","potentialAction":[{"@type":"ReadAction","target":["https:\/\/lubeljoyeria.com\/producto\/anillo-videl"]}]},{"@type":"ImageObject","inLanguage":"es","@id":"https:\/\/lubeljoyeria.com\/producto\/anillo-videl#primaryimage","url":"https:\/\/lubeljoyeria.com\/wp-content\/uploads\/2022\/01\/AN00008_1.jpg","contentUrl":"https:\/\/lubeljoyeria.com\/wp-content\/uploads\/2022\/01\/AN00008_1.jpg","width":734,"height":800,"caption":"Perfecto anillo de la linea de la vida. Fabricado en Plata de 1\u00aa Ley 925 con ba\u00f1o de rodio o de oro 18k."},{"@type":"BreadcrumbList","@id":"https:\/\/lubeljoyeria.com\/producto\/anillo-videl#breadcrumb","itemListElement":[{"@type":"ListItem","position":1,"name":"Home","item":"https:\/\/lubeljoyeria.com\/"},{"@type":"ListItem","position":2,"name":"Tienda","item":"https:\/\/lubeljoyeria.com\/?page_id=6"},{"@type":"ListItem","position":3,"name":"Anillo Videl"}]},{"@type":"WebSite","@id":"https:\/\/lubeljoyeria.com\/#website","url":"https:\/\/lubeljoyeria.com\/","name":"Lubel joyeria. Joyeria en Plata . Distribuidor oficial de Swarovski. - Lubel","description":"Lubel joyeria. Joyeria en Plata . Distribuidor oficial de Swarovski. - Lubel","publisher":{"@id":"https:\/\/lubeljoyeria.com\/#organization"},"potentialAction":[{"@type":"SearchAction","target":{"@type":"EntryPoint","urlTemplate":"https:\/\/lubeljoyeria.com\/?s={search_term_string}"},"query-input":{"@type":"PropertyValueSpecification","valueRequired":true,"valueName":"search_term_string"}}],"inLanguage":"es"},{"@type":"Organization","@id":"https:\/\/lubeljoyeria.com\/#organization","name":"Lubel joyeria. Joyeria en Plata . Distribuidor oficial de Swarovski. - Lubel","url":"https:\/\/lubeljoyeria.com\/","logo":{"@type":"ImageObject","inLanguage":"es","@id":"https:\/\/lubeljoyeria.com\/#\/schema\/logo\/image\/","url":"https:\/\/lubeljoyeria.com\/wp-content\/uploads\/2020\/10\/lubel-joyeria-logo-1543825573-1.png","contentUrl":"https:\/\/lubeljoyeria.com\/wp-content\/uploads\/2020\/10\/lubel-joyeria-logo-1543825573-1.png","width":135,"height":31,"caption":"Lubel joyeria. Joyeria en Plata . Distribuidor oficial de Swarovski. - Lubel"},"image":{"@id":"https:\/\/lubeljoyeria.com\/#\/schema\/logo\/image\/"}}]}},"_links":{"self":[{"href":"https:\/\/lubeljoyeria.com\/index.php?rest_route=\/wp\/v2\/product\/22273","targetHints":{"allow":["GET"]}}],"collection":[{"href":"https:\/\/lubeljoyeria.com\/index.php?rest_route=\/wp\/v2\/product"}],"about":[{"href":"https:\/\/lubeljoyeria.com\/index.php?rest_route=\/wp\/v2\/types\/product"}],"wp:featuredmedia":[{"embeddable":true,"href":"https:\/\/lubeljoyeria.com\/index.php?rest_route=\/wp\/v2\/media\/22283"}],"wp:attachment":[{"href":"https:\/\/lubeljoyeria.com\/index.php?rest_route=%2Fwp%2Fv2%2Fmedia&parent=22273"}],"wp:term":[{"taxonomy":"product_brand","embeddable":true,"href":"https:\/\/lubeljoyeria.com\/index.php?rest_route=%2Fwp%2Fv2%2Fproduct_brand&post=22273"},{"taxonomy":"product_cat","embeddable":true,"href":"https:\/\/lubeljoyeria.com\/index.php?rest_route=%2Fwp%2Fv2%2Fproduct_cat&post=22273"},{"taxonomy":"product_tag","embeddable":true,"href":"https:\/\/lubeljoyeria.com\/index.php?rest_route=%2Fwp%2Fv2%2Fproduct_tag&post=22273"}],"curies":[{"name":"wp","href":"https:\/\/api.w.org\/{rel}","templated":true}]}}