{"id":22249,"date":"2022-01-18T09:29:02","date_gmt":"2022-01-18T09:29:02","guid":{"rendered":"https:\/\/lubeljoyeria.com\/?post_type=product&#038;p=22249"},"modified":"2026-01-04T16:51:31","modified_gmt":"2026-01-04T16:51:31","slug":"anillo-mia","status":"publish","type":"product","link":"https:\/\/lubeljoyeria.com\/?product=anillo-mia","title":{"rendered":"Anillo Mia"},"content":{"rendered":"<p>La fuerza y belleza indescriptible de la naturaleza se unen y dan vida al anillo <em>Mia<\/em>. Una pieza con tres mini circonitas blancas en forma de p\u00e9talo que le dan un toque elegante muy especial. Una joya llena de luz que te encantar\u00e1 combinar con tus b\u00e1sicos favoritos.<\/p>\n<p>Fabricado en Plata de 1\u00aa Ley 925 con un ba\u00f1o de rodio o de oro 18k.<\/p>\n","protected":false},"excerpt":{"rendered":"<p>La fuerza y belleza indescriptible de la naturaleza se unen y dan vida al anillo <em>Mia<\/em>. Una pieza con tres mini circonitas blancas en forma de p\u00e9talo que le dan un toque elegante muy especial. Una joya llena de luz que te encantar\u00e1 combinar con tus b\u00e1sicos favoritos.<\/p>\n<p>Fabricado en Plata de 1\u00aa Ley 925 con un ba\u00f1o de rodio o de oro 18k.<\/p>\n","protected":false},"featured_media":22259,"template":"","meta":{"_joinchat":[]},"product_brand":[1438],"product_cat":[1463,1464,1473,1518],"product_tag":[],"class_list":{"0":"post-22249","1":"product","2":"type-product","3":"status-publish","4":"has-post-thumbnail","6":"product_brand-joyeria-en-plata","7":"product_cat-inicio","8":"product_cat-principal","9":"product_cat-joyeria-en-plata","10":"product_cat-anillos-joyeria-en-plata","11":"pa_acabadoscolganteharu-plata","12":"pa_acabadoscolganteharu-banooro","13":"pa_tallaanillomedidortatum-1539","14":"pa_tallaanillomedidortatum-1540","15":"pa_tallaanillomedidortatum-1541","16":"pa_tallaanillomedidortatum-1543","17":"pa_tallaanillomedidortatum-1545","18":"pa_tallaanillomedidortatum-1546","19":"sales-flash-overlay","20":"woocommerce-text-align-center","21":"woocommerce-image-align-center","22":"do-quantity-buttons","23":"wc-has-gallery","25":"first","26":"instock","27":"taxable","28":"shipping-taxable","29":"purchasable","30":"product-type-variable"},"yoast_head":"<!-- This site is optimized with the Yoast SEO Premium plugin v22.5 (Yoast SEO v26.5) - https:\/\/yoast.com\/wordpress\/plugins\/seo\/ -->\n<title>Anillo Mia - Lubeljoyeria.com - Plata de 1\u00aa Ley 925<\/title>\n<meta name=\"description\" content=\"La fuerza y belleza indescriptible de la naturaleza se unen y dan vida al anillo Mia. Una pieza con tres mini circonitas blancas.\" \/>\n<meta name=\"robots\" content=\"index, follow, max-snippet:-1, max-image-preview:large, max-video-preview:-1\" \/>\n<link rel=\"canonical\" href=\"https:\/\/lubeljoyeria.com\/?product=anillo-mia\" \/>\n<meta property=\"og:locale\" content=\"es_ES\" \/>\n<meta property=\"og:type\" content=\"article\" \/>\n<meta property=\"og:title\" content=\"Anillo Mia\" \/>\n<meta property=\"og:description\" content=\"La fuerza y belleza indescriptible de la naturaleza se unen y dan vida al anillo Mia. Una pieza con tres mini circonitas blancas.\" \/>\n<meta property=\"og:url\" content=\"https:\/\/lubeljoyeria.com\/?product=anillo-mia\" \/>\n<meta property=\"og:site_name\" content=\"Lubel joyeria. Joyeria en Plata . Distribuidor oficial de Swarovski. - Lubel\" \/>\n<meta property=\"article:modified_time\" content=\"2026-01-04T16:51:31+00:00\" \/>\n<meta property=\"og:image\" content=\"https:\/\/lubeljoyeria.com\/wp-content\/uploads\/2022\/01\/ANZ0127.jpg\" \/>\n\t<meta property=\"og:image:width\" content=\"800\" \/>\n\t<meta property=\"og:image:height\" content=\"800\" \/>\n\t<meta property=\"og:image:type\" content=\"image\/jpeg\" \/>\n<meta name=\"twitter:card\" content=\"summary_large_image\" \/>\n<meta name=\"twitter:label1\" content=\"Tiempo de lectura\" \/>\n\t<meta name=\"twitter:data1\" content=\"1 minuto\" \/>\n<script type=\"application\/ld+json\" class=\"yoast-schema-graph\">{\"@context\":\"https:\/\/schema.org\",\"@graph\":[{\"@type\":\"WebPage\",\"@id\":\"https:\/\/lubeljoyeria.com\/?product=anillo-mia\",\"url\":\"https:\/\/lubeljoyeria.com\/?product=anillo-mia\",\"name\":\"Anillo Mia - Lubeljoyeria.com - Plata de 1\u00aa Ley 925\",\"isPartOf\":{\"@id\":\"https:\/\/lubeljoyeria.com\/#website\"},\"primaryImageOfPage\":{\"@id\":\"https:\/\/lubeljoyeria.com\/?product=anillo-mia#primaryimage\"},\"image\":{\"@id\":\"https:\/\/lubeljoyeria.com\/?product=anillo-mia#primaryimage\"},\"thumbnailUrl\":\"https:\/\/lubeljoyeria.com\/wp-content\/uploads\/2022\/01\/ANZ0127.jpg\",\"datePublished\":\"2022-01-18T09:29:02+00:00\",\"dateModified\":\"2026-01-04T16:51:31+00:00\",\"description\":\"La fuerza y belleza indescriptible de la naturaleza se unen y dan vida al anillo Mia. Una pieza con tres mini circonitas blancas.\",\"breadcrumb\":{\"@id\":\"https:\/\/lubeljoyeria.com\/?product=anillo-mia#breadcrumb\"},\"inLanguage\":\"es\",\"potentialAction\":[{\"@type\":\"ReadAction\",\"target\":[\"https:\/\/lubeljoyeria.com\/?product=anillo-mia\"]}]},{\"@type\":\"ImageObject\",\"inLanguage\":\"es\",\"@id\":\"https:\/\/lubeljoyeria.com\/?product=anillo-mia#primaryimage\",\"url\":\"https:\/\/lubeljoyeria.com\/wp-content\/uploads\/2022\/01\/ANZ0127.jpg\",\"contentUrl\":\"https:\/\/lubeljoyeria.com\/wp-content\/uploads\/2022\/01\/ANZ0127.jpg\",\"width\":800,\"height\":800,\"caption\":\"Anillo con tres circonitas en forma de hoja. Fabricado en plata de 1\u00aa ley 925 con un ba\u00f1o de rodio o de oro 18k.\"},{\"@type\":\"BreadcrumbList\",\"@id\":\"https:\/\/lubeljoyeria.com\/?product=anillo-mia#breadcrumb\",\"itemListElement\":[{\"@type\":\"ListItem\",\"position\":1,\"name\":\"Home\",\"item\":\"https:\/\/lubeljoyeria.com\/\"},{\"@type\":\"ListItem\",\"position\":2,\"name\":\"Tienda\",\"item\":\"https:\/\/lubeljoyeria.com\/?page_id=6\"},{\"@type\":\"ListItem\",\"position\":3,\"name\":\"Anillo Mia\"}]},{\"@type\":\"WebSite\",\"@id\":\"https:\/\/lubeljoyeria.com\/#website\",\"url\":\"https:\/\/lubeljoyeria.com\/\",\"name\":\"Lubel joyeria. Joyeria en Plata . Distribuidor oficial de Swarovski. - Lubel\",\"description\":\"Lubel joyeria. Joyeria en Plata . Distribuidor oficial de Swarovski. - Lubel\",\"publisher\":{\"@id\":\"https:\/\/lubeljoyeria.com\/#organization\"},\"potentialAction\":[{\"@type\":\"SearchAction\",\"target\":{\"@type\":\"EntryPoint\",\"urlTemplate\":\"https:\/\/lubeljoyeria.com\/?s={search_term_string}\"},\"query-input\":{\"@type\":\"PropertyValueSpecification\",\"valueRequired\":true,\"valueName\":\"search_term_string\"}}],\"inLanguage\":\"es\"},{\"@type\":\"Organization\",\"@id\":\"https:\/\/lubeljoyeria.com\/#organization\",\"name\":\"Lubel joyeria. Joyeria en Plata . Distribuidor oficial de Swarovski. - Lubel\",\"url\":\"https:\/\/lubeljoyeria.com\/\",\"logo\":{\"@type\":\"ImageObject\",\"inLanguage\":\"es\",\"@id\":\"https:\/\/lubeljoyeria.com\/#\/schema\/logo\/image\/\",\"url\":\"https:\/\/lubeljoyeria.com\/wp-content\/uploads\/2020\/10\/lubel-joyeria-logo-1543825573-1.png\",\"contentUrl\":\"https:\/\/lubeljoyeria.com\/wp-content\/uploads\/2020\/10\/lubel-joyeria-logo-1543825573-1.png\",\"width\":135,\"height\":31,\"caption\":\"Lubel joyeria. Joyeria en Plata . Distribuidor oficial de Swarovski. - Lubel\"},\"image\":{\"@id\":\"https:\/\/lubeljoyeria.com\/#\/schema\/logo\/image\/\"}}]}<\/script>\n<!-- \/ Yoast SEO Premium plugin. -->","yoast_head_json":{"title":"Anillo Mia - Lubeljoyeria.com - Plata de 1\u00aa Ley 925","description":"La fuerza y belleza indescriptible de la naturaleza se unen y dan vida al anillo Mia. Una pieza con tres mini circonitas blancas.","robots":{"index":"index","follow":"follow","max-snippet":"max-snippet:-1","max-image-preview":"max-image-preview:large","max-video-preview":"max-video-preview:-1"},"canonical":"https:\/\/lubeljoyeria.com\/?product=anillo-mia","og_locale":"es_ES","og_type":"article","og_title":"Anillo Mia","og_description":"La fuerza y belleza indescriptible de la naturaleza se unen y dan vida al anillo Mia. Una pieza con tres mini circonitas blancas.","og_url":"https:\/\/lubeljoyeria.com\/?product=anillo-mia","og_site_name":"Lubel joyeria. Joyeria en Plata . Distribuidor oficial de Swarovski. - Lubel","article_modified_time":"2026-01-04T16:51:31+00:00","og_image":[{"width":800,"height":800,"url":"https:\/\/lubeljoyeria.com\/wp-content\/uploads\/2022\/01\/ANZ0127.jpg","type":"image\/jpeg"}],"twitter_card":"summary_large_image","twitter_misc":{"Tiempo de lectura":"1 minuto"},"schema":{"@context":"https:\/\/schema.org","@graph":[{"@type":"WebPage","@id":"https:\/\/lubeljoyeria.com\/?product=anillo-mia","url":"https:\/\/lubeljoyeria.com\/?product=anillo-mia","name":"Anillo Mia - Lubeljoyeria.com - Plata de 1\u00aa Ley 925","isPartOf":{"@id":"https:\/\/lubeljoyeria.com\/#website"},"primaryImageOfPage":{"@id":"https:\/\/lubeljoyeria.com\/?product=anillo-mia#primaryimage"},"image":{"@id":"https:\/\/lubeljoyeria.com\/?product=anillo-mia#primaryimage"},"thumbnailUrl":"https:\/\/lubeljoyeria.com\/wp-content\/uploads\/2022\/01\/ANZ0127.jpg","datePublished":"2022-01-18T09:29:02+00:00","dateModified":"2026-01-04T16:51:31+00:00","description":"La fuerza y belleza indescriptible de la naturaleza se unen y dan vida al anillo Mia. Una pieza con tres mini circonitas blancas.","breadcrumb":{"@id":"https:\/\/lubeljoyeria.com\/?product=anillo-mia#breadcrumb"},"inLanguage":"es","potentialAction":[{"@type":"ReadAction","target":["https:\/\/lubeljoyeria.com\/?product=anillo-mia"]}]},{"@type":"ImageObject","inLanguage":"es","@id":"https:\/\/lubeljoyeria.com\/?product=anillo-mia#primaryimage","url":"https:\/\/lubeljoyeria.com\/wp-content\/uploads\/2022\/01\/ANZ0127.jpg","contentUrl":"https:\/\/lubeljoyeria.com\/wp-content\/uploads\/2022\/01\/ANZ0127.jpg","width":800,"height":800,"caption":"Anillo con tres circonitas en forma de hoja. Fabricado en plata de 1\u00aa ley 925 con un ba\u00f1o de rodio o de oro 18k."},{"@type":"BreadcrumbList","@id":"https:\/\/lubeljoyeria.com\/?product=anillo-mia#breadcrumb","itemListElement":[{"@type":"ListItem","position":1,"name":"Home","item":"https:\/\/lubeljoyeria.com\/"},{"@type":"ListItem","position":2,"name":"Tienda","item":"https:\/\/lubeljoyeria.com\/?page_id=6"},{"@type":"ListItem","position":3,"name":"Anillo Mia"}]},{"@type":"WebSite","@id":"https:\/\/lubeljoyeria.com\/#website","url":"https:\/\/lubeljoyeria.com\/","name":"Lubel joyeria. Joyeria en Plata . Distribuidor oficial de Swarovski. - Lubel","description":"Lubel joyeria. Joyeria en Plata . Distribuidor oficial de Swarovski. - Lubel","publisher":{"@id":"https:\/\/lubeljoyeria.com\/#organization"},"potentialAction":[{"@type":"SearchAction","target":{"@type":"EntryPoint","urlTemplate":"https:\/\/lubeljoyeria.com\/?s={search_term_string}"},"query-input":{"@type":"PropertyValueSpecification","valueRequired":true,"valueName":"search_term_string"}}],"inLanguage":"es"},{"@type":"Organization","@id":"https:\/\/lubeljoyeria.com\/#organization","name":"Lubel joyeria. Joyeria en Plata . Distribuidor oficial de Swarovski. - Lubel","url":"https:\/\/lubeljoyeria.com\/","logo":{"@type":"ImageObject","inLanguage":"es","@id":"https:\/\/lubeljoyeria.com\/#\/schema\/logo\/image\/","url":"https:\/\/lubeljoyeria.com\/wp-content\/uploads\/2020\/10\/lubel-joyeria-logo-1543825573-1.png","contentUrl":"https:\/\/lubeljoyeria.com\/wp-content\/uploads\/2020\/10\/lubel-joyeria-logo-1543825573-1.png","width":135,"height":31,"caption":"Lubel joyeria. Joyeria en Plata . Distribuidor oficial de Swarovski. - Lubel"},"image":{"@id":"https:\/\/lubeljoyeria.com\/#\/schema\/logo\/image\/"}}]}},"_links":{"self":[{"href":"https:\/\/lubeljoyeria.com\/index.php?rest_route=\/wp\/v2\/product\/22249","targetHints":{"allow":["GET"]}}],"collection":[{"href":"https:\/\/lubeljoyeria.com\/index.php?rest_route=\/wp\/v2\/product"}],"about":[{"href":"https:\/\/lubeljoyeria.com\/index.php?rest_route=\/wp\/v2\/types\/product"}],"wp:featuredmedia":[{"embeddable":true,"href":"https:\/\/lubeljoyeria.com\/index.php?rest_route=\/wp\/v2\/media\/22259"}],"wp:attachment":[{"href":"https:\/\/lubeljoyeria.com\/index.php?rest_route=%2Fwp%2Fv2%2Fmedia&parent=22249"}],"wp:term":[{"taxonomy":"product_brand","embeddable":true,"href":"https:\/\/lubeljoyeria.com\/index.php?rest_route=%2Fwp%2Fv2%2Fproduct_brand&post=22249"},{"taxonomy":"product_cat","embeddable":true,"href":"https:\/\/lubeljoyeria.com\/index.php?rest_route=%2Fwp%2Fv2%2Fproduct_cat&post=22249"},{"taxonomy":"product_tag","embeddable":true,"href":"https:\/\/lubeljoyeria.com\/index.php?rest_route=%2Fwp%2Fv2%2Fproduct_tag&post=22249"}],"curies":[{"name":"wp","href":"https:\/\/api.w.org\/{rel}","templated":true}]}}