{"id":21968,"date":"2021-12-15T16:32:32","date_gmt":"2021-12-15T16:32:32","guid":{"rendered":"https:\/\/lubeljoyeria.com\/?post_type=product&#038;p=21968"},"modified":"2024-03-19T16:24:51","modified_gmt":"2024-03-19T16:24:51","slug":"colgante-lubel-cross-2","status":"publish","type":"product","link":"https:\/\/lubeljoyeria.com\/?product=colgante-lubel-cross-2","title":{"rendered":"Colgante Cross"},"content":{"rendered":"<p>Las circonitas blancas del colgante\u00a0<em>Cross<\/em> le aportan el toque de luz y magia que hace de esta joya una pieza \u00fanica. Una fina cadena de la que cuelga una cruz con circonitas blancas perfectamente engastadas. Un colgante \u00fanico que se convertir\u00e1n en todo un must.<span class=\"Apple-converted-space\">\u00a0<\/span><\/p>\n<ul>\n<li>Fabricado en Plata de 1\u00aa Ley 925 con un ba\u00f1o de rodio o de oro 18k.<\/li>\n<\/ul>\n","protected":false},"excerpt":{"rendered":"<p>Las circonitas blancas del colgante\u00a0<em>Cross<\/em> le aportan el toque de luz y magia que hace de esta joya una pieza \u00fanica. Una fina cadena de la que cuelga una cruz con circonitas blancas perfectamente engastadas. Un colgante \u00fanico que se convertir\u00e1n en todo un must.<\/p>\n<ul>\n<li>Fabricado en Plata de 1\u00aa Ley 925 con un ba\u00f1o de rodio o de oro 18k.<\/li>\n<\/ul>\n","protected":false},"featured_media":21971,"template":"","meta":{"_joinchat":[]},"product_brand":[1438],"product_cat":[1463,1464,1473,1504],"product_tag":[],"class_list":{"0":"post-21968","1":"product","2":"type-product","3":"status-publish","4":"has-post-thumbnail","6":"product_brand-joyeria-en-plata","7":"product_cat-inicio","8":"product_cat-principal","9":"product_cat-joyeria-en-plata","10":"product_cat-colgantes-joyeria-en-plata","11":"pa_acabadoscolganteharu-plata","12":"pa_acabadoscolganteharu-banooro","13":"sales-flash-overlay","14":"woocommerce-text-align-center","15":"woocommerce-image-align-center","16":"do-quantity-buttons","17":"wc-has-gallery","19":"first","20":"instock","21":"taxable","22":"shipping-taxable","23":"purchasable","24":"product-type-variable"},"yoast_head":"<!-- This site is optimized with the Yoast SEO Premium plugin v22.5 (Yoast SEO v26.5) - https:\/\/yoast.com\/wordpress\/plugins\/seo\/ -->\n<title>Colgante Cross - Joyas fabricadas en Plata de 1\u00aa Ley 925<\/title>\n<meta name=\"description\" content=\"Las circonitas blancas del colgante\u00a0Cross le aportan luz que hace de esta joya una pieza \u00fanica. Una cadena de la que cuelga una cruz.\" \/>\n<meta name=\"robots\" content=\"index, follow, max-snippet:-1, max-image-preview:large, max-video-preview:-1\" \/>\n<link rel=\"canonical\" href=\"https:\/\/lubeljoyeria.com\/producto\/colgante-lubel-cross-2\" \/>\n<meta property=\"og:locale\" content=\"es_ES\" \/>\n<meta property=\"og:type\" content=\"article\" \/>\n<meta property=\"og:title\" content=\"Colgante Cross\" \/>\n<meta property=\"og:description\" content=\"Las circonitas blancas del colgante\u00a0Cross le aportan luz que hace de esta joya una pieza \u00fanica. Una cadena de la que cuelga una cruz.\" \/>\n<meta property=\"og:url\" content=\"https:\/\/lubeljoyeria.com\/producto\/colgante-lubel-cross-2\" \/>\n<meta property=\"og:site_name\" content=\"Lubel joyeria. Joyeria en Plata . Distribuidor oficial de Swarovski. - Lubel\" \/>\n<meta property=\"article:modified_time\" content=\"2024-03-19T16:24:51+00:00\" \/>\n<meta property=\"og:image\" content=\"https:\/\/lubeljoyeria.com\/wp-content\/uploads\/2021\/12\/gargantilla-cruz-circ-blanca.jpg\" \/>\n\t<meta property=\"og:image:width\" content=\"1100\" \/>\n\t<meta property=\"og:image:height\" content=\"1100\" \/>\n\t<meta property=\"og:image:type\" content=\"image\/jpeg\" \/>\n<meta name=\"twitter:card\" content=\"summary_large_image\" \/>\n<script type=\"application\/ld+json\" class=\"yoast-schema-graph\">{\"@context\":\"https:\/\/schema.org\",\"@graph\":[{\"@type\":\"WebPage\",\"@id\":\"https:\/\/lubeljoyeria.com\/producto\/colgante-lubel-cross-2\",\"url\":\"https:\/\/lubeljoyeria.com\/producto\/colgante-lubel-cross-2\",\"name\":\"Colgante Cross - Joyas fabricadas en Plata de 1\u00aa Ley 925\",\"isPartOf\":{\"@id\":\"https:\/\/lubeljoyeria.com\/#website\"},\"primaryImageOfPage\":{\"@id\":\"https:\/\/lubeljoyeria.com\/producto\/colgante-lubel-cross-2#primaryimage\"},\"image\":{\"@id\":\"https:\/\/lubeljoyeria.com\/producto\/colgante-lubel-cross-2#primaryimage\"},\"thumbnailUrl\":\"https:\/\/lubeljoyeria.com\/wp-content\/uploads\/2021\/12\/gargantilla-cruz-circ-blanca.jpg\",\"datePublished\":\"2021-12-15T16:32:32+00:00\",\"dateModified\":\"2024-03-19T16:24:51+00:00\",\"description\":\"Las circonitas blancas del colgante\u00a0Cross le aportan luz que hace de esta joya una pieza \u00fanica. Una cadena de la que cuelga una cruz.\",\"breadcrumb\":{\"@id\":\"https:\/\/lubeljoyeria.com\/producto\/colgante-lubel-cross-2#breadcrumb\"},\"inLanguage\":\"es\",\"potentialAction\":[{\"@type\":\"ReadAction\",\"target\":[\"https:\/\/lubeljoyeria.com\/producto\/colgante-lubel-cross-2\"]}]},{\"@type\":\"ImageObject\",\"inLanguage\":\"es\",\"@id\":\"https:\/\/lubeljoyeria.com\/producto\/colgante-lubel-cross-2#primaryimage\",\"url\":\"https:\/\/lubeljoyeria.com\/wp-content\/uploads\/2021\/12\/gargantilla-cruz-circ-blanca.jpg\",\"contentUrl\":\"https:\/\/lubeljoyeria.com\/wp-content\/uploads\/2021\/12\/gargantilla-cruz-circ-blanca.jpg\",\"width\":1100,\"height\":1100,\"caption\":\"Colgante Cruz y circonitas. Fabricado en Plata 1\u00aa Ley 925.\"},{\"@type\":\"BreadcrumbList\",\"@id\":\"https:\/\/lubeljoyeria.com\/producto\/colgante-lubel-cross-2#breadcrumb\",\"itemListElement\":[{\"@type\":\"ListItem\",\"position\":1,\"name\":\"Home\",\"item\":\"https:\/\/lubeljoyeria.com\/\"},{\"@type\":\"ListItem\",\"position\":2,\"name\":\"Tienda\",\"item\":\"https:\/\/lubeljoyeria.com\/?page_id=6\"},{\"@type\":\"ListItem\",\"position\":3,\"name\":\"Colgante Cross\"}]},{\"@type\":\"WebSite\",\"@id\":\"https:\/\/lubeljoyeria.com\/#website\",\"url\":\"https:\/\/lubeljoyeria.com\/\",\"name\":\"Lubel joyeria. Joyeria en Plata . Distribuidor oficial de Swarovski. - Lubel\",\"description\":\"Lubel joyeria. Joyeria en Plata . Distribuidor oficial de Swarovski. - Lubel\",\"publisher\":{\"@id\":\"https:\/\/lubeljoyeria.com\/#organization\"},\"potentialAction\":[{\"@type\":\"SearchAction\",\"target\":{\"@type\":\"EntryPoint\",\"urlTemplate\":\"https:\/\/lubeljoyeria.com\/?s={search_term_string}\"},\"query-input\":{\"@type\":\"PropertyValueSpecification\",\"valueRequired\":true,\"valueName\":\"search_term_string\"}}],\"inLanguage\":\"es\"},{\"@type\":\"Organization\",\"@id\":\"https:\/\/lubeljoyeria.com\/#organization\",\"name\":\"Lubel joyeria. Joyeria en Plata . Distribuidor oficial de Swarovski. - Lubel\",\"url\":\"https:\/\/lubeljoyeria.com\/\",\"logo\":{\"@type\":\"ImageObject\",\"inLanguage\":\"es\",\"@id\":\"https:\/\/lubeljoyeria.com\/#\/schema\/logo\/image\/\",\"url\":\"https:\/\/lubeljoyeria.com\/wp-content\/uploads\/2020\/10\/lubel-joyeria-logo-1543825573-1.png\",\"contentUrl\":\"https:\/\/lubeljoyeria.com\/wp-content\/uploads\/2020\/10\/lubel-joyeria-logo-1543825573-1.png\",\"width\":135,\"height\":31,\"caption\":\"Lubel joyeria. Joyeria en Plata . Distribuidor oficial de Swarovski. - Lubel\"},\"image\":{\"@id\":\"https:\/\/lubeljoyeria.com\/#\/schema\/logo\/image\/\"}}]}<\/script>\n<!-- \/ Yoast SEO Premium plugin. -->","yoast_head_json":{"title":"Colgante Cross - Joyas fabricadas en Plata de 1\u00aa Ley 925","description":"Las circonitas blancas del colgante\u00a0Cross le aportan luz que hace de esta joya una pieza \u00fanica. Una cadena de la que cuelga una cruz.","robots":{"index":"index","follow":"follow","max-snippet":"max-snippet:-1","max-image-preview":"max-image-preview:large","max-video-preview":"max-video-preview:-1"},"canonical":"https:\/\/lubeljoyeria.com\/producto\/colgante-lubel-cross-2","og_locale":"es_ES","og_type":"article","og_title":"Colgante Cross","og_description":"Las circonitas blancas del colgante\u00a0Cross le aportan luz que hace de esta joya una pieza \u00fanica. Una cadena de la que cuelga una cruz.","og_url":"https:\/\/lubeljoyeria.com\/producto\/colgante-lubel-cross-2","og_site_name":"Lubel joyeria. Joyeria en Plata . Distribuidor oficial de Swarovski. - Lubel","article_modified_time":"2024-03-19T16:24:51+00:00","og_image":[{"width":1100,"height":1100,"url":"https:\/\/lubeljoyeria.com\/wp-content\/uploads\/2021\/12\/gargantilla-cruz-circ-blanca.jpg","type":"image\/jpeg"}],"twitter_card":"summary_large_image","schema":{"@context":"https:\/\/schema.org","@graph":[{"@type":"WebPage","@id":"https:\/\/lubeljoyeria.com\/producto\/colgante-lubel-cross-2","url":"https:\/\/lubeljoyeria.com\/producto\/colgante-lubel-cross-2","name":"Colgante Cross - Joyas fabricadas en Plata de 1\u00aa Ley 925","isPartOf":{"@id":"https:\/\/lubeljoyeria.com\/#website"},"primaryImageOfPage":{"@id":"https:\/\/lubeljoyeria.com\/producto\/colgante-lubel-cross-2#primaryimage"},"image":{"@id":"https:\/\/lubeljoyeria.com\/producto\/colgante-lubel-cross-2#primaryimage"},"thumbnailUrl":"https:\/\/lubeljoyeria.com\/wp-content\/uploads\/2021\/12\/gargantilla-cruz-circ-blanca.jpg","datePublished":"2021-12-15T16:32:32+00:00","dateModified":"2024-03-19T16:24:51+00:00","description":"Las circonitas blancas del colgante\u00a0Cross le aportan luz que hace de esta joya una pieza \u00fanica. Una cadena de la que cuelga una cruz.","breadcrumb":{"@id":"https:\/\/lubeljoyeria.com\/producto\/colgante-lubel-cross-2#breadcrumb"},"inLanguage":"es","potentialAction":[{"@type":"ReadAction","target":["https:\/\/lubeljoyeria.com\/producto\/colgante-lubel-cross-2"]}]},{"@type":"ImageObject","inLanguage":"es","@id":"https:\/\/lubeljoyeria.com\/producto\/colgante-lubel-cross-2#primaryimage","url":"https:\/\/lubeljoyeria.com\/wp-content\/uploads\/2021\/12\/gargantilla-cruz-circ-blanca.jpg","contentUrl":"https:\/\/lubeljoyeria.com\/wp-content\/uploads\/2021\/12\/gargantilla-cruz-circ-blanca.jpg","width":1100,"height":1100,"caption":"Colgante Cruz y circonitas. Fabricado en Plata 1\u00aa Ley 925."},{"@type":"BreadcrumbList","@id":"https:\/\/lubeljoyeria.com\/producto\/colgante-lubel-cross-2#breadcrumb","itemListElement":[{"@type":"ListItem","position":1,"name":"Home","item":"https:\/\/lubeljoyeria.com\/"},{"@type":"ListItem","position":2,"name":"Tienda","item":"https:\/\/lubeljoyeria.com\/?page_id=6"},{"@type":"ListItem","position":3,"name":"Colgante Cross"}]},{"@type":"WebSite","@id":"https:\/\/lubeljoyeria.com\/#website","url":"https:\/\/lubeljoyeria.com\/","name":"Lubel joyeria. Joyeria en Plata . Distribuidor oficial de Swarovski. - Lubel","description":"Lubel joyeria. Joyeria en Plata . Distribuidor oficial de Swarovski. - Lubel","publisher":{"@id":"https:\/\/lubeljoyeria.com\/#organization"},"potentialAction":[{"@type":"SearchAction","target":{"@type":"EntryPoint","urlTemplate":"https:\/\/lubeljoyeria.com\/?s={search_term_string}"},"query-input":{"@type":"PropertyValueSpecification","valueRequired":true,"valueName":"search_term_string"}}],"inLanguage":"es"},{"@type":"Organization","@id":"https:\/\/lubeljoyeria.com\/#organization","name":"Lubel joyeria. Joyeria en Plata . Distribuidor oficial de Swarovski. - Lubel","url":"https:\/\/lubeljoyeria.com\/","logo":{"@type":"ImageObject","inLanguage":"es","@id":"https:\/\/lubeljoyeria.com\/#\/schema\/logo\/image\/","url":"https:\/\/lubeljoyeria.com\/wp-content\/uploads\/2020\/10\/lubel-joyeria-logo-1543825573-1.png","contentUrl":"https:\/\/lubeljoyeria.com\/wp-content\/uploads\/2020\/10\/lubel-joyeria-logo-1543825573-1.png","width":135,"height":31,"caption":"Lubel joyeria. Joyeria en Plata . Distribuidor oficial de Swarovski. - Lubel"},"image":{"@id":"https:\/\/lubeljoyeria.com\/#\/schema\/logo\/image\/"}}]}},"_links":{"self":[{"href":"https:\/\/lubeljoyeria.com\/index.php?rest_route=\/wp\/v2\/product\/21968","targetHints":{"allow":["GET"]}}],"collection":[{"href":"https:\/\/lubeljoyeria.com\/index.php?rest_route=\/wp\/v2\/product"}],"about":[{"href":"https:\/\/lubeljoyeria.com\/index.php?rest_route=\/wp\/v2\/types\/product"}],"wp:featuredmedia":[{"embeddable":true,"href":"https:\/\/lubeljoyeria.com\/index.php?rest_route=\/wp\/v2\/media\/21971"}],"wp:attachment":[{"href":"https:\/\/lubeljoyeria.com\/index.php?rest_route=%2Fwp%2Fv2%2Fmedia&parent=21968"}],"wp:term":[{"taxonomy":"product_brand","embeddable":true,"href":"https:\/\/lubeljoyeria.com\/index.php?rest_route=%2Fwp%2Fv2%2Fproduct_brand&post=21968"},{"taxonomy":"product_cat","embeddable":true,"href":"https:\/\/lubeljoyeria.com\/index.php?rest_route=%2Fwp%2Fv2%2Fproduct_cat&post=21968"},{"taxonomy":"product_tag","embeddable":true,"href":"https:\/\/lubeljoyeria.com\/index.php?rest_route=%2Fwp%2Fv2%2Fproduct_tag&post=21968"}],"curies":[{"name":"wp","href":"https:\/\/api.w.org\/{rel}","templated":true}]}}