{"id":21958,"date":"2021-12-15T16:14:20","date_gmt":"2021-12-15T16:14:20","guid":{"rendered":"https:\/\/lubeljoyeria.com\/?post_type=product&#038;p=21958"},"modified":"2025-01-21T16:09:15","modified_gmt":"2025-01-21T16:09:15","slug":"pulsera-lubel-star-and-colors","status":"publish","type":"product","link":"https:\/\/lubeljoyeria.com\/?product=pulsera-lubel-star-and-colors","title":{"rendered":"Pulsera Star and Colors"},"content":{"rendered":"<p>La pulsera\u00a0<em>Star and Colors<\/em> te sorprender\u00e1 por su sencillez y elegancia a partes iguales. Una fina cadena de la que cuelgan once peque\u00f1as estrellas y circonitas de colores que le aportan un toque \u00fanico. Una pulsera divertida y vers\u00e1til que te encantar\u00e1 combinar con tus pulseras favoritas de la temporada.<\/p>\n<ul>\n<li>Fabricada en Plata de 1\u00aa Ley 925 con un ba\u00f1o de rodio o de oro 18k.<\/li>\n<\/ul>\n","protected":false},"excerpt":{"rendered":"<p>La pulsera\u00a0<em>Star and Colors<\/em> te sorprender\u00e1 por su sencillez y elegancia a partes iguales. Una fina cadena de la que cuelgan once peque\u00f1as estrellas y circonitas de colores que le aportan un toque \u00fanico. Una pulsera divertida y vers\u00e1til que te encantar\u00e1 combinar con tus pulseras favoritas de la temporada.<\/p>\n<ul>\n<li>Fabricada en Plata de 1\u00aa Ley 925 con un ba\u00f1o de rodio o de oro 18k.<\/li>\n<\/ul>\n","protected":false},"featured_media":21962,"template":"","meta":{"_joinchat":[]},"product_brand":[1438],"product_cat":[1463,1464,1473,1524],"product_tag":[],"class_list":{"0":"post-21958","1":"product","2":"type-product","3":"status-publish","4":"has-post-thumbnail","6":"product_brand-joyeria-en-plata","7":"product_cat-inicio","8":"product_cat-principal","9":"product_cat-joyeria-en-plata","10":"product_cat-pulseras-joyeria-en-plata","11":"pa_acabadospulseraharu-plata","12":"pa_acabadospulseraharu-banooro","13":"sales-flash-overlay","14":"woocommerce-text-align-center","15":"woocommerce-image-align-center","16":"do-quantity-buttons","17":"wc-has-gallery","19":"first","20":"instock","21":"taxable","22":"shipping-taxable","23":"purchasable","24":"product-type-variable"},"yoast_head":"<!-- This site is optimized with the Yoast SEO Premium plugin v22.5 (Yoast SEO v26.5) - https:\/\/yoast.com\/wordpress\/plugins\/seo\/ -->\n<title>Pulsera Star and Colors - Fabricada en plata de 1\u00aa Ley 925<\/title>\n<meta name=\"description\" content=\"La pulsera\u00a0Star and Colors te sorprender\u00e1 por su sencillez. Una fina cadena de la que cuelgan peque\u00f1as estrellas y circonitas.\" \/>\n<meta name=\"robots\" content=\"index, follow, max-snippet:-1, max-image-preview:large, max-video-preview:-1\" \/>\n<link rel=\"canonical\" href=\"https:\/\/lubeljoyeria.com\/producto\/pulsera-lubel-star-and-colors\" \/>\n<meta property=\"og:locale\" content=\"es_ES\" \/>\n<meta property=\"og:type\" content=\"article\" \/>\n<meta property=\"og:title\" content=\"Pulsera Star and Colors\" \/>\n<meta property=\"og:description\" content=\"La pulsera\u00a0Star and Colors te sorprender\u00e1 por su sencillez. Una fina cadena de la que cuelgan peque\u00f1as estrellas y circonitas.\" \/>\n<meta property=\"og:url\" content=\"https:\/\/lubeljoyeria.com\/producto\/pulsera-lubel-star-and-colors\" \/>\n<meta property=\"og:site_name\" content=\"Lubel joyeria. Joyeria en Plata . Distribuidor oficial de Swarovski. - Lubel\" \/>\n<meta property=\"article:modified_time\" content=\"2025-01-21T16:09:15+00:00\" \/>\n<meta property=\"og:image\" content=\"https:\/\/lubeljoyeria.com\/wp-content\/uploads\/2021\/12\/pulsera-estrellas-calada-circ-color.jpg\" \/>\n\t<meta property=\"og:image:width\" content=\"1100\" \/>\n\t<meta property=\"og:image:height\" content=\"1100\" \/>\n\t<meta property=\"og:image:type\" content=\"image\/jpeg\" \/>\n<meta name=\"twitter:card\" content=\"summary_large_image\" \/>\n<meta name=\"twitter:label1\" content=\"Tiempo de lectura\" \/>\n\t<meta name=\"twitter:data1\" content=\"1 minuto\" \/>\n<script type=\"application\/ld+json\" class=\"yoast-schema-graph\">{\"@context\":\"https:\/\/schema.org\",\"@graph\":[{\"@type\":\"WebPage\",\"@id\":\"https:\/\/lubeljoyeria.com\/producto\/pulsera-lubel-star-and-colors\",\"url\":\"https:\/\/lubeljoyeria.com\/producto\/pulsera-lubel-star-and-colors\",\"name\":\"Pulsera Star and Colors - Fabricada en plata de 1\u00aa Ley 925\",\"isPartOf\":{\"@id\":\"https:\/\/lubeljoyeria.com\/#website\"},\"primaryImageOfPage\":{\"@id\":\"https:\/\/lubeljoyeria.com\/producto\/pulsera-lubel-star-and-colors#primaryimage\"},\"image\":{\"@id\":\"https:\/\/lubeljoyeria.com\/producto\/pulsera-lubel-star-and-colors#primaryimage\"},\"thumbnailUrl\":\"https:\/\/lubeljoyeria.com\/wp-content\/uploads\/2021\/12\/pulsera-estrellas-calada-circ-color.jpg\",\"datePublished\":\"2021-12-15T16:14:20+00:00\",\"dateModified\":\"2025-01-21T16:09:15+00:00\",\"description\":\"La pulsera\u00a0Star and Colors te sorprender\u00e1 por su sencillez. Una fina cadena de la que cuelgan peque\u00f1as estrellas y circonitas.\",\"breadcrumb\":{\"@id\":\"https:\/\/lubeljoyeria.com\/producto\/pulsera-lubel-star-and-colors#breadcrumb\"},\"inLanguage\":\"es\",\"potentialAction\":[{\"@type\":\"ReadAction\",\"target\":[\"https:\/\/lubeljoyeria.com\/producto\/pulsera-lubel-star-and-colors\"]}]},{\"@type\":\"ImageObject\",\"inLanguage\":\"es\",\"@id\":\"https:\/\/lubeljoyeria.com\/producto\/pulsera-lubel-star-and-colors#primaryimage\",\"url\":\"https:\/\/lubeljoyeria.com\/wp-content\/uploads\/2021\/12\/pulsera-estrellas-calada-circ-color.jpg\",\"contentUrl\":\"https:\/\/lubeljoyeria.com\/wp-content\/uploads\/2021\/12\/pulsera-estrellas-calada-circ-color.jpg\",\"width\":1100,\"height\":1100,\"caption\":\"Pulsera estrellas y circonitas de colores. Fabricada en Plata de 1\u00aa Ley.\"},{\"@type\":\"BreadcrumbList\",\"@id\":\"https:\/\/lubeljoyeria.com\/producto\/pulsera-lubel-star-and-colors#breadcrumb\",\"itemListElement\":[{\"@type\":\"ListItem\",\"position\":1,\"name\":\"Home\",\"item\":\"https:\/\/lubeljoyeria.com\/\"},{\"@type\":\"ListItem\",\"position\":2,\"name\":\"Tienda\",\"item\":\"https:\/\/lubeljoyeria.com\/?page_id=6\"},{\"@type\":\"ListItem\",\"position\":3,\"name\":\"Pulsera Star and Colors\"}]},{\"@type\":\"WebSite\",\"@id\":\"https:\/\/lubeljoyeria.com\/#website\",\"url\":\"https:\/\/lubeljoyeria.com\/\",\"name\":\"Lubel joyeria. Joyeria en Plata . Distribuidor oficial de Swarovski. - Lubel\",\"description\":\"Lubel joyeria. Joyeria en Plata . Distribuidor oficial de Swarovski. - Lubel\",\"publisher\":{\"@id\":\"https:\/\/lubeljoyeria.com\/#organization\"},\"potentialAction\":[{\"@type\":\"SearchAction\",\"target\":{\"@type\":\"EntryPoint\",\"urlTemplate\":\"https:\/\/lubeljoyeria.com\/?s={search_term_string}\"},\"query-input\":{\"@type\":\"PropertyValueSpecification\",\"valueRequired\":true,\"valueName\":\"search_term_string\"}}],\"inLanguage\":\"es\"},{\"@type\":\"Organization\",\"@id\":\"https:\/\/lubeljoyeria.com\/#organization\",\"name\":\"Lubel joyeria. Joyeria en Plata . Distribuidor oficial de Swarovski. - Lubel\",\"url\":\"https:\/\/lubeljoyeria.com\/\",\"logo\":{\"@type\":\"ImageObject\",\"inLanguage\":\"es\",\"@id\":\"https:\/\/lubeljoyeria.com\/#\/schema\/logo\/image\/\",\"url\":\"https:\/\/lubeljoyeria.com\/wp-content\/uploads\/2020\/10\/lubel-joyeria-logo-1543825573-1.png\",\"contentUrl\":\"https:\/\/lubeljoyeria.com\/wp-content\/uploads\/2020\/10\/lubel-joyeria-logo-1543825573-1.png\",\"width\":135,\"height\":31,\"caption\":\"Lubel joyeria. Joyeria en Plata . Distribuidor oficial de Swarovski. - Lubel\"},\"image\":{\"@id\":\"https:\/\/lubeljoyeria.com\/#\/schema\/logo\/image\/\"}}]}<\/script>\n<!-- \/ Yoast SEO Premium plugin. -->","yoast_head_json":{"title":"Pulsera Star and Colors - Fabricada en plata de 1\u00aa Ley 925","description":"La pulsera\u00a0Star and Colors te sorprender\u00e1 por su sencillez. Una fina cadena de la que cuelgan peque\u00f1as estrellas y circonitas.","robots":{"index":"index","follow":"follow","max-snippet":"max-snippet:-1","max-image-preview":"max-image-preview:large","max-video-preview":"max-video-preview:-1"},"canonical":"https:\/\/lubeljoyeria.com\/producto\/pulsera-lubel-star-and-colors","og_locale":"es_ES","og_type":"article","og_title":"Pulsera Star and Colors","og_description":"La pulsera\u00a0Star and Colors te sorprender\u00e1 por su sencillez. Una fina cadena de la que cuelgan peque\u00f1as estrellas y circonitas.","og_url":"https:\/\/lubeljoyeria.com\/producto\/pulsera-lubel-star-and-colors","og_site_name":"Lubel joyeria. Joyeria en Plata . Distribuidor oficial de Swarovski. - Lubel","article_modified_time":"2025-01-21T16:09:15+00:00","og_image":[{"width":1100,"height":1100,"url":"https:\/\/lubeljoyeria.com\/wp-content\/uploads\/2021\/12\/pulsera-estrellas-calada-circ-color.jpg","type":"image\/jpeg"}],"twitter_card":"summary_large_image","twitter_misc":{"Tiempo de lectura":"1 minuto"},"schema":{"@context":"https:\/\/schema.org","@graph":[{"@type":"WebPage","@id":"https:\/\/lubeljoyeria.com\/producto\/pulsera-lubel-star-and-colors","url":"https:\/\/lubeljoyeria.com\/producto\/pulsera-lubel-star-and-colors","name":"Pulsera Star and Colors - Fabricada en plata de 1\u00aa Ley 925","isPartOf":{"@id":"https:\/\/lubeljoyeria.com\/#website"},"primaryImageOfPage":{"@id":"https:\/\/lubeljoyeria.com\/producto\/pulsera-lubel-star-and-colors#primaryimage"},"image":{"@id":"https:\/\/lubeljoyeria.com\/producto\/pulsera-lubel-star-and-colors#primaryimage"},"thumbnailUrl":"https:\/\/lubeljoyeria.com\/wp-content\/uploads\/2021\/12\/pulsera-estrellas-calada-circ-color.jpg","datePublished":"2021-12-15T16:14:20+00:00","dateModified":"2025-01-21T16:09:15+00:00","description":"La pulsera\u00a0Star and Colors te sorprender\u00e1 por su sencillez. Una fina cadena de la que cuelgan peque\u00f1as estrellas y circonitas.","breadcrumb":{"@id":"https:\/\/lubeljoyeria.com\/producto\/pulsera-lubel-star-and-colors#breadcrumb"},"inLanguage":"es","potentialAction":[{"@type":"ReadAction","target":["https:\/\/lubeljoyeria.com\/producto\/pulsera-lubel-star-and-colors"]}]},{"@type":"ImageObject","inLanguage":"es","@id":"https:\/\/lubeljoyeria.com\/producto\/pulsera-lubel-star-and-colors#primaryimage","url":"https:\/\/lubeljoyeria.com\/wp-content\/uploads\/2021\/12\/pulsera-estrellas-calada-circ-color.jpg","contentUrl":"https:\/\/lubeljoyeria.com\/wp-content\/uploads\/2021\/12\/pulsera-estrellas-calada-circ-color.jpg","width":1100,"height":1100,"caption":"Pulsera estrellas y circonitas de colores. Fabricada en Plata de 1\u00aa Ley."},{"@type":"BreadcrumbList","@id":"https:\/\/lubeljoyeria.com\/producto\/pulsera-lubel-star-and-colors#breadcrumb","itemListElement":[{"@type":"ListItem","position":1,"name":"Home","item":"https:\/\/lubeljoyeria.com\/"},{"@type":"ListItem","position":2,"name":"Tienda","item":"https:\/\/lubeljoyeria.com\/?page_id=6"},{"@type":"ListItem","position":3,"name":"Pulsera Star and Colors"}]},{"@type":"WebSite","@id":"https:\/\/lubeljoyeria.com\/#website","url":"https:\/\/lubeljoyeria.com\/","name":"Lubel joyeria. Joyeria en Plata . Distribuidor oficial de Swarovski. - Lubel","description":"Lubel joyeria. Joyeria en Plata . Distribuidor oficial de Swarovski. - Lubel","publisher":{"@id":"https:\/\/lubeljoyeria.com\/#organization"},"potentialAction":[{"@type":"SearchAction","target":{"@type":"EntryPoint","urlTemplate":"https:\/\/lubeljoyeria.com\/?s={search_term_string}"},"query-input":{"@type":"PropertyValueSpecification","valueRequired":true,"valueName":"search_term_string"}}],"inLanguage":"es"},{"@type":"Organization","@id":"https:\/\/lubeljoyeria.com\/#organization","name":"Lubel joyeria. Joyeria en Plata . Distribuidor oficial de Swarovski. - Lubel","url":"https:\/\/lubeljoyeria.com\/","logo":{"@type":"ImageObject","inLanguage":"es","@id":"https:\/\/lubeljoyeria.com\/#\/schema\/logo\/image\/","url":"https:\/\/lubeljoyeria.com\/wp-content\/uploads\/2020\/10\/lubel-joyeria-logo-1543825573-1.png","contentUrl":"https:\/\/lubeljoyeria.com\/wp-content\/uploads\/2020\/10\/lubel-joyeria-logo-1543825573-1.png","width":135,"height":31,"caption":"Lubel joyeria. Joyeria en Plata . Distribuidor oficial de Swarovski. - Lubel"},"image":{"@id":"https:\/\/lubeljoyeria.com\/#\/schema\/logo\/image\/"}}]}},"_links":{"self":[{"href":"https:\/\/lubeljoyeria.com\/index.php?rest_route=\/wp\/v2\/product\/21958","targetHints":{"allow":["GET"]}}],"collection":[{"href":"https:\/\/lubeljoyeria.com\/index.php?rest_route=\/wp\/v2\/product"}],"about":[{"href":"https:\/\/lubeljoyeria.com\/index.php?rest_route=\/wp\/v2\/types\/product"}],"wp:featuredmedia":[{"embeddable":true,"href":"https:\/\/lubeljoyeria.com\/index.php?rest_route=\/wp\/v2\/media\/21962"}],"wp:attachment":[{"href":"https:\/\/lubeljoyeria.com\/index.php?rest_route=%2Fwp%2Fv2%2Fmedia&parent=21958"}],"wp:term":[{"taxonomy":"product_brand","embeddable":true,"href":"https:\/\/lubeljoyeria.com\/index.php?rest_route=%2Fwp%2Fv2%2Fproduct_brand&post=21958"},{"taxonomy":"product_cat","embeddable":true,"href":"https:\/\/lubeljoyeria.com\/index.php?rest_route=%2Fwp%2Fv2%2Fproduct_cat&post=21958"},{"taxonomy":"product_tag","embeddable":true,"href":"https:\/\/lubeljoyeria.com\/index.php?rest_route=%2Fwp%2Fv2%2Fproduct_tag&post=21958"}],"curies":[{"name":"wp","href":"https:\/\/api.w.org\/{rel}","templated":true}]}}