{"id":21946,"date":"2021-12-15T12:14:49","date_gmt":"2021-12-15T12:14:49","guid":{"rendered":"https:\/\/lubeljoyeria.com\/?post_type=product&#038;p=21946"},"modified":"2025-05-05T15:44:42","modified_gmt":"2025-05-05T15:44:42","slug":"pulsera-lubel-star-and-moon","status":"publish","type":"product","link":"https:\/\/lubeljoyeria.com\/?product=pulsera-lubel-star-and-moon","title":{"rendered":"Pulsera Star and Moon"},"content":{"rendered":"<div class=\"description\">\n<p>Elegante pero con un punto atrevido. As\u00ed es la pulsera <em>star and moon<\/em>. Una cadenita hecha de peque\u00f1os eslabones de los que cuelgan peque\u00f1as estrellas y lunas caladas que le aportan un toque informal a la pieza. Una joya con mucha personalidad ideal tanto para tu d\u00eda a d\u00eda.<\/p>\n<ul>\n<li>\u00a0Fabricada en Plata de 1\u00aa Ley con un ba\u00f1o de rodio o de oro 18k.<\/li>\n<\/ul>\n<\/div>\n","protected":false},"excerpt":{"rendered":"<div class=\"description\">\n<p>Elegante pero con un punto atrevido. As\u00ed es la pulsera <em>star and moon<\/em>. Una cadenita hecha de peque\u00f1os eslabones de los que cuelgan peque\u00f1as estrellas y lunas caladas que le aportan un toque informal a la pieza. Una joya con mucha personalidad ideal tanto para tu d\u00eda a d\u00eda.<\/p>\n<ul>\n<li>\u00a0Fabricada en Plata de 1\u00aa Ley con un ba\u00f1o de rodio o de oro 18k.<\/li>\n<\/ul>\n<\/div>\n<div id=\"product-form-4786335449176\" class=\"clearfix product_form init smart-payment-button--false product_form--swatches is-visible\" data-money-format=\"{{amount_with_comma_separator}}\u20ac\" data-shop-currency=\"EUR\" data-select-id=\"product-select-4786335449176productproduct-details-template\" data-enable-state=\"true\" data-product=\"{&quot;id&quot;:4786335449176,&quot;title&quot;:&quot;Pulsera Oz Silver&quot;,&quot;handle&quot;:&quot;pulsera-oz-silver&quot;,&quot;description&quot;:&quot;\\u003cp\\u003e\\u003cstrong\\u003eDESCRIPCI\u00d3N\\u003c\\\/strong\\u003e\\u003c\\\/p\\u003e\\n\\u003cp class=\\&quot;p1\\&quot;\\u003eElegante pero con un punto atrevido. As\u00ed es la pulsera Oz. Una cadenita hecha de peque\u00f1os eslabones de los que cuelgan peque\u00f1as circonitas blancas que le aportan un toque de luz a la pieza. Una joya con mucha personalidad ideal tanto para tu d\u00eda a d\u00eda como para tus noches m\u00e1s especiales.\\u003c\\\/p\\u003e\\n\\u003cp\\u003e\\u003cstrong\\u003eDETALLES\\u003c\\\/strong\\u003e\\u003c\\\/p\\u003e\\n\\u003cp\\u003ePlata de Primera Ley 925\\u003c\\\/p\\u003e\\n\\u003cp\\u003eCirconitas blancas\\u003c\\\/p\\u003e\\n\\u003cp\\u003eLongitud de 16,5 cm m\u00e1s\u00a02,5 cm de alargador\\u003c\\\/p\\u003e\\n\\u003cp\\u003eDi\u00e1metro de las\u00a0cinco circonitas de\u00a04,3 mm\\u003c\\\/p\\u003e&quot;,&quot;published_at&quot;:&quot;2020-11-16T14:02:30+01:00&quot;,&quot;created_at&quot;:&quot;2020-10-13T14:57:10+02:00&quot;,&quot;vendor&quot;:&quot;Mertor Invest&quot;,&quot;type&quot;:&quot;Pulseras&quot;,&quot;tags&quot;:[&quot;B2B&quot;,&quot;Plata&quot;],&quot;price&quot;:3450,&quot;price_min&quot;:3450,&quot;price_max&quot;:3450,&quot;available&quot;:true,&quot;price_varies&quot;:false,&quot;compare_at_price&quot;:null,&quot;compare_at_price_min&quot;:0,&quot;compare_at_price_max&quot;:0,&quot;compare_at_price_varies&quot;:false,&quot;variants&quot;:[{&quot;id&quot;:33420090867800,&quot;title&quot;:&quot;Default Title&quot;,&quot;option1&quot;:&quot;Default Title&quot;,&quot;option2&quot;:null,&quot;option3&quot;:null,&quot;sku&quot;:&quot;PU003RH&quot;,&quot;requires_shipping&quot;:true,&quot;taxable&quot;:true,&quot;featured_image&quot;:null,&quot;available&quot;:true,&quot;name&quot;:&quot;Pulsera Oz Silver&quot;,&quot;public_title&quot;:null,&quot;options&quot;:[&quot;Default Title&quot;],&quot;price&quot;:3450,&quot;weight&quot;:2,&quot;compare_at_price&quot;:null,&quot;inventory_management&quot;:&quot;shopify&quot;,&quot;barcode&quot;:&quot;PU872RH&quot;,&quot;requires_selling_plan&quot;:false,&quot;selling_plan_allocations&quot;:[]}],&quot;images&quot;:[&quot;\\\/\\\/cdn.shopify.com\\\/s\\\/files\\\/1\\\/0086\\\/2761\\\/7856\\\/products\\\/Silver_0008_PulseraOz.jpg?v=1610628458&quot;,&quot;\\\/\\\/cdn.shopify.com\\\/s\\\/files\\\/1\\\/0086\\\/2761\\\/7856\\\/products\\\/pulsera-lisbon-oz-silver_bf692b39-6b4c-4893-b48d-8f77756772a6.jpg?v=1605351696&quot;,&quot;\\\/\\\/cdn.shopify.com\\\/s\\\/files\\\/1\\\/0086\\\/2761\\\/7856\\\/products\\\/packaging-dosaes_8d0b14be-e649-45c8-b72f-34315057fa42.jpg?v=1605351697&quot;],&quot;featured_image&quot;:&quot;\\\/\\\/cdn.shopify.com\\\/s\\\/files\\\/1\\\/0086\\\/2761\\\/7856\\\/products\\\/Silver_0008_PulseraOz.jpg?v=1610628458&quot;,&quot;options&quot;:[&quot;Title&quot;],&quot;media&quot;:[{&quot;alt&quot;:null,&quot;id&quot;:8404054507608,&quot;position&quot;:1,&quot;preview_image&quot;:{&quot;aspect_ratio&quot;:1.0,&quot;height&quot;:1000,&quot;width&quot;:1000,&quot;src&quot;:&quot;https:\\\/\\\/cdn.shopify.com\\\/s\\\/files\\\/1\\\/0086\\\/2761\\\/7856\\\/products\\\/Silver_0008_PulseraOz.jpg?v=1610628458&quot;},&quot;aspect_ratio&quot;:1.0,&quot;height&quot;:1000,&quot;media_type&quot;:&quot;image&quot;,&quot;src&quot;:&quot;https:\\\/\\\/cdn.shopify.com\\\/s\\\/files\\\/1\\\/0086\\\/2761\\\/7856\\\/products\\\/Silver_0008_PulseraOz.jpg?v=1610628458&quot;,&quot;width&quot;:1000},{&quot;alt&quot;:null,&quot;id&quot;:8140264341592,&quot;position&quot;:2,&quot;preview_image&quot;:{&quot;aspect_ratio&quot;:1.0,&quot;height&quot;:3024,&quot;width&quot;:3024,&quot;src&quot;:&quot;https:\\\/\\\/cdn.shopify.com\\\/s\\\/files\\\/1\\\/0086\\\/2761\\\/7856\\\/products\\\/pulsera-lisbon-oz-silver_bf692b39-6b4c-4893-b48d-8f77756772a6.jpg?v=1605351696&quot;},&quot;aspect_ratio&quot;:1.0,&quot;height&quot;:3024,&quot;media_type&quot;:&quot;image&quot;,&quot;src&quot;:&quot;https:\\\/\\\/cdn.shopify.com\\\/s\\\/files\\\/1\\\/0086\\\/2761\\\/7856\\\/products\\\/pulsera-lisbon-oz-silver_bf692b39-6b4c-4893-b48d-8f77756772a6.jpg?v=1605351696&quot;,&quot;width&quot;:3024},{&quot;alt&quot;:null,&quot;id&quot;:8140264374360,&quot;position&quot;:3,&quot;preview_image&quot;:{&quot;aspect_ratio&quot;:1.0,&quot;height&quot;:2899,&quot;width&quot;:2899,&quot;src&quot;:&quot;https:\\\/\\\/cdn.shopify.com\\\/s\\\/files\\\/1\\\/0086\\\/2761\\\/7856\\\/products\\\/packaging-dosaes_8d0b14be-e649-45c8-b72f-34315057fa42.jpg?v=1605351697&quot;},&quot;aspect_ratio&quot;:1.0,&quot;height&quot;:2899,&quot;media_type&quot;:&quot;image&quot;,&quot;src&quot;:&quot;https:\\\/\\\/cdn.shopify.com\\\/s\\\/files\\\/1\\\/0086\\\/2761\\\/7856\\\/products\\\/packaging-dosaes_8d0b14be-e649-45c8-b72f-34315057fa42.jpg?v=1605351697&quot;,&quot;width&quot;:2899}],&quot;requires_selling_plan&quot;:false,&quot;selling_plan_groups&quot;:[],&quot;content&quot;:&quot;\\u003cp\\u003e\\u003cstrong\\u003eDESCRIPCI\u00d3N\\u003c\\\/strong\\u003e\\u003c\\\/p\\u003e\\n\\u003cp class=\\&quot;p1\\&quot;\\u003eElegante pero con un punto atrevido. As\u00ed es la pulsera Oz. Una cadenita hecha de peque\u00f1os eslabones de los que cuelgan peque\u00f1as circonitas blancas que le aportan un toque de luz a la pieza. Una joya con mucha personalidad ideal tanto para tu d\u00eda a d\u00eda como para tus noches m\u00e1s especiales.\\u003c\\\/p\\u003e\\n\\u003cp\\u003e\\u003cstrong\\u003eDETALLES\\u003c\\\/strong\\u003e\\u003c\\\/p\\u003e\\n\\u003cp\\u003ePlata de Primera Ley 925\\u003c\\\/p\\u003e\\n\\u003cp\\u003eCirconitas blancas\\u003c\\\/p\\u003e\\n\\u003cp\\u003eLongitud de 16,5 cm m\u00e1s\u00a02,5 cm de alargador\\u003c\\\/p\\u003e\\n\\u003cp\\u003eDi\u00e1metro de las\u00a0cinco circonitas de\u00a04,3 mm\\u003c\\\/p\\u003e&quot;}\" data-variant-inventory=\"[{&quot;id&quot;:33420090867800,&quot;inventory_quantity&quot;:1,&quot;inventory_management&quot;:&quot;shopify&quot;,&quot;inventory_policy&quot;:&quot;deny&quot;}]\" data-product-id=\"4786335449176\">\n<form id=\"product_form_4786335449176\" class=\"shopify-product-form\" accept-charset=\"UTF-8\" action=\"https:\/\/dosaes.com\/cart\/add\" enctype=\"multipart\/form-data\" method=\"post\">\n<div class=\"purchase-details\">\n<div class=\"purchase-details__buttons purchase-details__spb--false\">\n<div class=\"product__btn-holder\"><button class=\"action_button add_to_cart js-product-add_to_cart \" name=\"add\" type=\"submit\" data-label=\"A\u00f1adir\" data-max-items=\"\" data-variant-id=\"33420090867800\" data-variant-sku=\"PU003RH\"><\/button><\/div>\n<\/div>\n<\/div>\n<\/form>\n<\/div>\n","protected":false},"featured_media":21950,"template":"","meta":{"_joinchat":[]},"product_brand":[1438],"product_cat":[1463,1464,1473,1524],"product_tag":[],"class_list":{"0":"post-21946","1":"product","2":"type-product","3":"status-publish","4":"has-post-thumbnail","6":"product_brand-joyeria-en-plata","7":"product_cat-inicio","8":"product_cat-principal","9":"product_cat-joyeria-en-plata","10":"product_cat-pulseras-joyeria-en-plata","11":"pa_acabadoscolganteharu-plata","12":"pa_acabadoscolganteharu-banooro","13":"sales-flash-overlay","14":"woocommerce-text-align-center","15":"woocommerce-image-align-center","16":"do-quantity-buttons","17":"wc-has-gallery","19":"first","20":"outofstock","21":"taxable","22":"shipping-taxable","23":"purchasable","24":"product-type-variable"},"yoast_head":"<!-- This site is optimized with the Yoast SEO Premium plugin v22.5 (Yoast SEO v26.5) - https:\/\/yoast.com\/wordpress\/plugins\/seo\/ -->\n<title>Pulsera Star and Moon - Joyer\u00eda en Plata de 1\u00aa Ley 925<\/title>\n<meta name=\"description\" content=\"Elegante pero con un punto atrevido. As\u00ed es la pulsera star and moon. Una cadenita hecha de eslabones de los que cuelgan estrellas y lunas\" \/>\n<meta name=\"robots\" content=\"index, follow, max-snippet:-1, max-image-preview:large, max-video-preview:-1\" \/>\n<link rel=\"canonical\" href=\"https:\/\/lubeljoyeria.com\/producto\/pulsera-lubel-star-and-moon\" \/>\n<meta property=\"og:locale\" content=\"es_ES\" \/>\n<meta property=\"og:type\" content=\"article\" \/>\n<meta property=\"og:title\" content=\"Pulsera Star and Moon\" \/>\n<meta property=\"og:description\" content=\"Elegante pero con un punto atrevido. As\u00ed es la pulsera star and moon. Una cadenita hecha de eslabones de los que cuelgan estrellas y lunas\" \/>\n<meta property=\"og:url\" content=\"https:\/\/lubeljoyeria.com\/producto\/pulsera-lubel-star-and-moon\" \/>\n<meta property=\"og:site_name\" content=\"Lubel joyeria. Joyeria en Plata . Distribuidor oficial de Swarovski. - Lubel\" \/>\n<meta property=\"article:modified_time\" content=\"2025-05-05T15:44:42+00:00\" \/>\n<meta property=\"og:image\" content=\"https:\/\/lubeljoyeria.com\/wp-content\/uploads\/2021\/12\/pulsera-eslabones-estrella-y-luna-caladas.jpg\" \/>\n\t<meta property=\"og:image:width\" content=\"1100\" \/>\n\t<meta property=\"og:image:height\" content=\"1100\" \/>\n\t<meta property=\"og:image:type\" content=\"image\/jpeg\" \/>\n<meta name=\"twitter:card\" content=\"summary_large_image\" \/>\n<meta name=\"twitter:label1\" content=\"Tiempo de lectura\" \/>\n\t<meta name=\"twitter:data1\" content=\"1 minuto\" \/>\n<script type=\"application\/ld+json\" class=\"yoast-schema-graph\">{\"@context\":\"https:\/\/schema.org\",\"@graph\":[{\"@type\":\"WebPage\",\"@id\":\"https:\/\/lubeljoyeria.com\/producto\/pulsera-lubel-star-and-moon\",\"url\":\"https:\/\/lubeljoyeria.com\/producto\/pulsera-lubel-star-and-moon\",\"name\":\"Pulsera Star and Moon - Joyer\u00eda en Plata de 1\u00aa Ley 925\",\"isPartOf\":{\"@id\":\"https:\/\/lubeljoyeria.com\/#website\"},\"primaryImageOfPage\":{\"@id\":\"https:\/\/lubeljoyeria.com\/producto\/pulsera-lubel-star-and-moon#primaryimage\"},\"image\":{\"@id\":\"https:\/\/lubeljoyeria.com\/producto\/pulsera-lubel-star-and-moon#primaryimage\"},\"thumbnailUrl\":\"https:\/\/lubeljoyeria.com\/wp-content\/uploads\/2021\/12\/pulsera-eslabones-estrella-y-luna-caladas.jpg\",\"datePublished\":\"2021-12-15T12:14:49+00:00\",\"dateModified\":\"2025-05-05T15:44:42+00:00\",\"description\":\"Elegante pero con un punto atrevido. As\u00ed es la pulsera star and moon. Una cadenita hecha de eslabones de los que cuelgan estrellas y lunas\",\"breadcrumb\":{\"@id\":\"https:\/\/lubeljoyeria.com\/producto\/pulsera-lubel-star-and-moon#breadcrumb\"},\"inLanguage\":\"es\",\"potentialAction\":[{\"@type\":\"ReadAction\",\"target\":[\"https:\/\/lubeljoyeria.com\/producto\/pulsera-lubel-star-and-moon\"]}]},{\"@type\":\"ImageObject\",\"inLanguage\":\"es\",\"@id\":\"https:\/\/lubeljoyeria.com\/producto\/pulsera-lubel-star-and-moon#primaryimage\",\"url\":\"https:\/\/lubeljoyeria.com\/wp-content\/uploads\/2021\/12\/pulsera-eslabones-estrella-y-luna-caladas.jpg\",\"contentUrl\":\"https:\/\/lubeljoyeria.com\/wp-content\/uploads\/2021\/12\/pulsera-eslabones-estrella-y-luna-caladas.jpg\",\"width\":1100,\"height\":1100,\"caption\":\"Pulsera estrellas y lunas. Fabricada en Plata de 1\u00aa Ley 925.\"},{\"@type\":\"BreadcrumbList\",\"@id\":\"https:\/\/lubeljoyeria.com\/producto\/pulsera-lubel-star-and-moon#breadcrumb\",\"itemListElement\":[{\"@type\":\"ListItem\",\"position\":1,\"name\":\"Home\",\"item\":\"https:\/\/lubeljoyeria.com\/\"},{\"@type\":\"ListItem\",\"position\":2,\"name\":\"Tienda\",\"item\":\"https:\/\/lubeljoyeria.com\/?page_id=6\"},{\"@type\":\"ListItem\",\"position\":3,\"name\":\"Pulsera Star and Moon\"}]},{\"@type\":\"WebSite\",\"@id\":\"https:\/\/lubeljoyeria.com\/#website\",\"url\":\"https:\/\/lubeljoyeria.com\/\",\"name\":\"Lubel joyeria. Joyeria en Plata . Distribuidor oficial de Swarovski. - Lubel\",\"description\":\"Lubel joyeria. Joyeria en Plata . Distribuidor oficial de Swarovski. - Lubel\",\"publisher\":{\"@id\":\"https:\/\/lubeljoyeria.com\/#organization\"},\"potentialAction\":[{\"@type\":\"SearchAction\",\"target\":{\"@type\":\"EntryPoint\",\"urlTemplate\":\"https:\/\/lubeljoyeria.com\/?s={search_term_string}\"},\"query-input\":{\"@type\":\"PropertyValueSpecification\",\"valueRequired\":true,\"valueName\":\"search_term_string\"}}],\"inLanguage\":\"es\"},{\"@type\":\"Organization\",\"@id\":\"https:\/\/lubeljoyeria.com\/#organization\",\"name\":\"Lubel joyeria. Joyeria en Plata . Distribuidor oficial de Swarovski. - Lubel\",\"url\":\"https:\/\/lubeljoyeria.com\/\",\"logo\":{\"@type\":\"ImageObject\",\"inLanguage\":\"es\",\"@id\":\"https:\/\/lubeljoyeria.com\/#\/schema\/logo\/image\/\",\"url\":\"https:\/\/lubeljoyeria.com\/wp-content\/uploads\/2020\/10\/lubel-joyeria-logo-1543825573-1.png\",\"contentUrl\":\"https:\/\/lubeljoyeria.com\/wp-content\/uploads\/2020\/10\/lubel-joyeria-logo-1543825573-1.png\",\"width\":135,\"height\":31,\"caption\":\"Lubel joyeria. Joyeria en Plata . Distribuidor oficial de Swarovski. - Lubel\"},\"image\":{\"@id\":\"https:\/\/lubeljoyeria.com\/#\/schema\/logo\/image\/\"}}]}<\/script>\n<!-- \/ Yoast SEO Premium plugin. -->","yoast_head_json":{"title":"Pulsera Star and Moon - Joyer\u00eda en Plata de 1\u00aa Ley 925","description":"Elegante pero con un punto atrevido. As\u00ed es la pulsera star and moon. Una cadenita hecha de eslabones de los que cuelgan estrellas y lunas","robots":{"index":"index","follow":"follow","max-snippet":"max-snippet:-1","max-image-preview":"max-image-preview:large","max-video-preview":"max-video-preview:-1"},"canonical":"https:\/\/lubeljoyeria.com\/producto\/pulsera-lubel-star-and-moon","og_locale":"es_ES","og_type":"article","og_title":"Pulsera Star and Moon","og_description":"Elegante pero con un punto atrevido. As\u00ed es la pulsera star and moon. Una cadenita hecha de eslabones de los que cuelgan estrellas y lunas","og_url":"https:\/\/lubeljoyeria.com\/producto\/pulsera-lubel-star-and-moon","og_site_name":"Lubel joyeria. Joyeria en Plata . Distribuidor oficial de Swarovski. - Lubel","article_modified_time":"2025-05-05T15:44:42+00:00","og_image":[{"width":1100,"height":1100,"url":"https:\/\/lubeljoyeria.com\/wp-content\/uploads\/2021\/12\/pulsera-eslabones-estrella-y-luna-caladas.jpg","type":"image\/jpeg"}],"twitter_card":"summary_large_image","twitter_misc":{"Tiempo de lectura":"1 minuto"},"schema":{"@context":"https:\/\/schema.org","@graph":[{"@type":"WebPage","@id":"https:\/\/lubeljoyeria.com\/producto\/pulsera-lubel-star-and-moon","url":"https:\/\/lubeljoyeria.com\/producto\/pulsera-lubel-star-and-moon","name":"Pulsera Star and Moon - Joyer\u00eda en Plata de 1\u00aa Ley 925","isPartOf":{"@id":"https:\/\/lubeljoyeria.com\/#website"},"primaryImageOfPage":{"@id":"https:\/\/lubeljoyeria.com\/producto\/pulsera-lubel-star-and-moon#primaryimage"},"image":{"@id":"https:\/\/lubeljoyeria.com\/producto\/pulsera-lubel-star-and-moon#primaryimage"},"thumbnailUrl":"https:\/\/lubeljoyeria.com\/wp-content\/uploads\/2021\/12\/pulsera-eslabones-estrella-y-luna-caladas.jpg","datePublished":"2021-12-15T12:14:49+00:00","dateModified":"2025-05-05T15:44:42+00:00","description":"Elegante pero con un punto atrevido. As\u00ed es la pulsera star and moon. Una cadenita hecha de eslabones de los que cuelgan estrellas y lunas","breadcrumb":{"@id":"https:\/\/lubeljoyeria.com\/producto\/pulsera-lubel-star-and-moon#breadcrumb"},"inLanguage":"es","potentialAction":[{"@type":"ReadAction","target":["https:\/\/lubeljoyeria.com\/producto\/pulsera-lubel-star-and-moon"]}]},{"@type":"ImageObject","inLanguage":"es","@id":"https:\/\/lubeljoyeria.com\/producto\/pulsera-lubel-star-and-moon#primaryimage","url":"https:\/\/lubeljoyeria.com\/wp-content\/uploads\/2021\/12\/pulsera-eslabones-estrella-y-luna-caladas.jpg","contentUrl":"https:\/\/lubeljoyeria.com\/wp-content\/uploads\/2021\/12\/pulsera-eslabones-estrella-y-luna-caladas.jpg","width":1100,"height":1100,"caption":"Pulsera estrellas y lunas. Fabricada en Plata de 1\u00aa Ley 925."},{"@type":"BreadcrumbList","@id":"https:\/\/lubeljoyeria.com\/producto\/pulsera-lubel-star-and-moon#breadcrumb","itemListElement":[{"@type":"ListItem","position":1,"name":"Home","item":"https:\/\/lubeljoyeria.com\/"},{"@type":"ListItem","position":2,"name":"Tienda","item":"https:\/\/lubeljoyeria.com\/?page_id=6"},{"@type":"ListItem","position":3,"name":"Pulsera Star and Moon"}]},{"@type":"WebSite","@id":"https:\/\/lubeljoyeria.com\/#website","url":"https:\/\/lubeljoyeria.com\/","name":"Lubel joyeria. Joyeria en Plata . Distribuidor oficial de Swarovski. - Lubel","description":"Lubel joyeria. Joyeria en Plata . Distribuidor oficial de Swarovski. - Lubel","publisher":{"@id":"https:\/\/lubeljoyeria.com\/#organization"},"potentialAction":[{"@type":"SearchAction","target":{"@type":"EntryPoint","urlTemplate":"https:\/\/lubeljoyeria.com\/?s={search_term_string}"},"query-input":{"@type":"PropertyValueSpecification","valueRequired":true,"valueName":"search_term_string"}}],"inLanguage":"es"},{"@type":"Organization","@id":"https:\/\/lubeljoyeria.com\/#organization","name":"Lubel joyeria. Joyeria en Plata . Distribuidor oficial de Swarovski. - Lubel","url":"https:\/\/lubeljoyeria.com\/","logo":{"@type":"ImageObject","inLanguage":"es","@id":"https:\/\/lubeljoyeria.com\/#\/schema\/logo\/image\/","url":"https:\/\/lubeljoyeria.com\/wp-content\/uploads\/2020\/10\/lubel-joyeria-logo-1543825573-1.png","contentUrl":"https:\/\/lubeljoyeria.com\/wp-content\/uploads\/2020\/10\/lubel-joyeria-logo-1543825573-1.png","width":135,"height":31,"caption":"Lubel joyeria. Joyeria en Plata . Distribuidor oficial de Swarovski. - Lubel"},"image":{"@id":"https:\/\/lubeljoyeria.com\/#\/schema\/logo\/image\/"}}]}},"_links":{"self":[{"href":"https:\/\/lubeljoyeria.com\/index.php?rest_route=\/wp\/v2\/product\/21946","targetHints":{"allow":["GET"]}}],"collection":[{"href":"https:\/\/lubeljoyeria.com\/index.php?rest_route=\/wp\/v2\/product"}],"about":[{"href":"https:\/\/lubeljoyeria.com\/index.php?rest_route=\/wp\/v2\/types\/product"}],"wp:featuredmedia":[{"embeddable":true,"href":"https:\/\/lubeljoyeria.com\/index.php?rest_route=\/wp\/v2\/media\/21950"}],"wp:attachment":[{"href":"https:\/\/lubeljoyeria.com\/index.php?rest_route=%2Fwp%2Fv2%2Fmedia&parent=21946"}],"wp:term":[{"taxonomy":"product_brand","embeddable":true,"href":"https:\/\/lubeljoyeria.com\/index.php?rest_route=%2Fwp%2Fv2%2Fproduct_brand&post=21946"},{"taxonomy":"product_cat","embeddable":true,"href":"https:\/\/lubeljoyeria.com\/index.php?rest_route=%2Fwp%2Fv2%2Fproduct_cat&post=21946"},{"taxonomy":"product_tag","embeddable":true,"href":"https:\/\/lubeljoyeria.com\/index.php?rest_route=%2Fwp%2Fv2%2Fproduct_tag&post=21946"}],"curies":[{"name":"wp","href":"https:\/\/api.w.org\/{rel}","templated":true}]}}