{"id":21819,"date":"2021-12-04T18:37:26","date_gmt":"2021-12-04T18:37:26","guid":{"rendered":"https:\/\/lubeljoyeria.com\/?post_type=product&#038;p=21819"},"modified":"2022-03-11T18:39:15","modified_gmt":"2022-03-11T18:39:15","slug":"pulsera-swarovski-stella","status":"publish","type":"product","link":"https:\/\/lubeljoyeria.com\/?product=pulsera-swarovski-stella","title":{"rendered":"Pulsera Swarovski, Stella"},"content":{"rendered":"<div id=\"product-details-ellipsis\" class=\"swa-product-details__drawer__description swa-text-sans--small js-swa-multiline-ellipsis\" data-ellipsis-mobile-only=\"true\" data-seemore=\"Leer m\u00e1s\" data-seeless=\"Ver menos\" data-visible-words-count=\"15\">La ic\u00f3nica estrella es el motivo central de esta delicada pulsera inspirada en la magia de los paisajes austriacos. El detalle final de Dancing Stone convierte esta pieza en una versi\u00f3n actual de un rico patrimonio de joyer\u00eda. Ll\u00e9vala sola o con los pendientes y el colgante a juego de la familia Stella.<\/div>\n<ul id=\"product-details-classifications-ellipsis\" class=\"swa-product-details__drawer__specs swa-text-sans--small\">\n<li>Largo: 24 cm.<\/li>\n<li>Material:\u00a0 Ba\u00f1o de rodio y cristal de Swarovski.<\/li>\n<\/ul>\n","protected":false},"excerpt":{"rendered":"<div id=\"product-details-ellipsis\" class=\"swa-product-details__drawer__description swa-text-sans--small js-swa-multiline-ellipsis\" data-ellipsis-mobile-only=\"true\" data-seemore=\"Leer m\u00e1s\" data-seeless=\"Ver menos\" data-visible-words-count=\"15\">La ic\u00f3nica estrella es el motivo central de esta delicada pulsera inspirada en la magia de los paisajes austriacos. El detalle final de Dancing Stone convierte esta pieza en una versi\u00f3n actual de un rico patrimonio de joyer\u00eda. Ll\u00e9vala sola o con los pendientes y el colgante a juego de la familia Stella.<\/div>\n<ul id=\"product-details-classifications-ellipsis\" class=\"swa-product-details__drawer__specs swa-text-sans--small\">\n<li>Largo: 24 cm.<\/li>\n<li>Material:\u00a0 Ba\u00f1o de rodio y cristal de Swarovski.<\/li>\n<\/ul>\n","protected":false},"featured_media":21820,"template":"","meta":{"_joinchat":[]},"product_brand":[1437],"product_cat":[1463,1464,1470,1530],"product_tag":[],"class_list":{"0":"post-21819","1":"product","2":"type-product","3":"status-publish","4":"has-post-thumbnail","6":"product_brand-swarovski","7":"product_cat-inicio","8":"product_cat-principal","9":"product_cat-swarovski","10":"product_cat-pulseras-swarovski","11":"sales-flash-overlay","12":"woocommerce-text-align-center","13":"woocommerce-image-align-center","14":"do-quantity-buttons","15":"wc-has-gallery","17":"first","18":"instock","19":"taxable","20":"shipping-taxable","21":"purchasable","22":"product-type-simple"},"yoast_head":"<!-- This site is optimized with the Yoast SEO Premium plugin v22.5 (Yoast SEO v26.5) - https:\/\/yoast.com\/wordpress\/plugins\/seo\/ -->\n<title>Pulsera Swarovski, Stella - Distribuidor oficial Swarovski<\/title>\n<meta name=\"description\" content=\"La ic\u00f3nica estrella es el motivo central de esta delicada pulsera inspirada en la magia de los paisajes austriacos.\" \/>\n<meta name=\"robots\" content=\"index, follow, max-snippet:-1, max-image-preview:large, max-video-preview:-1\" \/>\n<link rel=\"canonical\" href=\"https:\/\/lubeljoyeria.com\/producto\/pulsera-swarovski-stella\" \/>\n<meta property=\"og:locale\" content=\"es_ES\" \/>\n<meta property=\"og:type\" content=\"article\" \/>\n<meta property=\"og:title\" content=\"Pulsera Swarovski, Stella\" \/>\n<meta property=\"og:description\" content=\"La ic\u00f3nica estrella es el motivo central de esta delicada pulsera inspirada en la magia de los paisajes austriacos.\" \/>\n<meta property=\"og:url\" content=\"https:\/\/lubeljoyeria.com\/producto\/pulsera-swarovski-stella\" \/>\n<meta property=\"og:site_name\" content=\"Lubel joyeria. Joyeria en Plata . Distribuidor oficial de Swarovski. - Lubel\" \/>\n<meta property=\"article:modified_time\" content=\"2022-03-11T18:39:15+00:00\" \/>\n<meta property=\"og:image\" content=\"https:\/\/lubeljoyeria.com\/wp-content\/uploads\/2021\/12\/5617881_LI.jpg\" \/>\n\t<meta property=\"og:image:width\" content=\"600\" \/>\n\t<meta property=\"og:image:height\" content=\"600\" \/>\n\t<meta property=\"og:image:type\" content=\"image\/jpeg\" \/>\n<meta name=\"twitter:card\" content=\"summary_large_image\" \/>\n<script type=\"application\/ld+json\" class=\"yoast-schema-graph\">{\"@context\":\"https:\/\/schema.org\",\"@graph\":[{\"@type\":\"WebPage\",\"@id\":\"https:\/\/lubeljoyeria.com\/producto\/pulsera-swarovski-stella\",\"url\":\"https:\/\/lubeljoyeria.com\/producto\/pulsera-swarovski-stella\",\"name\":\"Pulsera Swarovski, Stella - Distribuidor oficial Swarovski\",\"isPartOf\":{\"@id\":\"https:\/\/lubeljoyeria.com\/#website\"},\"primaryImageOfPage\":{\"@id\":\"https:\/\/lubeljoyeria.com\/producto\/pulsera-swarovski-stella#primaryimage\"},\"image\":{\"@id\":\"https:\/\/lubeljoyeria.com\/producto\/pulsera-swarovski-stella#primaryimage\"},\"thumbnailUrl\":\"https:\/\/lubeljoyeria.com\/wp-content\/uploads\/2021\/12\/5617881_LI.jpg\",\"datePublished\":\"2021-12-04T18:37:26+00:00\",\"dateModified\":\"2022-03-11T18:39:15+00:00\",\"description\":\"La ic\u00f3nica estrella es el motivo central de esta delicada pulsera inspirada en la magia de los paisajes austriacos.\",\"breadcrumb\":{\"@id\":\"https:\/\/lubeljoyeria.com\/producto\/pulsera-swarovski-stella#breadcrumb\"},\"inLanguage\":\"es\",\"potentialAction\":[{\"@type\":\"ReadAction\",\"target\":[\"https:\/\/lubeljoyeria.com\/producto\/pulsera-swarovski-stella\"]}]},{\"@type\":\"ImageObject\",\"inLanguage\":\"es\",\"@id\":\"https:\/\/lubeljoyeria.com\/producto\/pulsera-swarovski-stella#primaryimage\",\"url\":\"https:\/\/lubeljoyeria.com\/wp-content\/uploads\/2021\/12\/5617881_LI.jpg\",\"contentUrl\":\"https:\/\/lubeljoyeria.com\/wp-content\/uploads\/2021\/12\/5617881_LI.jpg\",\"width\":600,\"height\":600,\"caption\":\"Pulsera Swarovski, Stella\"},{\"@type\":\"BreadcrumbList\",\"@id\":\"https:\/\/lubeljoyeria.com\/producto\/pulsera-swarovski-stella#breadcrumb\",\"itemListElement\":[{\"@type\":\"ListItem\",\"position\":1,\"name\":\"Home\",\"item\":\"https:\/\/lubeljoyeria.com\/\"},{\"@type\":\"ListItem\",\"position\":2,\"name\":\"Tienda\",\"item\":\"https:\/\/lubeljoyeria.com\/?page_id=6\"},{\"@type\":\"ListItem\",\"position\":3,\"name\":\"Pulsera Swarovski, Stella\"}]},{\"@type\":\"WebSite\",\"@id\":\"https:\/\/lubeljoyeria.com\/#website\",\"url\":\"https:\/\/lubeljoyeria.com\/\",\"name\":\"Lubel joyeria. Joyeria en Plata . Distribuidor oficial de Swarovski. - Lubel\",\"description\":\"Lubel joyeria. Joyeria en Plata . Distribuidor oficial de Swarovski. - Lubel\",\"publisher\":{\"@id\":\"https:\/\/lubeljoyeria.com\/#organization\"},\"potentialAction\":[{\"@type\":\"SearchAction\",\"target\":{\"@type\":\"EntryPoint\",\"urlTemplate\":\"https:\/\/lubeljoyeria.com\/?s={search_term_string}\"},\"query-input\":{\"@type\":\"PropertyValueSpecification\",\"valueRequired\":true,\"valueName\":\"search_term_string\"}}],\"inLanguage\":\"es\"},{\"@type\":\"Organization\",\"@id\":\"https:\/\/lubeljoyeria.com\/#organization\",\"name\":\"Lubel joyeria. Joyeria en Plata . Distribuidor oficial de Swarovski. - Lubel\",\"url\":\"https:\/\/lubeljoyeria.com\/\",\"logo\":{\"@type\":\"ImageObject\",\"inLanguage\":\"es\",\"@id\":\"https:\/\/lubeljoyeria.com\/#\/schema\/logo\/image\/\",\"url\":\"https:\/\/lubeljoyeria.com\/wp-content\/uploads\/2020\/10\/lubel-joyeria-logo-1543825573-1.png\",\"contentUrl\":\"https:\/\/lubeljoyeria.com\/wp-content\/uploads\/2020\/10\/lubel-joyeria-logo-1543825573-1.png\",\"width\":135,\"height\":31,\"caption\":\"Lubel joyeria. Joyeria en Plata . Distribuidor oficial de Swarovski. - Lubel\"},\"image\":{\"@id\":\"https:\/\/lubeljoyeria.com\/#\/schema\/logo\/image\/\"}}]}<\/script>\n<!-- \/ Yoast SEO Premium plugin. -->","yoast_head_json":{"title":"Pulsera Swarovski, Stella - Distribuidor oficial Swarovski","description":"La ic\u00f3nica estrella es el motivo central de esta delicada pulsera inspirada en la magia de los paisajes austriacos.","robots":{"index":"index","follow":"follow","max-snippet":"max-snippet:-1","max-image-preview":"max-image-preview:large","max-video-preview":"max-video-preview:-1"},"canonical":"https:\/\/lubeljoyeria.com\/producto\/pulsera-swarovski-stella","og_locale":"es_ES","og_type":"article","og_title":"Pulsera Swarovski, Stella","og_description":"La ic\u00f3nica estrella es el motivo central de esta delicada pulsera inspirada en la magia de los paisajes austriacos.","og_url":"https:\/\/lubeljoyeria.com\/producto\/pulsera-swarovski-stella","og_site_name":"Lubel joyeria. Joyeria en Plata . Distribuidor oficial de Swarovski. - Lubel","article_modified_time":"2022-03-11T18:39:15+00:00","og_image":[{"width":600,"height":600,"url":"https:\/\/lubeljoyeria.com\/wp-content\/uploads\/2021\/12\/5617881_LI.jpg","type":"image\/jpeg"}],"twitter_card":"summary_large_image","schema":{"@context":"https:\/\/schema.org","@graph":[{"@type":"WebPage","@id":"https:\/\/lubeljoyeria.com\/producto\/pulsera-swarovski-stella","url":"https:\/\/lubeljoyeria.com\/producto\/pulsera-swarovski-stella","name":"Pulsera Swarovski, Stella - Distribuidor oficial Swarovski","isPartOf":{"@id":"https:\/\/lubeljoyeria.com\/#website"},"primaryImageOfPage":{"@id":"https:\/\/lubeljoyeria.com\/producto\/pulsera-swarovski-stella#primaryimage"},"image":{"@id":"https:\/\/lubeljoyeria.com\/producto\/pulsera-swarovski-stella#primaryimage"},"thumbnailUrl":"https:\/\/lubeljoyeria.com\/wp-content\/uploads\/2021\/12\/5617881_LI.jpg","datePublished":"2021-12-04T18:37:26+00:00","dateModified":"2022-03-11T18:39:15+00:00","description":"La ic\u00f3nica estrella es el motivo central de esta delicada pulsera inspirada en la magia de los paisajes austriacos.","breadcrumb":{"@id":"https:\/\/lubeljoyeria.com\/producto\/pulsera-swarovski-stella#breadcrumb"},"inLanguage":"es","potentialAction":[{"@type":"ReadAction","target":["https:\/\/lubeljoyeria.com\/producto\/pulsera-swarovski-stella"]}]},{"@type":"ImageObject","inLanguage":"es","@id":"https:\/\/lubeljoyeria.com\/producto\/pulsera-swarovski-stella#primaryimage","url":"https:\/\/lubeljoyeria.com\/wp-content\/uploads\/2021\/12\/5617881_LI.jpg","contentUrl":"https:\/\/lubeljoyeria.com\/wp-content\/uploads\/2021\/12\/5617881_LI.jpg","width":600,"height":600,"caption":"Pulsera Swarovski, Stella"},{"@type":"BreadcrumbList","@id":"https:\/\/lubeljoyeria.com\/producto\/pulsera-swarovski-stella#breadcrumb","itemListElement":[{"@type":"ListItem","position":1,"name":"Home","item":"https:\/\/lubeljoyeria.com\/"},{"@type":"ListItem","position":2,"name":"Tienda","item":"https:\/\/lubeljoyeria.com\/?page_id=6"},{"@type":"ListItem","position":3,"name":"Pulsera Swarovski, Stella"}]},{"@type":"WebSite","@id":"https:\/\/lubeljoyeria.com\/#website","url":"https:\/\/lubeljoyeria.com\/","name":"Lubel joyeria. Joyeria en Plata . Distribuidor oficial de Swarovski. - Lubel","description":"Lubel joyeria. Joyeria en Plata . Distribuidor oficial de Swarovski. - Lubel","publisher":{"@id":"https:\/\/lubeljoyeria.com\/#organization"},"potentialAction":[{"@type":"SearchAction","target":{"@type":"EntryPoint","urlTemplate":"https:\/\/lubeljoyeria.com\/?s={search_term_string}"},"query-input":{"@type":"PropertyValueSpecification","valueRequired":true,"valueName":"search_term_string"}}],"inLanguage":"es"},{"@type":"Organization","@id":"https:\/\/lubeljoyeria.com\/#organization","name":"Lubel joyeria. Joyeria en Plata . Distribuidor oficial de Swarovski. - Lubel","url":"https:\/\/lubeljoyeria.com\/","logo":{"@type":"ImageObject","inLanguage":"es","@id":"https:\/\/lubeljoyeria.com\/#\/schema\/logo\/image\/","url":"https:\/\/lubeljoyeria.com\/wp-content\/uploads\/2020\/10\/lubel-joyeria-logo-1543825573-1.png","contentUrl":"https:\/\/lubeljoyeria.com\/wp-content\/uploads\/2020\/10\/lubel-joyeria-logo-1543825573-1.png","width":135,"height":31,"caption":"Lubel joyeria. Joyeria en Plata . Distribuidor oficial de Swarovski. - Lubel"},"image":{"@id":"https:\/\/lubeljoyeria.com\/#\/schema\/logo\/image\/"}}]}},"_links":{"self":[{"href":"https:\/\/lubeljoyeria.com\/index.php?rest_route=\/wp\/v2\/product\/21819","targetHints":{"allow":["GET"]}}],"collection":[{"href":"https:\/\/lubeljoyeria.com\/index.php?rest_route=\/wp\/v2\/product"}],"about":[{"href":"https:\/\/lubeljoyeria.com\/index.php?rest_route=\/wp\/v2\/types\/product"}],"wp:featuredmedia":[{"embeddable":true,"href":"https:\/\/lubeljoyeria.com\/index.php?rest_route=\/wp\/v2\/media\/21820"}],"wp:attachment":[{"href":"https:\/\/lubeljoyeria.com\/index.php?rest_route=%2Fwp%2Fv2%2Fmedia&parent=21819"}],"wp:term":[{"taxonomy":"product_brand","embeddable":true,"href":"https:\/\/lubeljoyeria.com\/index.php?rest_route=%2Fwp%2Fv2%2Fproduct_brand&post=21819"},{"taxonomy":"product_cat","embeddable":true,"href":"https:\/\/lubeljoyeria.com\/index.php?rest_route=%2Fwp%2Fv2%2Fproduct_cat&post=21819"},{"taxonomy":"product_tag","embeddable":true,"href":"https:\/\/lubeljoyeria.com\/index.php?rest_route=%2Fwp%2Fv2%2Fproduct_tag&post=21819"}],"curies":[{"name":"wp","href":"https:\/\/api.w.org\/{rel}","templated":true}]}}