{"id":21804,"date":"2021-12-04T18:13:21","date_gmt":"2021-12-04T18:13:21","guid":{"rendered":"https:\/\/lubeljoyeria.com\/?post_type=product&#038;p=21804"},"modified":"2023-11-21T17:58:03","modified_gmt":"2023-11-21T17:58:03","slug":"conjunto-swarovski-stella-2","status":"publish","type":"product","link":"https:\/\/lubeljoyeria.com\/?product=conjunto-swarovski-stella-2","title":{"rendered":"Conjunto Swarovski, Stella"},"content":{"rendered":"<div id=\"product-details-ellipsis\" class=\"swa-product-details__drawer__description swa-text-sans--small js-swa-multiline-ellipsis\" data-ellipsis-mobile-only=\"true\" data-seemore=\"Leer m\u00e1s\" data-seeless=\"Ver menos\" data-visible-words-count=\"15\">\u00a0Inspirada en el paisaje austriaco, la ic\u00f3nica estrella es la pieza central del collar, combin\u00e1ndose incre\u00edblemente con unos brillantes pendientes, aunando las dos piezas con un elegante engaste ba\u00f1ado en rodio. El regalo perfecto para ti o para alguien muy especial.<\/div>\n<ul id=\"product-details-classifications-ellipsis\" class=\"swa-product-details__drawer__specs swa-text-sans--small\">\n<li>Largo del collar: 38 cm.<\/li>\n<li>Largo de los pendientes: 2.3 cm.<\/li>\n<li>Material:\u00a0 Ba\u00f1o de rodio y cristal de Swarovski.<\/li>\n<\/ul>\n","protected":false},"excerpt":{"rendered":"<div id=\"product-details-ellipsis\" class=\"swa-product-details__drawer__description swa-text-sans--small js-swa-multiline-ellipsis\" data-ellipsis-mobile-only=\"true\" data-seemore=\"Leer m\u00e1s\" data-seeless=\"Ver menos\" data-visible-words-count=\"15\">\u00a0Inspirada en el paisaje austriaco, la ic\u00f3nica estrella es la pieza central del collar, combin\u00e1ndose incre\u00edblemente con unos brillantes pendientes, aunando las dos piezas con un elegante engaste ba\u00f1ado en rodio. El regalo perfecto para ti o para alguien muy especial.<\/div>\n<ul id=\"product-details-classifications-ellipsis\" class=\"swa-product-details__drawer__specs swa-text-sans--small\">\n<li>Largo del collar: 38 cm.<\/li>\n<li>Largo de los pendientes: 2.3 cm.<\/li>\n<li>Material:\u00a0 Ba\u00f1o de rodio y cristal de Swarovski.<\/li>\n<\/ul>\n","protected":false},"featured_media":21810,"template":"","meta":{"_joinchat":[]},"product_brand":[1437],"product_cat":[1463,1464,1470,1623,1527],"product_tag":[],"class_list":{"0":"post-21804","1":"product","2":"type-product","3":"status-publish","4":"has-post-thumbnail","6":"product_brand-swarovski","7":"product_cat-inicio","8":"product_cat-principal","9":"product_cat-swarovski","10":"product_cat-joyitas_","11":"product_cat-conjuntos","12":"sales-flash-overlay","13":"woocommerce-text-align-center","14":"woocommerce-image-align-center","15":"do-quantity-buttons","16":"wc-has-gallery","18":"first","19":"instock","20":"taxable","21":"shipping-taxable","22":"purchasable","23":"product-type-simple"},"yoast_head":"<!-- This site is optimized with the Yoast SEO Premium plugin v22.5 (Yoast SEO v26.5) - https:\/\/yoast.com\/wordpress\/plugins\/seo\/ -->\n<title>Conjunto Swarovski, Stella - Distribuidor oficial Swarovski<\/title>\n<meta name=\"description\" content=\"\u00a0Inspirada en el paisaje austriaco, la ic\u00f3nica estrella es la pieza central del collar, combin\u00e1ndose con unos brillantes pendientes.\" \/>\n<meta name=\"robots\" content=\"index, follow, max-snippet:-1, max-image-preview:large, max-video-preview:-1\" \/>\n<link rel=\"canonical\" href=\"https:\/\/lubeljoyeria.com\/producto\/conjunto-swarovski-stella-2\" \/>\n<meta property=\"og:locale\" content=\"es_ES\" \/>\n<meta property=\"og:type\" content=\"article\" \/>\n<meta property=\"og:title\" content=\"Conjunto Swarovski, Stella\" \/>\n<meta property=\"og:description\" content=\"\u00a0Inspirada en el paisaje austriaco, la ic\u00f3nica estrella es la pieza central del collar, combin\u00e1ndose con unos brillantes pendientes.\" \/>\n<meta property=\"og:url\" content=\"https:\/\/lubeljoyeria.com\/producto\/conjunto-swarovski-stella-2\" \/>\n<meta property=\"og:site_name\" content=\"Lubel joyeria. Joyeria en Plata . Distribuidor oficial de Swarovski. - Lubel\" \/>\n<meta property=\"article:modified_time\" content=\"2023-11-21T17:58:03+00:00\" \/>\n<meta property=\"og:image\" content=\"https:\/\/lubeljoyeria.com\/wp-content\/uploads\/2021\/12\/5622729_LI.jpg\" \/>\n\t<meta property=\"og:image:width\" content=\"600\" \/>\n\t<meta property=\"og:image:height\" content=\"600\" \/>\n\t<meta property=\"og:image:type\" content=\"image\/jpeg\" \/>\n<meta name=\"twitter:card\" content=\"summary_large_image\" \/>\n<script type=\"application\/ld+json\" class=\"yoast-schema-graph\">{\"@context\":\"https:\/\/schema.org\",\"@graph\":[{\"@type\":\"WebPage\",\"@id\":\"https:\/\/lubeljoyeria.com\/producto\/conjunto-swarovski-stella-2\",\"url\":\"https:\/\/lubeljoyeria.com\/producto\/conjunto-swarovski-stella-2\",\"name\":\"Conjunto Swarovski, Stella - Distribuidor oficial Swarovski\",\"isPartOf\":{\"@id\":\"https:\/\/lubeljoyeria.com\/#website\"},\"primaryImageOfPage\":{\"@id\":\"https:\/\/lubeljoyeria.com\/producto\/conjunto-swarovski-stella-2#primaryimage\"},\"image\":{\"@id\":\"https:\/\/lubeljoyeria.com\/producto\/conjunto-swarovski-stella-2#primaryimage\"},\"thumbnailUrl\":\"https:\/\/lubeljoyeria.com\/wp-content\/uploads\/2021\/12\/5622729_LI.jpg\",\"datePublished\":\"2021-12-04T18:13:21+00:00\",\"dateModified\":\"2023-11-21T17:58:03+00:00\",\"description\":\"\u00a0Inspirada en el paisaje austriaco, la ic\u00f3nica estrella es la pieza central del collar, combin\u00e1ndose con unos brillantes pendientes.\",\"breadcrumb\":{\"@id\":\"https:\/\/lubeljoyeria.com\/producto\/conjunto-swarovski-stella-2#breadcrumb\"},\"inLanguage\":\"es\",\"potentialAction\":[{\"@type\":\"ReadAction\",\"target\":[\"https:\/\/lubeljoyeria.com\/producto\/conjunto-swarovski-stella-2\"]}]},{\"@type\":\"ImageObject\",\"inLanguage\":\"es\",\"@id\":\"https:\/\/lubeljoyeria.com\/producto\/conjunto-swarovski-stella-2#primaryimage\",\"url\":\"https:\/\/lubeljoyeria.com\/wp-content\/uploads\/2021\/12\/5622729_LI.jpg\",\"contentUrl\":\"https:\/\/lubeljoyeria.com\/wp-content\/uploads\/2021\/12\/5622729_LI.jpg\",\"width\":600,\"height\":600,\"caption\":\"Conjunto Swarovski, Stella\"},{\"@type\":\"BreadcrumbList\",\"@id\":\"https:\/\/lubeljoyeria.com\/producto\/conjunto-swarovski-stella-2#breadcrumb\",\"itemListElement\":[{\"@type\":\"ListItem\",\"position\":1,\"name\":\"Home\",\"item\":\"https:\/\/lubeljoyeria.com\/\"},{\"@type\":\"ListItem\",\"position\":2,\"name\":\"Tienda\",\"item\":\"https:\/\/lubeljoyeria.com\/?page_id=6\"},{\"@type\":\"ListItem\",\"position\":3,\"name\":\"Conjunto Swarovski, Stella\"}]},{\"@type\":\"WebSite\",\"@id\":\"https:\/\/lubeljoyeria.com\/#website\",\"url\":\"https:\/\/lubeljoyeria.com\/\",\"name\":\"Lubel joyeria. Joyeria en Plata . Distribuidor oficial de Swarovski. - Lubel\",\"description\":\"Lubel joyeria. Joyeria en Plata . Distribuidor oficial de Swarovski. - Lubel\",\"publisher\":{\"@id\":\"https:\/\/lubeljoyeria.com\/#organization\"},\"potentialAction\":[{\"@type\":\"SearchAction\",\"target\":{\"@type\":\"EntryPoint\",\"urlTemplate\":\"https:\/\/lubeljoyeria.com\/?s={search_term_string}\"},\"query-input\":{\"@type\":\"PropertyValueSpecification\",\"valueRequired\":true,\"valueName\":\"search_term_string\"}}],\"inLanguage\":\"es\"},{\"@type\":\"Organization\",\"@id\":\"https:\/\/lubeljoyeria.com\/#organization\",\"name\":\"Lubel joyeria. Joyeria en Plata . Distribuidor oficial de Swarovski. - Lubel\",\"url\":\"https:\/\/lubeljoyeria.com\/\",\"logo\":{\"@type\":\"ImageObject\",\"inLanguage\":\"es\",\"@id\":\"https:\/\/lubeljoyeria.com\/#\/schema\/logo\/image\/\",\"url\":\"https:\/\/lubeljoyeria.com\/wp-content\/uploads\/2020\/10\/lubel-joyeria-logo-1543825573-1.png\",\"contentUrl\":\"https:\/\/lubeljoyeria.com\/wp-content\/uploads\/2020\/10\/lubel-joyeria-logo-1543825573-1.png\",\"width\":135,\"height\":31,\"caption\":\"Lubel joyeria. Joyeria en Plata . Distribuidor oficial de Swarovski. - Lubel\"},\"image\":{\"@id\":\"https:\/\/lubeljoyeria.com\/#\/schema\/logo\/image\/\"}}]}<\/script>\n<!-- \/ Yoast SEO Premium plugin. -->","yoast_head_json":{"title":"Conjunto Swarovski, Stella - Distribuidor oficial Swarovski","description":"\u00a0Inspirada en el paisaje austriaco, la ic\u00f3nica estrella es la pieza central del collar, combin\u00e1ndose con unos brillantes pendientes.","robots":{"index":"index","follow":"follow","max-snippet":"max-snippet:-1","max-image-preview":"max-image-preview:large","max-video-preview":"max-video-preview:-1"},"canonical":"https:\/\/lubeljoyeria.com\/producto\/conjunto-swarovski-stella-2","og_locale":"es_ES","og_type":"article","og_title":"Conjunto Swarovski, Stella","og_description":"\u00a0Inspirada en el paisaje austriaco, la ic\u00f3nica estrella es la pieza central del collar, combin\u00e1ndose con unos brillantes pendientes.","og_url":"https:\/\/lubeljoyeria.com\/producto\/conjunto-swarovski-stella-2","og_site_name":"Lubel joyeria. Joyeria en Plata . Distribuidor oficial de Swarovski. - Lubel","article_modified_time":"2023-11-21T17:58:03+00:00","og_image":[{"width":600,"height":600,"url":"https:\/\/lubeljoyeria.com\/wp-content\/uploads\/2021\/12\/5622729_LI.jpg","type":"image\/jpeg"}],"twitter_card":"summary_large_image","schema":{"@context":"https:\/\/schema.org","@graph":[{"@type":"WebPage","@id":"https:\/\/lubeljoyeria.com\/producto\/conjunto-swarovski-stella-2","url":"https:\/\/lubeljoyeria.com\/producto\/conjunto-swarovski-stella-2","name":"Conjunto Swarovski, Stella - Distribuidor oficial Swarovski","isPartOf":{"@id":"https:\/\/lubeljoyeria.com\/#website"},"primaryImageOfPage":{"@id":"https:\/\/lubeljoyeria.com\/producto\/conjunto-swarovski-stella-2#primaryimage"},"image":{"@id":"https:\/\/lubeljoyeria.com\/producto\/conjunto-swarovski-stella-2#primaryimage"},"thumbnailUrl":"https:\/\/lubeljoyeria.com\/wp-content\/uploads\/2021\/12\/5622729_LI.jpg","datePublished":"2021-12-04T18:13:21+00:00","dateModified":"2023-11-21T17:58:03+00:00","description":"\u00a0Inspirada en el paisaje austriaco, la ic\u00f3nica estrella es la pieza central del collar, combin\u00e1ndose con unos brillantes pendientes.","breadcrumb":{"@id":"https:\/\/lubeljoyeria.com\/producto\/conjunto-swarovski-stella-2#breadcrumb"},"inLanguage":"es","potentialAction":[{"@type":"ReadAction","target":["https:\/\/lubeljoyeria.com\/producto\/conjunto-swarovski-stella-2"]}]},{"@type":"ImageObject","inLanguage":"es","@id":"https:\/\/lubeljoyeria.com\/producto\/conjunto-swarovski-stella-2#primaryimage","url":"https:\/\/lubeljoyeria.com\/wp-content\/uploads\/2021\/12\/5622729_LI.jpg","contentUrl":"https:\/\/lubeljoyeria.com\/wp-content\/uploads\/2021\/12\/5622729_LI.jpg","width":600,"height":600,"caption":"Conjunto Swarovski, Stella"},{"@type":"BreadcrumbList","@id":"https:\/\/lubeljoyeria.com\/producto\/conjunto-swarovski-stella-2#breadcrumb","itemListElement":[{"@type":"ListItem","position":1,"name":"Home","item":"https:\/\/lubeljoyeria.com\/"},{"@type":"ListItem","position":2,"name":"Tienda","item":"https:\/\/lubeljoyeria.com\/?page_id=6"},{"@type":"ListItem","position":3,"name":"Conjunto Swarovski, Stella"}]},{"@type":"WebSite","@id":"https:\/\/lubeljoyeria.com\/#website","url":"https:\/\/lubeljoyeria.com\/","name":"Lubel joyeria. Joyeria en Plata . Distribuidor oficial de Swarovski. - Lubel","description":"Lubel joyeria. Joyeria en Plata . Distribuidor oficial de Swarovski. - Lubel","publisher":{"@id":"https:\/\/lubeljoyeria.com\/#organization"},"potentialAction":[{"@type":"SearchAction","target":{"@type":"EntryPoint","urlTemplate":"https:\/\/lubeljoyeria.com\/?s={search_term_string}"},"query-input":{"@type":"PropertyValueSpecification","valueRequired":true,"valueName":"search_term_string"}}],"inLanguage":"es"},{"@type":"Organization","@id":"https:\/\/lubeljoyeria.com\/#organization","name":"Lubel joyeria. Joyeria en Plata . Distribuidor oficial de Swarovski. - Lubel","url":"https:\/\/lubeljoyeria.com\/","logo":{"@type":"ImageObject","inLanguage":"es","@id":"https:\/\/lubeljoyeria.com\/#\/schema\/logo\/image\/","url":"https:\/\/lubeljoyeria.com\/wp-content\/uploads\/2020\/10\/lubel-joyeria-logo-1543825573-1.png","contentUrl":"https:\/\/lubeljoyeria.com\/wp-content\/uploads\/2020\/10\/lubel-joyeria-logo-1543825573-1.png","width":135,"height":31,"caption":"Lubel joyeria. Joyeria en Plata . Distribuidor oficial de Swarovski. - Lubel"},"image":{"@id":"https:\/\/lubeljoyeria.com\/#\/schema\/logo\/image\/"}}]}},"_links":{"self":[{"href":"https:\/\/lubeljoyeria.com\/index.php?rest_route=\/wp\/v2\/product\/21804","targetHints":{"allow":["GET"]}}],"collection":[{"href":"https:\/\/lubeljoyeria.com\/index.php?rest_route=\/wp\/v2\/product"}],"about":[{"href":"https:\/\/lubeljoyeria.com\/index.php?rest_route=\/wp\/v2\/types\/product"}],"wp:featuredmedia":[{"embeddable":true,"href":"https:\/\/lubeljoyeria.com\/index.php?rest_route=\/wp\/v2\/media\/21810"}],"wp:attachment":[{"href":"https:\/\/lubeljoyeria.com\/index.php?rest_route=%2Fwp%2Fv2%2Fmedia&parent=21804"}],"wp:term":[{"taxonomy":"product_brand","embeddable":true,"href":"https:\/\/lubeljoyeria.com\/index.php?rest_route=%2Fwp%2Fv2%2Fproduct_brand&post=21804"},{"taxonomy":"product_cat","embeddable":true,"href":"https:\/\/lubeljoyeria.com\/index.php?rest_route=%2Fwp%2Fv2%2Fproduct_cat&post=21804"},{"taxonomy":"product_tag","embeddable":true,"href":"https:\/\/lubeljoyeria.com\/index.php?rest_route=%2Fwp%2Fv2%2Fproduct_tag&post=21804"}],"curies":[{"name":"wp","href":"https:\/\/api.w.org\/{rel}","templated":true}]}}