{"id":21592,"date":"2024-02-01T00:00:34","date_gmt":"2024-02-01T00:00:34","guid":{"rendered":"https:\/\/lubeljoyeria.com\/?post_type=product&#038;p=21592"},"modified":"2024-02-06T18:18:14","modified_gmt":"2024-02-06T18:18:14","slug":"pendientes-swarovski-dextera-octogonal","status":"publish","type":"product","link":"https:\/\/lubeljoyeria.com\/?product=pendientes-swarovski-dextera-octogonal","title":{"rendered":"Pendientes Swarovski, Dextera Octogonal"},"content":{"rendered":"<div id=\"product-details-ellipsis\" class=\"swa-product-details__drawer__description swa-text-sans--small js-swa-multiline-ellipsis\" data-ellipsis-mobile-only=\"true\" data-seemore=\"Leer m\u00e1s\" data-seeless=\"Ver menos\" data-visible-words-count=\"15\">Con su sofisticada t\u00e9cnica pav\u00e9 de Swarovski, estos pendientes de aro peque\u00f1os, octogonales, con detalles trabajados y una elaboraci\u00f3n atrevida son una clara declaraci\u00f3n de intenciones. Con delicados cristales blancos incrustados en engastes con un ba\u00f1o de rodio destacando su dise\u00f1o de inspiraci\u00f3n industrial. Se pueden llevar solos o combinados con otras piezas de la familia Dextera.<\/div>\n<ul id=\"product-details-classifications-ellipsis\" class=\"swa-product-details__drawer__specs swa-text-sans--small\">\n<li>Color:\u00a0Blanco<\/li>\n<li>Largo: 1.9 cm. x Ancho: 1.5 cm<\/li>\n<li>Material: Cristales swarovski y ba\u00f1o de rodio.<\/li>\n<\/ul>\n","protected":false},"excerpt":{"rendered":"<div id=\"product-details-ellipsis\" class=\"swa-product-details__drawer__description swa-text-sans--small js-swa-multiline-ellipsis\" data-ellipsis-mobile-only=\"true\" data-seemore=\"Leer m\u00e1s\" data-seeless=\"Ver menos\" data-visible-words-count=\"15\">Con su sofisticada t\u00e9cnica pav\u00e9 de Swarovski, estos pendientes de aro peque\u00f1os, octogonales, con detalles trabajados y una elaboraci\u00f3n atrevida son una clara declaraci\u00f3n de intenciones. Con delicados cristales blancos incrustados en engastes con un ba\u00f1o de rodio destacando su dise\u00f1o de inspiraci\u00f3n industrial. Se pueden llevar solos o combinados con otras piezas de la familia Dextera.<\/div>\n<ul id=\"product-details-classifications-ellipsis\" class=\"swa-product-details__drawer__specs swa-text-sans--small\">\n<li>Color:\u00a0Blanco<\/li>\n<li>Largo: 1.9 cm. x Ancho: 1.5 cm<\/li>\n<li>Material: Cristales swarovski y ba\u00f1o de rodio.<\/li>\n<\/ul>\n","protected":false},"featured_media":21593,"template":"","meta":{"_joinchat":[]},"product_brand":[1437],"product_cat":[1463,1464,1470,1512],"product_tag":[],"class_list":{"0":"post-21592","1":"product","2":"type-product","3":"status-publish","4":"has-post-thumbnail","6":"product_brand-swarovski","7":"product_cat-inicio","8":"product_cat-principal","9":"product_cat-swarovski","10":"product_cat-pendientes-swarovski","11":"sales-flash-overlay","12":"woocommerce-text-align-center","13":"woocommerce-image-align-center","14":"do-quantity-buttons","15":"wc-has-gallery","17":"first","18":"instock","19":"taxable","20":"shipping-taxable","21":"purchasable","22":"product-type-simple"},"yoast_head":"<!-- This site is optimized with the Yoast SEO Premium plugin v22.5 (Yoast SEO v26.5) - https:\/\/yoast.com\/wordpress\/plugins\/seo\/ -->\n<title>Pendientes Swarovski, Dextera Octogonal - Distribuidor oficial Swarovski<\/title>\n<meta name=\"description\" content=\"Con su sofisticada t\u00e9cnica pav\u00e9 de Swarovski, estos pendientes de aro peque\u00f1os, octogonales, con detalles trabajados.\" \/>\n<meta name=\"robots\" content=\"index, follow, max-snippet:-1, max-image-preview:large, max-video-preview:-1\" \/>\n<link rel=\"canonical\" href=\"https:\/\/lubeljoyeria.com\/producto\/pendientes-swarovski-dextera-octogonal\" \/>\n<meta property=\"og:locale\" content=\"es_ES\" \/>\n<meta property=\"og:type\" content=\"article\" \/>\n<meta property=\"og:title\" content=\"Pendientes Swarovski, Dextera Octogonal\" \/>\n<meta property=\"og:description\" content=\"Con su sofisticada t\u00e9cnica pav\u00e9 de Swarovski, estos pendientes de aro peque\u00f1os, octogonales, con detalles trabajados.\" \/>\n<meta property=\"og:url\" content=\"https:\/\/lubeljoyeria.com\/producto\/pendientes-swarovski-dextera-octogonal\" \/>\n<meta property=\"og:site_name\" content=\"Lubel joyeria. Joyeria en Plata . Distribuidor oficial de Swarovski. - Lubel\" \/>\n<meta property=\"article:modified_time\" content=\"2024-02-06T18:18:14+00:00\" \/>\n<meta property=\"og:image\" content=\"https:\/\/lubeljoyeria.com\/wp-content\/uploads\/2021\/10\/5618307.jpg\" \/>\n\t<meta property=\"og:image:width\" content=\"600\" \/>\n\t<meta property=\"og:image:height\" content=\"600\" \/>\n\t<meta property=\"og:image:type\" content=\"image\/jpeg\" \/>\n<meta name=\"twitter:card\" content=\"summary_large_image\" \/>\n<script type=\"application\/ld+json\" class=\"yoast-schema-graph\">{\"@context\":\"https:\/\/schema.org\",\"@graph\":[{\"@type\":\"WebPage\",\"@id\":\"https:\/\/lubeljoyeria.com\/producto\/pendientes-swarovski-dextera-octogonal\",\"url\":\"https:\/\/lubeljoyeria.com\/producto\/pendientes-swarovski-dextera-octogonal\",\"name\":\"Pendientes Swarovski, Dextera Octogonal - Distribuidor oficial Swarovski\",\"isPartOf\":{\"@id\":\"https:\/\/lubeljoyeria.com\/#website\"},\"primaryImageOfPage\":{\"@id\":\"https:\/\/lubeljoyeria.com\/producto\/pendientes-swarovski-dextera-octogonal#primaryimage\"},\"image\":{\"@id\":\"https:\/\/lubeljoyeria.com\/producto\/pendientes-swarovski-dextera-octogonal#primaryimage\"},\"thumbnailUrl\":\"https:\/\/lubeljoyeria.com\/wp-content\/uploads\/2021\/10\/5618307.jpg\",\"datePublished\":\"2024-02-01T00:00:34+00:00\",\"dateModified\":\"2024-02-06T18:18:14+00:00\",\"description\":\"Con su sofisticada t\u00e9cnica pav\u00e9 de Swarovski, estos pendientes de aro peque\u00f1os, octogonales, con detalles trabajados.\",\"breadcrumb\":{\"@id\":\"https:\/\/lubeljoyeria.com\/producto\/pendientes-swarovski-dextera-octogonal#breadcrumb\"},\"inLanguage\":\"es\",\"potentialAction\":[{\"@type\":\"ReadAction\",\"target\":[\"https:\/\/lubeljoyeria.com\/producto\/pendientes-swarovski-dextera-octogonal\"]}]},{\"@type\":\"ImageObject\",\"inLanguage\":\"es\",\"@id\":\"https:\/\/lubeljoyeria.com\/producto\/pendientes-swarovski-dextera-octogonal#primaryimage\",\"url\":\"https:\/\/lubeljoyeria.com\/wp-content\/uploads\/2021\/10\/5618307.jpg\",\"contentUrl\":\"https:\/\/lubeljoyeria.com\/wp-content\/uploads\/2021\/10\/5618307.jpg\",\"width\":600,\"height\":600,\"caption\":\"Pendientes Swarovski, dextera octogonales. Fabricados con un ba\u00f1o de rodio.\"},{\"@type\":\"BreadcrumbList\",\"@id\":\"https:\/\/lubeljoyeria.com\/producto\/pendientes-swarovski-dextera-octogonal#breadcrumb\",\"itemListElement\":[{\"@type\":\"ListItem\",\"position\":1,\"name\":\"Home\",\"item\":\"https:\/\/lubeljoyeria.com\/\"},{\"@type\":\"ListItem\",\"position\":2,\"name\":\"Tienda\",\"item\":\"https:\/\/lubeljoyeria.com\/?page_id=6\"},{\"@type\":\"ListItem\",\"position\":3,\"name\":\"Pendientes Swarovski, Dextera Octogonal\"}]},{\"@type\":\"WebSite\",\"@id\":\"https:\/\/lubeljoyeria.com\/#website\",\"url\":\"https:\/\/lubeljoyeria.com\/\",\"name\":\"Lubel joyeria. Joyeria en Plata . Distribuidor oficial de Swarovski. - Lubel\",\"description\":\"Lubel joyeria. Joyeria en Plata . Distribuidor oficial de Swarovski. - Lubel\",\"publisher\":{\"@id\":\"https:\/\/lubeljoyeria.com\/#organization\"},\"potentialAction\":[{\"@type\":\"SearchAction\",\"target\":{\"@type\":\"EntryPoint\",\"urlTemplate\":\"https:\/\/lubeljoyeria.com\/?s={search_term_string}\"},\"query-input\":{\"@type\":\"PropertyValueSpecification\",\"valueRequired\":true,\"valueName\":\"search_term_string\"}}],\"inLanguage\":\"es\"},{\"@type\":\"Organization\",\"@id\":\"https:\/\/lubeljoyeria.com\/#organization\",\"name\":\"Lubel joyeria. Joyeria en Plata . Distribuidor oficial de Swarovski. - Lubel\",\"url\":\"https:\/\/lubeljoyeria.com\/\",\"logo\":{\"@type\":\"ImageObject\",\"inLanguage\":\"es\",\"@id\":\"https:\/\/lubeljoyeria.com\/#\/schema\/logo\/image\/\",\"url\":\"https:\/\/lubeljoyeria.com\/wp-content\/uploads\/2020\/10\/lubel-joyeria-logo-1543825573-1.png\",\"contentUrl\":\"https:\/\/lubeljoyeria.com\/wp-content\/uploads\/2020\/10\/lubel-joyeria-logo-1543825573-1.png\",\"width\":135,\"height\":31,\"caption\":\"Lubel joyeria. Joyeria en Plata . Distribuidor oficial de Swarovski. - Lubel\"},\"image\":{\"@id\":\"https:\/\/lubeljoyeria.com\/#\/schema\/logo\/image\/\"}}]}<\/script>\n<!-- \/ Yoast SEO Premium plugin. -->","yoast_head_json":{"title":"Pendientes Swarovski, Dextera Octogonal - Distribuidor oficial Swarovski","description":"Con su sofisticada t\u00e9cnica pav\u00e9 de Swarovski, estos pendientes de aro peque\u00f1os, octogonales, con detalles trabajados.","robots":{"index":"index","follow":"follow","max-snippet":"max-snippet:-1","max-image-preview":"max-image-preview:large","max-video-preview":"max-video-preview:-1"},"canonical":"https:\/\/lubeljoyeria.com\/producto\/pendientes-swarovski-dextera-octogonal","og_locale":"es_ES","og_type":"article","og_title":"Pendientes Swarovski, Dextera Octogonal","og_description":"Con su sofisticada t\u00e9cnica pav\u00e9 de Swarovski, estos pendientes de aro peque\u00f1os, octogonales, con detalles trabajados.","og_url":"https:\/\/lubeljoyeria.com\/producto\/pendientes-swarovski-dextera-octogonal","og_site_name":"Lubel joyeria. Joyeria en Plata . Distribuidor oficial de Swarovski. - Lubel","article_modified_time":"2024-02-06T18:18:14+00:00","og_image":[{"width":600,"height":600,"url":"https:\/\/lubeljoyeria.com\/wp-content\/uploads\/2021\/10\/5618307.jpg","type":"image\/jpeg"}],"twitter_card":"summary_large_image","schema":{"@context":"https:\/\/schema.org","@graph":[{"@type":"WebPage","@id":"https:\/\/lubeljoyeria.com\/producto\/pendientes-swarovski-dextera-octogonal","url":"https:\/\/lubeljoyeria.com\/producto\/pendientes-swarovski-dextera-octogonal","name":"Pendientes Swarovski, Dextera Octogonal - Distribuidor oficial Swarovski","isPartOf":{"@id":"https:\/\/lubeljoyeria.com\/#website"},"primaryImageOfPage":{"@id":"https:\/\/lubeljoyeria.com\/producto\/pendientes-swarovski-dextera-octogonal#primaryimage"},"image":{"@id":"https:\/\/lubeljoyeria.com\/producto\/pendientes-swarovski-dextera-octogonal#primaryimage"},"thumbnailUrl":"https:\/\/lubeljoyeria.com\/wp-content\/uploads\/2021\/10\/5618307.jpg","datePublished":"2024-02-01T00:00:34+00:00","dateModified":"2024-02-06T18:18:14+00:00","description":"Con su sofisticada t\u00e9cnica pav\u00e9 de Swarovski, estos pendientes de aro peque\u00f1os, octogonales, con detalles trabajados.","breadcrumb":{"@id":"https:\/\/lubeljoyeria.com\/producto\/pendientes-swarovski-dextera-octogonal#breadcrumb"},"inLanguage":"es","potentialAction":[{"@type":"ReadAction","target":["https:\/\/lubeljoyeria.com\/producto\/pendientes-swarovski-dextera-octogonal"]}]},{"@type":"ImageObject","inLanguage":"es","@id":"https:\/\/lubeljoyeria.com\/producto\/pendientes-swarovski-dextera-octogonal#primaryimage","url":"https:\/\/lubeljoyeria.com\/wp-content\/uploads\/2021\/10\/5618307.jpg","contentUrl":"https:\/\/lubeljoyeria.com\/wp-content\/uploads\/2021\/10\/5618307.jpg","width":600,"height":600,"caption":"Pendientes Swarovski, dextera octogonales. Fabricados con un ba\u00f1o de rodio."},{"@type":"BreadcrumbList","@id":"https:\/\/lubeljoyeria.com\/producto\/pendientes-swarovski-dextera-octogonal#breadcrumb","itemListElement":[{"@type":"ListItem","position":1,"name":"Home","item":"https:\/\/lubeljoyeria.com\/"},{"@type":"ListItem","position":2,"name":"Tienda","item":"https:\/\/lubeljoyeria.com\/?page_id=6"},{"@type":"ListItem","position":3,"name":"Pendientes Swarovski, Dextera Octogonal"}]},{"@type":"WebSite","@id":"https:\/\/lubeljoyeria.com\/#website","url":"https:\/\/lubeljoyeria.com\/","name":"Lubel joyeria. Joyeria en Plata . Distribuidor oficial de Swarovski. - Lubel","description":"Lubel joyeria. Joyeria en Plata . Distribuidor oficial de Swarovski. - Lubel","publisher":{"@id":"https:\/\/lubeljoyeria.com\/#organization"},"potentialAction":[{"@type":"SearchAction","target":{"@type":"EntryPoint","urlTemplate":"https:\/\/lubeljoyeria.com\/?s={search_term_string}"},"query-input":{"@type":"PropertyValueSpecification","valueRequired":true,"valueName":"search_term_string"}}],"inLanguage":"es"},{"@type":"Organization","@id":"https:\/\/lubeljoyeria.com\/#organization","name":"Lubel joyeria. Joyeria en Plata . Distribuidor oficial de Swarovski. - Lubel","url":"https:\/\/lubeljoyeria.com\/","logo":{"@type":"ImageObject","inLanguage":"es","@id":"https:\/\/lubeljoyeria.com\/#\/schema\/logo\/image\/","url":"https:\/\/lubeljoyeria.com\/wp-content\/uploads\/2020\/10\/lubel-joyeria-logo-1543825573-1.png","contentUrl":"https:\/\/lubeljoyeria.com\/wp-content\/uploads\/2020\/10\/lubel-joyeria-logo-1543825573-1.png","width":135,"height":31,"caption":"Lubel joyeria. Joyeria en Plata . Distribuidor oficial de Swarovski. - Lubel"},"image":{"@id":"https:\/\/lubeljoyeria.com\/#\/schema\/logo\/image\/"}}]}},"_links":{"self":[{"href":"https:\/\/lubeljoyeria.com\/index.php?rest_route=\/wp\/v2\/product\/21592","targetHints":{"allow":["GET"]}}],"collection":[{"href":"https:\/\/lubeljoyeria.com\/index.php?rest_route=\/wp\/v2\/product"}],"about":[{"href":"https:\/\/lubeljoyeria.com\/index.php?rest_route=\/wp\/v2\/types\/product"}],"wp:featuredmedia":[{"embeddable":true,"href":"https:\/\/lubeljoyeria.com\/index.php?rest_route=\/wp\/v2\/media\/21593"}],"wp:attachment":[{"href":"https:\/\/lubeljoyeria.com\/index.php?rest_route=%2Fwp%2Fv2%2Fmedia&parent=21592"}],"wp:term":[{"taxonomy":"product_brand","embeddable":true,"href":"https:\/\/lubeljoyeria.com\/index.php?rest_route=%2Fwp%2Fv2%2Fproduct_brand&post=21592"},{"taxonomy":"product_cat","embeddable":true,"href":"https:\/\/lubeljoyeria.com\/index.php?rest_route=%2Fwp%2Fv2%2Fproduct_cat&post=21592"},{"taxonomy":"product_tag","embeddable":true,"href":"https:\/\/lubeljoyeria.com\/index.php?rest_route=%2Fwp%2Fv2%2Fproduct_tag&post=21592"}],"curies":[{"name":"wp","href":"https:\/\/api.w.org\/{rel}","templated":true}]}}