{"id":21427,"date":"2021-07-27T10:10:23","date_gmt":"2021-07-27T10:10:23","guid":{"rendered":"https:\/\/lubeljoyeria.com\/?post_type=product&#038;p=21427"},"modified":"2025-01-22T17:28:18","modified_gmt":"2025-01-22T17:28:18","slug":"anillo-lubel-luma","status":"publish","type":"product","link":"https:\/\/lubeljoyeria.com\/?product=anillo-lubel-luma","title":{"rendered":"Anillo Luma"},"content":{"rendered":"<p>El anillo Luma es la elegancia en una pieza. Sus seis mini circonitas blancas a ambos lados del anillo le dan un toque de diversi\u00f3n y de luz a este anillo. Una pieza b\u00e1sica e ideal para combinar con tus anillos favoritos. Es el complemento perfecto para tu d\u00eda a d\u00eda.<\/p>\n<p>Fabricado en Plata de 1\u00aa Ley 925 con un ba\u00f1o de Rodio o de Oro de 18k.<\/p>\n","protected":false},"excerpt":{"rendered":"<p>El anillo Luma es la elegancia en una pieza. Sus seis mini circonitas blancas a ambos lados del anillo le dan un toque de diversi\u00f3n y de luz a este anillo. Una pieza b\u00e1sica e ideal para combinar con tus anillos favoritos. Es el complemento perfecto para tu d\u00eda a d\u00eda.<\/p>\n<p>Fabricado en Plata de 1\u00aa Ley 925 con un ba\u00f1o de Rodio o de Oro de 18k.<\/p>\n","protected":false},"featured_media":21436,"template":"","meta":{"_joinchat":[]},"product_brand":[1438],"product_cat":[1463,1464,1473,1518],"product_tag":[],"class_list":{"0":"post-21427","1":"product","2":"type-product","3":"status-publish","4":"has-post-thumbnail","6":"product_brand-joyeria-en-plata","7":"product_cat-inicio","8":"product_cat-principal","9":"product_cat-joyeria-en-plata","10":"product_cat-anillos-joyeria-en-plata","11":"pa_acabadoscolganteharu-plata","12":"pa_acabadoscolganteharu-banooro","13":"pa_tallaanillomedidortatum-1541","14":"pa_tallaanillomedidortatum-1543","15":"pa_tallaanillomedidortatum-1545","16":"pa_tallaanillomedidortatum-1547","17":"sales-flash-overlay","18":"woocommerce-text-align-center","19":"woocommerce-image-align-center","20":"do-quantity-buttons","21":"wc-has-gallery","23":"first","24":"instock","25":"taxable","26":"shipping-taxable","27":"purchasable","28":"product-type-variable"},"yoast_head":"<!-- This site is optimized with the Yoast SEO Premium plugin v22.5 (Yoast SEO v26.5) - https:\/\/yoast.com\/wordpress\/plugins\/seo\/ -->\n<title>Anillo Luma - Joyas fabricadas en Plata de 1\u00aa Ley 925<\/title>\n<meta name=\"description\" content=\"El anillo Luma es la elegancia en una pieza. Sus seis mini circonitas blancas a ambos lados del anillo le dan un toque de diversi\u00f3n y de luz.\" \/>\n<meta name=\"robots\" content=\"index, follow, max-snippet:-1, max-image-preview:large, max-video-preview:-1\" \/>\n<link rel=\"canonical\" href=\"https:\/\/lubeljoyeria.com\/producto\/anillo-lubel-luma\" \/>\n<meta property=\"og:locale\" content=\"es_ES\" \/>\n<meta property=\"og:type\" content=\"article\" \/>\n<meta property=\"og:title\" content=\"Anillo Luma\" \/>\n<meta property=\"og:description\" content=\"El anillo Luma es la elegancia en una pieza. Sus seis mini circonitas blancas a ambos lados del anillo le dan un toque de diversi\u00f3n y de luz.\" \/>\n<meta property=\"og:url\" content=\"https:\/\/lubeljoyeria.com\/producto\/anillo-lubel-luma\" \/>\n<meta property=\"og:site_name\" content=\"Lubel joyeria. Joyeria en Plata . Distribuidor oficial de Swarovski. - Lubel\" \/>\n<meta property=\"article:modified_time\" content=\"2025-01-22T17:28:18+00:00\" \/>\n<meta property=\"og:image\" content=\"https:\/\/lubeljoyeria.com\/wp-content\/uploads\/2021\/07\/4349.jpg\" \/>\n\t<meta property=\"og:image:width\" content=\"1000\" \/>\n\t<meta property=\"og:image:height\" content=\"1000\" \/>\n\t<meta property=\"og:image:type\" content=\"image\/jpeg\" \/>\n<meta name=\"twitter:card\" content=\"summary_large_image\" \/>\n<meta name=\"twitter:label1\" content=\"Tiempo de lectura\" \/>\n\t<meta name=\"twitter:data1\" content=\"1 minuto\" \/>\n<script type=\"application\/ld+json\" class=\"yoast-schema-graph\">{\"@context\":\"https:\/\/schema.org\",\"@graph\":[{\"@type\":\"WebPage\",\"@id\":\"https:\/\/lubeljoyeria.com\/producto\/anillo-lubel-luma\",\"url\":\"https:\/\/lubeljoyeria.com\/producto\/anillo-lubel-luma\",\"name\":\"Anillo Luma - Joyas fabricadas en Plata de 1\u00aa Ley 925\",\"isPartOf\":{\"@id\":\"https:\/\/lubeljoyeria.com\/#website\"},\"primaryImageOfPage\":{\"@id\":\"https:\/\/lubeljoyeria.com\/producto\/anillo-lubel-luma#primaryimage\"},\"image\":{\"@id\":\"https:\/\/lubeljoyeria.com\/producto\/anillo-lubel-luma#primaryimage\"},\"thumbnailUrl\":\"https:\/\/lubeljoyeria.com\/wp-content\/uploads\/2021\/07\/4349.jpg\",\"datePublished\":\"2021-07-27T10:10:23+00:00\",\"dateModified\":\"2025-01-22T17:28:18+00:00\",\"description\":\"El anillo Luma es la elegancia en una pieza. Sus seis mini circonitas blancas a ambos lados del anillo le dan un toque de diversi\u00f3n y de luz.\",\"breadcrumb\":{\"@id\":\"https:\/\/lubeljoyeria.com\/producto\/anillo-lubel-luma#breadcrumb\"},\"inLanguage\":\"es\",\"potentialAction\":[{\"@type\":\"ReadAction\",\"target\":[\"https:\/\/lubeljoyeria.com\/producto\/anillo-lubel-luma\"]}]},{\"@type\":\"ImageObject\",\"inLanguage\":\"es\",\"@id\":\"https:\/\/lubeljoyeria.com\/producto\/anillo-lubel-luma#primaryimage\",\"url\":\"https:\/\/lubeljoyeria.com\/wp-content\/uploads\/2021\/07\/4349.jpg\",\"contentUrl\":\"https:\/\/lubeljoyeria.com\/wp-content\/uploads\/2021\/07\/4349.jpg\",\"width\":1000,\"height\":1000,\"caption\":\"Anillo Lubel, Luma. Fabricado en Plata de 1\u00aa Ley 925 con un ba\u00f1o de oro 18k. www.lubeljoyeria.com\"},{\"@type\":\"BreadcrumbList\",\"@id\":\"https:\/\/lubeljoyeria.com\/producto\/anillo-lubel-luma#breadcrumb\",\"itemListElement\":[{\"@type\":\"ListItem\",\"position\":1,\"name\":\"Home\",\"item\":\"https:\/\/lubeljoyeria.com\/\"},{\"@type\":\"ListItem\",\"position\":2,\"name\":\"Tienda\",\"item\":\"https:\/\/lubeljoyeria.com\/?page_id=6\"},{\"@type\":\"ListItem\",\"position\":3,\"name\":\"Anillo Luma\"}]},{\"@type\":\"WebSite\",\"@id\":\"https:\/\/lubeljoyeria.com\/#website\",\"url\":\"https:\/\/lubeljoyeria.com\/\",\"name\":\"Lubel joyeria. Joyeria en Plata . Distribuidor oficial de Swarovski. - Lubel\",\"description\":\"Lubel joyeria. Joyeria en Plata . Distribuidor oficial de Swarovski. - Lubel\",\"publisher\":{\"@id\":\"https:\/\/lubeljoyeria.com\/#organization\"},\"potentialAction\":[{\"@type\":\"SearchAction\",\"target\":{\"@type\":\"EntryPoint\",\"urlTemplate\":\"https:\/\/lubeljoyeria.com\/?s={search_term_string}\"},\"query-input\":{\"@type\":\"PropertyValueSpecification\",\"valueRequired\":true,\"valueName\":\"search_term_string\"}}],\"inLanguage\":\"es\"},{\"@type\":\"Organization\",\"@id\":\"https:\/\/lubeljoyeria.com\/#organization\",\"name\":\"Lubel joyeria. Joyeria en Plata . Distribuidor oficial de Swarovski. - Lubel\",\"url\":\"https:\/\/lubeljoyeria.com\/\",\"logo\":{\"@type\":\"ImageObject\",\"inLanguage\":\"es\",\"@id\":\"https:\/\/lubeljoyeria.com\/#\/schema\/logo\/image\/\",\"url\":\"https:\/\/lubeljoyeria.com\/wp-content\/uploads\/2020\/10\/lubel-joyeria-logo-1543825573-1.png\",\"contentUrl\":\"https:\/\/lubeljoyeria.com\/wp-content\/uploads\/2020\/10\/lubel-joyeria-logo-1543825573-1.png\",\"width\":135,\"height\":31,\"caption\":\"Lubel joyeria. Joyeria en Plata . Distribuidor oficial de Swarovski. - Lubel\"},\"image\":{\"@id\":\"https:\/\/lubeljoyeria.com\/#\/schema\/logo\/image\/\"}}]}<\/script>\n<!-- \/ Yoast SEO Premium plugin. -->","yoast_head_json":{"title":"Anillo Luma - Joyas fabricadas en Plata de 1\u00aa Ley 925","description":"El anillo Luma es la elegancia en una pieza. Sus seis mini circonitas blancas a ambos lados del anillo le dan un toque de diversi\u00f3n y de luz.","robots":{"index":"index","follow":"follow","max-snippet":"max-snippet:-1","max-image-preview":"max-image-preview:large","max-video-preview":"max-video-preview:-1"},"canonical":"https:\/\/lubeljoyeria.com\/producto\/anillo-lubel-luma","og_locale":"es_ES","og_type":"article","og_title":"Anillo Luma","og_description":"El anillo Luma es la elegancia en una pieza. Sus seis mini circonitas blancas a ambos lados del anillo le dan un toque de diversi\u00f3n y de luz.","og_url":"https:\/\/lubeljoyeria.com\/producto\/anillo-lubel-luma","og_site_name":"Lubel joyeria. Joyeria en Plata . Distribuidor oficial de Swarovski. - Lubel","article_modified_time":"2025-01-22T17:28:18+00:00","og_image":[{"width":1000,"height":1000,"url":"https:\/\/lubeljoyeria.com\/wp-content\/uploads\/2021\/07\/4349.jpg","type":"image\/jpeg"}],"twitter_card":"summary_large_image","twitter_misc":{"Tiempo de lectura":"1 minuto"},"schema":{"@context":"https:\/\/schema.org","@graph":[{"@type":"WebPage","@id":"https:\/\/lubeljoyeria.com\/producto\/anillo-lubel-luma","url":"https:\/\/lubeljoyeria.com\/producto\/anillo-lubel-luma","name":"Anillo Luma - Joyas fabricadas en Plata de 1\u00aa Ley 925","isPartOf":{"@id":"https:\/\/lubeljoyeria.com\/#website"},"primaryImageOfPage":{"@id":"https:\/\/lubeljoyeria.com\/producto\/anillo-lubel-luma#primaryimage"},"image":{"@id":"https:\/\/lubeljoyeria.com\/producto\/anillo-lubel-luma#primaryimage"},"thumbnailUrl":"https:\/\/lubeljoyeria.com\/wp-content\/uploads\/2021\/07\/4349.jpg","datePublished":"2021-07-27T10:10:23+00:00","dateModified":"2025-01-22T17:28:18+00:00","description":"El anillo Luma es la elegancia en una pieza. Sus seis mini circonitas blancas a ambos lados del anillo le dan un toque de diversi\u00f3n y de luz.","breadcrumb":{"@id":"https:\/\/lubeljoyeria.com\/producto\/anillo-lubel-luma#breadcrumb"},"inLanguage":"es","potentialAction":[{"@type":"ReadAction","target":["https:\/\/lubeljoyeria.com\/producto\/anillo-lubel-luma"]}]},{"@type":"ImageObject","inLanguage":"es","@id":"https:\/\/lubeljoyeria.com\/producto\/anillo-lubel-luma#primaryimage","url":"https:\/\/lubeljoyeria.com\/wp-content\/uploads\/2021\/07\/4349.jpg","contentUrl":"https:\/\/lubeljoyeria.com\/wp-content\/uploads\/2021\/07\/4349.jpg","width":1000,"height":1000,"caption":"Anillo Lubel, Luma. Fabricado en Plata de 1\u00aa Ley 925 con un ba\u00f1o de oro 18k. www.lubeljoyeria.com"},{"@type":"BreadcrumbList","@id":"https:\/\/lubeljoyeria.com\/producto\/anillo-lubel-luma#breadcrumb","itemListElement":[{"@type":"ListItem","position":1,"name":"Home","item":"https:\/\/lubeljoyeria.com\/"},{"@type":"ListItem","position":2,"name":"Tienda","item":"https:\/\/lubeljoyeria.com\/?page_id=6"},{"@type":"ListItem","position":3,"name":"Anillo Luma"}]},{"@type":"WebSite","@id":"https:\/\/lubeljoyeria.com\/#website","url":"https:\/\/lubeljoyeria.com\/","name":"Lubel joyeria. Joyeria en Plata . Distribuidor oficial de Swarovski. - Lubel","description":"Lubel joyeria. Joyeria en Plata . Distribuidor oficial de Swarovski. - Lubel","publisher":{"@id":"https:\/\/lubeljoyeria.com\/#organization"},"potentialAction":[{"@type":"SearchAction","target":{"@type":"EntryPoint","urlTemplate":"https:\/\/lubeljoyeria.com\/?s={search_term_string}"},"query-input":{"@type":"PropertyValueSpecification","valueRequired":true,"valueName":"search_term_string"}}],"inLanguage":"es"},{"@type":"Organization","@id":"https:\/\/lubeljoyeria.com\/#organization","name":"Lubel joyeria. Joyeria en Plata . Distribuidor oficial de Swarovski. - Lubel","url":"https:\/\/lubeljoyeria.com\/","logo":{"@type":"ImageObject","inLanguage":"es","@id":"https:\/\/lubeljoyeria.com\/#\/schema\/logo\/image\/","url":"https:\/\/lubeljoyeria.com\/wp-content\/uploads\/2020\/10\/lubel-joyeria-logo-1543825573-1.png","contentUrl":"https:\/\/lubeljoyeria.com\/wp-content\/uploads\/2020\/10\/lubel-joyeria-logo-1543825573-1.png","width":135,"height":31,"caption":"Lubel joyeria. Joyeria en Plata . Distribuidor oficial de Swarovski. - Lubel"},"image":{"@id":"https:\/\/lubeljoyeria.com\/#\/schema\/logo\/image\/"}}]}},"_links":{"self":[{"href":"https:\/\/lubeljoyeria.com\/index.php?rest_route=\/wp\/v2\/product\/21427","targetHints":{"allow":["GET"]}}],"collection":[{"href":"https:\/\/lubeljoyeria.com\/index.php?rest_route=\/wp\/v2\/product"}],"about":[{"href":"https:\/\/lubeljoyeria.com\/index.php?rest_route=\/wp\/v2\/types\/product"}],"wp:featuredmedia":[{"embeddable":true,"href":"https:\/\/lubeljoyeria.com\/index.php?rest_route=\/wp\/v2\/media\/21436"}],"wp:attachment":[{"href":"https:\/\/lubeljoyeria.com\/index.php?rest_route=%2Fwp%2Fv2%2Fmedia&parent=21427"}],"wp:term":[{"taxonomy":"product_brand","embeddable":true,"href":"https:\/\/lubeljoyeria.com\/index.php?rest_route=%2Fwp%2Fv2%2Fproduct_brand&post=21427"},{"taxonomy":"product_cat","embeddable":true,"href":"https:\/\/lubeljoyeria.com\/index.php?rest_route=%2Fwp%2Fv2%2Fproduct_cat&post=21427"},{"taxonomy":"product_tag","embeddable":true,"href":"https:\/\/lubeljoyeria.com\/index.php?rest_route=%2Fwp%2Fv2%2Fproduct_tag&post=21427"}],"curies":[{"name":"wp","href":"https:\/\/api.w.org\/{rel}","templated":true}]}}