{"id":21272,"date":"2021-06-23T10:25:37","date_gmt":"2021-06-23T10:25:37","guid":{"rendered":"https:\/\/lubeljoyeria.com\/?post_type=product&#038;p=21272"},"modified":"2022-01-13T16:13:20","modified_gmt":"2022-01-13T16:13:20","slug":"pendiente-lubel-aro-y-rayo","status":"publish","type":"product","link":"https:\/\/lubeljoyeria.com\/?product=pendiente-lubel-aro-y-rayo","title":{"rendered":"Pendientes Blitz"},"content":{"rendered":"<p>Elegante y con un toque \u00e9tnico que te seducir\u00e1. As\u00ed es el pendiente Lightning. Un arito repleto de peque\u00f1as esferas de plata de 1\u00aa ley con un ba\u00f1o de rodio u oro de 18k. que le aportan un toque original, del que cuelga una peque\u00f1a estrella. Una joya que se convertir\u00e1 en un must en tu joyero.<\/p>\n<ul>\n<li>Tama\u00f1o del Aro: 11mm.<\/li>\n<li>Tama\u00f1o del Rayo: 8mm.<\/li>\n<\/ul>\n","protected":false},"excerpt":{"rendered":"<p>Elegante y con un toque \u00e9tnico que te seducir\u00e1. As\u00ed es el pendiente Lightning. Un arito repleto de peque\u00f1as esferas de plata de 1\u00aa ley con un ba\u00f1o de rodio u oro de 18k. que le aportan un toque original, del que cuelga una peque\u00f1a estrella. Una joya que se convertir\u00e1 en un must en tu joyero.<\/p>\n<ul>\n<li>Tama\u00f1o del Aro: 11mm.<\/li>\n<li>Tama\u00f1o del Rayo: 8mm.<\/li>\n<\/ul>\n","protected":false},"featured_media":21271,"template":"","meta":{"_joinchat":[]},"product_brand":[1438],"product_cat":[1463,1464,1623,1473,1489],"product_tag":[],"class_list":{"0":"post-21272","1":"product","2":"type-product","3":"status-publish","4":"has-post-thumbnail","6":"product_brand-joyeria-en-plata","7":"product_cat-inicio","8":"product_cat-principal","9":"product_cat-joyitas_","10":"product_cat-joyeria-en-plata","11":"product_cat-pendientes-joyeria-en-plata","12":"pa_acabadoscolganteharu-plata","13":"pa_acabadoscolganteharu-banooro","14":"sales-flash-overlay","15":"woocommerce-text-align-center","16":"woocommerce-image-align-center","17":"do-quantity-buttons","18":"wc-has-gallery","20":"first","21":"instock","22":"taxable","23":"shipping-taxable","24":"purchasable","25":"product-type-variable"},"yoast_head":"<!-- This site is optimized with the Yoast SEO Premium plugin v22.5 (Yoast SEO v26.5) - https:\/\/yoast.com\/wordpress\/plugins\/seo\/ -->\n<title>Pendientes Blitz - Fabricados en plata de 1\u00aa Ley 925.<\/title>\n<meta name=\"description\" content=\"Elegante y con un toque \u00e9tnico que te seducir\u00e1. As\u00ed es el pendiente Lightning. Un arito repleto de peque\u00f1as esferas.\" \/>\n<meta name=\"robots\" content=\"index, follow, max-snippet:-1, max-image-preview:large, max-video-preview:-1\" \/>\n<link rel=\"canonical\" href=\"https:\/\/lubeljoyeria.com\/producto\/pendiente-lubel-aro-y-rayo\" \/>\n<meta property=\"og:locale\" content=\"es_ES\" \/>\n<meta property=\"og:type\" content=\"article\" \/>\n<meta property=\"og:title\" content=\"Pendientes Blitz\" \/>\n<meta property=\"og:description\" content=\"Elegante y con un toque \u00e9tnico que te seducir\u00e1. As\u00ed es el pendiente Lightning. Un arito repleto de peque\u00f1as esferas.\" \/>\n<meta property=\"og:url\" content=\"https:\/\/lubeljoyeria.com\/producto\/pendiente-lubel-aro-y-rayo\" \/>\n<meta property=\"og:site_name\" content=\"Lubel joyeria. Joyeria en Plata . Distribuidor oficial de Swarovski. - Lubel\" \/>\n<meta property=\"article:modified_time\" content=\"2022-01-13T16:13:20+00:00\" \/>\n<meta property=\"og:image\" content=\"https:\/\/lubeljoyeria.com\/wp-content\/uploads\/2021\/06\/0201101.jpg\" \/>\n\t<meta property=\"og:image:width\" content=\"1100\" \/>\n\t<meta property=\"og:image:height\" content=\"1100\" \/>\n\t<meta property=\"og:image:type\" content=\"image\/jpeg\" \/>\n<meta name=\"twitter:card\" content=\"summary_large_image\" \/>\n<script type=\"application\/ld+json\" class=\"yoast-schema-graph\">{\"@context\":\"https:\/\/schema.org\",\"@graph\":[{\"@type\":\"WebPage\",\"@id\":\"https:\/\/lubeljoyeria.com\/producto\/pendiente-lubel-aro-y-rayo\",\"url\":\"https:\/\/lubeljoyeria.com\/producto\/pendiente-lubel-aro-y-rayo\",\"name\":\"Pendientes Blitz - Fabricados en plata de 1\u00aa Ley 925.\",\"isPartOf\":{\"@id\":\"https:\/\/lubeljoyeria.com\/#website\"},\"primaryImageOfPage\":{\"@id\":\"https:\/\/lubeljoyeria.com\/producto\/pendiente-lubel-aro-y-rayo#primaryimage\"},\"image\":{\"@id\":\"https:\/\/lubeljoyeria.com\/producto\/pendiente-lubel-aro-y-rayo#primaryimage\"},\"thumbnailUrl\":\"https:\/\/lubeljoyeria.com\/wp-content\/uploads\/2021\/06\/0201101.jpg\",\"datePublished\":\"2021-06-23T10:25:37+00:00\",\"dateModified\":\"2022-01-13T16:13:20+00:00\",\"description\":\"Elegante y con un toque \u00e9tnico que te seducir\u00e1. As\u00ed es el pendiente Lightning. Un arito repleto de peque\u00f1as esferas.\",\"breadcrumb\":{\"@id\":\"https:\/\/lubeljoyeria.com\/producto\/pendiente-lubel-aro-y-rayo#breadcrumb\"},\"inLanguage\":\"es\",\"potentialAction\":[{\"@type\":\"ReadAction\",\"target\":[\"https:\/\/lubeljoyeria.com\/producto\/pendiente-lubel-aro-y-rayo\"]}]},{\"@type\":\"ImageObject\",\"inLanguage\":\"es\",\"@id\":\"https:\/\/lubeljoyeria.com\/producto\/pendiente-lubel-aro-y-rayo#primaryimage\",\"url\":\"https:\/\/lubeljoyeria.com\/wp-content\/uploads\/2021\/06\/0201101.jpg\",\"contentUrl\":\"https:\/\/lubeljoyeria.com\/wp-content\/uploads\/2021\/06\/0201101.jpg\",\"width\":1100,\"height\":1100,\"caption\":\"Pendiente Aro bolitas, charm rayo. Plata 1\u00aa Ley 925 y ba\u00f1o de rodio.\"},{\"@type\":\"BreadcrumbList\",\"@id\":\"https:\/\/lubeljoyeria.com\/producto\/pendiente-lubel-aro-y-rayo#breadcrumb\",\"itemListElement\":[{\"@type\":\"ListItem\",\"position\":1,\"name\":\"Home\",\"item\":\"https:\/\/lubeljoyeria.com\/\"},{\"@type\":\"ListItem\",\"position\":2,\"name\":\"Tienda\",\"item\":\"https:\/\/lubeljoyeria.com\/?page_id=6\"},{\"@type\":\"ListItem\",\"position\":3,\"name\":\"Pendientes Blitz\"}]},{\"@type\":\"WebSite\",\"@id\":\"https:\/\/lubeljoyeria.com\/#website\",\"url\":\"https:\/\/lubeljoyeria.com\/\",\"name\":\"Lubel joyeria. Joyeria en Plata . Distribuidor oficial de Swarovski. - Lubel\",\"description\":\"Lubel joyeria. Joyeria en Plata . Distribuidor oficial de Swarovski. - Lubel\",\"publisher\":{\"@id\":\"https:\/\/lubeljoyeria.com\/#organization\"},\"potentialAction\":[{\"@type\":\"SearchAction\",\"target\":{\"@type\":\"EntryPoint\",\"urlTemplate\":\"https:\/\/lubeljoyeria.com\/?s={search_term_string}\"},\"query-input\":{\"@type\":\"PropertyValueSpecification\",\"valueRequired\":true,\"valueName\":\"search_term_string\"}}],\"inLanguage\":\"es\"},{\"@type\":\"Organization\",\"@id\":\"https:\/\/lubeljoyeria.com\/#organization\",\"name\":\"Lubel joyeria. Joyeria en Plata . Distribuidor oficial de Swarovski. - Lubel\",\"url\":\"https:\/\/lubeljoyeria.com\/\",\"logo\":{\"@type\":\"ImageObject\",\"inLanguage\":\"es\",\"@id\":\"https:\/\/lubeljoyeria.com\/#\/schema\/logo\/image\/\",\"url\":\"https:\/\/lubeljoyeria.com\/wp-content\/uploads\/2020\/10\/lubel-joyeria-logo-1543825573-1.png\",\"contentUrl\":\"https:\/\/lubeljoyeria.com\/wp-content\/uploads\/2020\/10\/lubel-joyeria-logo-1543825573-1.png\",\"width\":135,\"height\":31,\"caption\":\"Lubel joyeria. Joyeria en Plata . Distribuidor oficial de Swarovski. - Lubel\"},\"image\":{\"@id\":\"https:\/\/lubeljoyeria.com\/#\/schema\/logo\/image\/\"}}]}<\/script>\n<!-- \/ Yoast SEO Premium plugin. -->","yoast_head_json":{"title":"Pendientes Blitz - Fabricados en plata de 1\u00aa Ley 925.","description":"Elegante y con un toque \u00e9tnico que te seducir\u00e1. As\u00ed es el pendiente Lightning. Un arito repleto de peque\u00f1as esferas.","robots":{"index":"index","follow":"follow","max-snippet":"max-snippet:-1","max-image-preview":"max-image-preview:large","max-video-preview":"max-video-preview:-1"},"canonical":"https:\/\/lubeljoyeria.com\/producto\/pendiente-lubel-aro-y-rayo","og_locale":"es_ES","og_type":"article","og_title":"Pendientes Blitz","og_description":"Elegante y con un toque \u00e9tnico que te seducir\u00e1. As\u00ed es el pendiente Lightning. Un arito repleto de peque\u00f1as esferas.","og_url":"https:\/\/lubeljoyeria.com\/producto\/pendiente-lubel-aro-y-rayo","og_site_name":"Lubel joyeria. Joyeria en Plata . Distribuidor oficial de Swarovski. - Lubel","article_modified_time":"2022-01-13T16:13:20+00:00","og_image":[{"width":1100,"height":1100,"url":"https:\/\/lubeljoyeria.com\/wp-content\/uploads\/2021\/06\/0201101.jpg","type":"image\/jpeg"}],"twitter_card":"summary_large_image","schema":{"@context":"https:\/\/schema.org","@graph":[{"@type":"WebPage","@id":"https:\/\/lubeljoyeria.com\/producto\/pendiente-lubel-aro-y-rayo","url":"https:\/\/lubeljoyeria.com\/producto\/pendiente-lubel-aro-y-rayo","name":"Pendientes Blitz - Fabricados en plata de 1\u00aa Ley 925.","isPartOf":{"@id":"https:\/\/lubeljoyeria.com\/#website"},"primaryImageOfPage":{"@id":"https:\/\/lubeljoyeria.com\/producto\/pendiente-lubel-aro-y-rayo#primaryimage"},"image":{"@id":"https:\/\/lubeljoyeria.com\/producto\/pendiente-lubel-aro-y-rayo#primaryimage"},"thumbnailUrl":"https:\/\/lubeljoyeria.com\/wp-content\/uploads\/2021\/06\/0201101.jpg","datePublished":"2021-06-23T10:25:37+00:00","dateModified":"2022-01-13T16:13:20+00:00","description":"Elegante y con un toque \u00e9tnico que te seducir\u00e1. As\u00ed es el pendiente Lightning. Un arito repleto de peque\u00f1as esferas.","breadcrumb":{"@id":"https:\/\/lubeljoyeria.com\/producto\/pendiente-lubel-aro-y-rayo#breadcrumb"},"inLanguage":"es","potentialAction":[{"@type":"ReadAction","target":["https:\/\/lubeljoyeria.com\/producto\/pendiente-lubel-aro-y-rayo"]}]},{"@type":"ImageObject","inLanguage":"es","@id":"https:\/\/lubeljoyeria.com\/producto\/pendiente-lubel-aro-y-rayo#primaryimage","url":"https:\/\/lubeljoyeria.com\/wp-content\/uploads\/2021\/06\/0201101.jpg","contentUrl":"https:\/\/lubeljoyeria.com\/wp-content\/uploads\/2021\/06\/0201101.jpg","width":1100,"height":1100,"caption":"Pendiente Aro bolitas, charm rayo. Plata 1\u00aa Ley 925 y ba\u00f1o de rodio."},{"@type":"BreadcrumbList","@id":"https:\/\/lubeljoyeria.com\/producto\/pendiente-lubel-aro-y-rayo#breadcrumb","itemListElement":[{"@type":"ListItem","position":1,"name":"Home","item":"https:\/\/lubeljoyeria.com\/"},{"@type":"ListItem","position":2,"name":"Tienda","item":"https:\/\/lubeljoyeria.com\/?page_id=6"},{"@type":"ListItem","position":3,"name":"Pendientes Blitz"}]},{"@type":"WebSite","@id":"https:\/\/lubeljoyeria.com\/#website","url":"https:\/\/lubeljoyeria.com\/","name":"Lubel joyeria. Joyeria en Plata . Distribuidor oficial de Swarovski. - Lubel","description":"Lubel joyeria. Joyeria en Plata . Distribuidor oficial de Swarovski. - Lubel","publisher":{"@id":"https:\/\/lubeljoyeria.com\/#organization"},"potentialAction":[{"@type":"SearchAction","target":{"@type":"EntryPoint","urlTemplate":"https:\/\/lubeljoyeria.com\/?s={search_term_string}"},"query-input":{"@type":"PropertyValueSpecification","valueRequired":true,"valueName":"search_term_string"}}],"inLanguage":"es"},{"@type":"Organization","@id":"https:\/\/lubeljoyeria.com\/#organization","name":"Lubel joyeria. Joyeria en Plata . Distribuidor oficial de Swarovski. - Lubel","url":"https:\/\/lubeljoyeria.com\/","logo":{"@type":"ImageObject","inLanguage":"es","@id":"https:\/\/lubeljoyeria.com\/#\/schema\/logo\/image\/","url":"https:\/\/lubeljoyeria.com\/wp-content\/uploads\/2020\/10\/lubel-joyeria-logo-1543825573-1.png","contentUrl":"https:\/\/lubeljoyeria.com\/wp-content\/uploads\/2020\/10\/lubel-joyeria-logo-1543825573-1.png","width":135,"height":31,"caption":"Lubel joyeria. Joyeria en Plata . Distribuidor oficial de Swarovski. - Lubel"},"image":{"@id":"https:\/\/lubeljoyeria.com\/#\/schema\/logo\/image\/"}}]}},"_links":{"self":[{"href":"https:\/\/lubeljoyeria.com\/index.php?rest_route=\/wp\/v2\/product\/21272","targetHints":{"allow":["GET"]}}],"collection":[{"href":"https:\/\/lubeljoyeria.com\/index.php?rest_route=\/wp\/v2\/product"}],"about":[{"href":"https:\/\/lubeljoyeria.com\/index.php?rest_route=\/wp\/v2\/types\/product"}],"wp:featuredmedia":[{"embeddable":true,"href":"https:\/\/lubeljoyeria.com\/index.php?rest_route=\/wp\/v2\/media\/21271"}],"wp:attachment":[{"href":"https:\/\/lubeljoyeria.com\/index.php?rest_route=%2Fwp%2Fv2%2Fmedia&parent=21272"}],"wp:term":[{"taxonomy":"product_brand","embeddable":true,"href":"https:\/\/lubeljoyeria.com\/index.php?rest_route=%2Fwp%2Fv2%2Fproduct_brand&post=21272"},{"taxonomy":"product_cat","embeddable":true,"href":"https:\/\/lubeljoyeria.com\/index.php?rest_route=%2Fwp%2Fv2%2Fproduct_cat&post=21272"},{"taxonomy":"product_tag","embeddable":true,"href":"https:\/\/lubeljoyeria.com\/index.php?rest_route=%2Fwp%2Fv2%2Fproduct_tag&post=21272"}],"curies":[{"name":"wp","href":"https:\/\/api.w.org\/{rel}","templated":true}]}}