{"id":21088,"date":"2021-04-23T15:59:29","date_gmt":"2021-04-23T15:59:29","guid":{"rendered":"https:\/\/lubeljoyeria.com\/?post_type=product&#038;p=21088"},"modified":"2024-07-06T09:42:45","modified_gmt":"2024-07-06T09:42:45","slug":"pendiente-swarovski-chroma-rosa","status":"publish","type":"product","link":"https:\/\/lubeljoyeria.com\/?product=pendiente-swarovski-chroma-rosa","title":{"rendered":"Pendiente Swarovski, Chroma Rosa"},"content":{"rendered":"<div id=\"product-details-ellipsis\" class=\"swa-product-details__drawer__description js-swa-multiline-ellipsis\" data-ellipsis-mobile-only=\"true\" data-seemore=\"Leer m\u00e1s\" data-seeless=\"Ver menos\" data-visible-words-count=\"15\">Estos pendientes stud de gran tama\u00f1o, que combinan cristales de color rosa con cristales transparentes de talla escalonada, son infinitamente vers\u00e1tiles. Acabados con un elegante engaste con ba\u00f1o de rodio, ll\u00e9valos en par o por separado para realzar cualquier estilismo, desde prendas sencillas para el d\u00eda hasta elegantes vestidos de noche.<\/div>\n<ul id=\"product-details-classifications-ellipsis\" class=\"swa-product-details__drawer__specs\">\n<li>Color:\u00a0Rosa<\/li>\n<li>Largo: 2 cm.<\/li>\n<li>Material:\u00a0Ba\u00f1o de rodio,\u00a0Cristales Swarovski<\/li>\n<\/ul>\n","protected":false},"excerpt":{"rendered":"<div id=\"product-details-ellipsis\" class=\"swa-product-details__drawer__description js-swa-multiline-ellipsis\" data-ellipsis-mobile-only=\"true\" data-seemore=\"Leer m\u00e1s\" data-seeless=\"Ver menos\" data-visible-words-count=\"15\">Estos pendientes stud de gran tama\u00f1o, que combinan cristales de color rosa con cristales transparentes de talla escalonada, son infinitamente vers\u00e1tiles. Acabados con un elegante engaste con ba\u00f1o de rodio, ll\u00e9valos en par o por separado para realzar cualquier estilismo, desde prendas sencillas para el d\u00eda hasta elegantes vestidos de noche.<\/div>\n<ul id=\"product-details-classifications-ellipsis\" class=\"swa-product-details__drawer__specs\">\n<li>Color:\u00a0Rosa<\/li>\n<li>Largo: 2 cm.<\/li>\n<li>Material:\u00a0Ba\u00f1o de rodio,\u00a0Cristales Swarovski<\/li>\n<\/ul>\n","protected":false},"featured_media":21090,"template":"","meta":{"_joinchat":[]},"product_brand":[1437],"product_cat":[1463,1464,1470,1512,1482],"product_tag":[],"class_list":{"0":"post-21088","1":"product","2":"type-product","3":"status-publish","4":"has-post-thumbnail","6":"product_brand-swarovski","7":"product_cat-inicio","8":"product_cat-principal","9":"product_cat-swarovski","10":"product_cat-pendientes-swarovski","11":"product_cat-rebajas","12":"sales-flash-overlay","13":"woocommerce-text-align-center","14":"woocommerce-image-align-center","15":"do-quantity-buttons","16":"wc-has-gallery","18":"first","19":"instock","20":"sale","21":"taxable","22":"shipping-taxable","23":"purchasable","24":"product-type-simple"},"yoast_head":"<!-- This site is optimized with the Yoast SEO Premium plugin v22.5 (Yoast SEO v26.5) - https:\/\/yoast.com\/wordpress\/plugins\/seo\/ -->\n<title>Pendiente Swarovski, Chroma Rosa - Distribuidor Oficial Swarovski<\/title>\n<meta name=\"description\" content=\"Estos pendientes stud de gran tama\u00f1o, que combinan cristales de color rosa con cristales transparentes de talla escalonada.\" \/>\n<meta name=\"robots\" content=\"index, follow, max-snippet:-1, max-image-preview:large, max-video-preview:-1\" \/>\n<link rel=\"canonical\" href=\"https:\/\/lubeljoyeria.com\/producto\/pendiente-swarovski-chroma-rosa\" \/>\n<meta property=\"og:locale\" content=\"es_ES\" \/>\n<meta property=\"og:type\" content=\"article\" \/>\n<meta property=\"og:title\" content=\"Pendiente Swarovski, Chroma Rosa\" \/>\n<meta property=\"og:description\" content=\"Estos pendientes stud de gran tama\u00f1o, que combinan cristales de color rosa con cristales transparentes de talla escalonada.\" \/>\n<meta property=\"og:url\" content=\"https:\/\/lubeljoyeria.com\/producto\/pendiente-swarovski-chroma-rosa\" \/>\n<meta property=\"og:site_name\" content=\"Lubel joyeria. Joyeria en Plata . Distribuidor oficial de Swarovski. - Lubel\" \/>\n<meta property=\"article:modified_time\" content=\"2024-07-06T09:42:45+00:00\" \/>\n<meta property=\"og:image\" content=\"https:\/\/lubeljoyeria.com\/wp-content\/uploads\/2021\/04\/pendientes-chroma-rosa-bano-de-rodio-swarovski-5600627.jpg\" \/>\n\t<meta property=\"og:image:width\" content=\"600\" \/>\n\t<meta property=\"og:image:height\" content=\"600\" \/>\n\t<meta property=\"og:image:type\" content=\"image\/jpeg\" \/>\n<meta name=\"twitter:card\" content=\"summary_large_image\" \/>\n<meta name=\"twitter:label1\" content=\"Tiempo de lectura\" \/>\n\t<meta name=\"twitter:data1\" content=\"1 minuto\" \/>\n<script type=\"application\/ld+json\" class=\"yoast-schema-graph\">{\"@context\":\"https:\/\/schema.org\",\"@graph\":[{\"@type\":\"WebPage\",\"@id\":\"https:\/\/lubeljoyeria.com\/producto\/pendiente-swarovski-chroma-rosa\",\"url\":\"https:\/\/lubeljoyeria.com\/producto\/pendiente-swarovski-chroma-rosa\",\"name\":\"Pendiente Swarovski, Chroma Rosa - Distribuidor Oficial Swarovski\",\"isPartOf\":{\"@id\":\"https:\/\/lubeljoyeria.com\/#website\"},\"primaryImageOfPage\":{\"@id\":\"https:\/\/lubeljoyeria.com\/producto\/pendiente-swarovski-chroma-rosa#primaryimage\"},\"image\":{\"@id\":\"https:\/\/lubeljoyeria.com\/producto\/pendiente-swarovski-chroma-rosa#primaryimage\"},\"thumbnailUrl\":\"https:\/\/lubeljoyeria.com\/wp-content\/uploads\/2021\/04\/pendientes-chroma-rosa-bano-de-rodio-swarovski-5600627.jpg\",\"datePublished\":\"2021-04-23T15:59:29+00:00\",\"dateModified\":\"2024-07-06T09:42:45+00:00\",\"description\":\"Estos pendientes stud de gran tama\u00f1o, que combinan cristales de color rosa con cristales transparentes de talla escalonada.\",\"breadcrumb\":{\"@id\":\"https:\/\/lubeljoyeria.com\/producto\/pendiente-swarovski-chroma-rosa#breadcrumb\"},\"inLanguage\":\"es\",\"potentialAction\":[{\"@type\":\"ReadAction\",\"target\":[\"https:\/\/lubeljoyeria.com\/producto\/pendiente-swarovski-chroma-rosa\"]}]},{\"@type\":\"ImageObject\",\"inLanguage\":\"es\",\"@id\":\"https:\/\/lubeljoyeria.com\/producto\/pendiente-swarovski-chroma-rosa#primaryimage\",\"url\":\"https:\/\/lubeljoyeria.com\/wp-content\/uploads\/2021\/04\/pendientes-chroma-rosa-bano-de-rodio-swarovski-5600627.jpg\",\"contentUrl\":\"https:\/\/lubeljoyeria.com\/wp-content\/uploads\/2021\/04\/pendientes-chroma-rosa-bano-de-rodio-swarovski-5600627.jpg\",\"width\":600,\"height\":600,\"caption\":\"Pendiente Swarovski, Chroma 5600627\"},{\"@type\":\"BreadcrumbList\",\"@id\":\"https:\/\/lubeljoyeria.com\/producto\/pendiente-swarovski-chroma-rosa#breadcrumb\",\"itemListElement\":[{\"@type\":\"ListItem\",\"position\":1,\"name\":\"Home\",\"item\":\"https:\/\/lubeljoyeria.com\/\"},{\"@type\":\"ListItem\",\"position\":2,\"name\":\"Tienda\",\"item\":\"https:\/\/lubeljoyeria.com\/?page_id=6\"},{\"@type\":\"ListItem\",\"position\":3,\"name\":\"Pendiente Swarovski, Chroma Rosa\"}]},{\"@type\":\"WebSite\",\"@id\":\"https:\/\/lubeljoyeria.com\/#website\",\"url\":\"https:\/\/lubeljoyeria.com\/\",\"name\":\"Lubel joyeria. Joyeria en Plata . Distribuidor oficial de Swarovski. - Lubel\",\"description\":\"Lubel joyeria. Joyeria en Plata . Distribuidor oficial de Swarovski. - Lubel\",\"publisher\":{\"@id\":\"https:\/\/lubeljoyeria.com\/#organization\"},\"potentialAction\":[{\"@type\":\"SearchAction\",\"target\":{\"@type\":\"EntryPoint\",\"urlTemplate\":\"https:\/\/lubeljoyeria.com\/?s={search_term_string}\"},\"query-input\":{\"@type\":\"PropertyValueSpecification\",\"valueRequired\":true,\"valueName\":\"search_term_string\"}}],\"inLanguage\":\"es\"},{\"@type\":\"Organization\",\"@id\":\"https:\/\/lubeljoyeria.com\/#organization\",\"name\":\"Lubel joyeria. Joyeria en Plata . Distribuidor oficial de Swarovski. - Lubel\",\"url\":\"https:\/\/lubeljoyeria.com\/\",\"logo\":{\"@type\":\"ImageObject\",\"inLanguage\":\"es\",\"@id\":\"https:\/\/lubeljoyeria.com\/#\/schema\/logo\/image\/\",\"url\":\"https:\/\/lubeljoyeria.com\/wp-content\/uploads\/2020\/10\/lubel-joyeria-logo-1543825573-1.png\",\"contentUrl\":\"https:\/\/lubeljoyeria.com\/wp-content\/uploads\/2020\/10\/lubel-joyeria-logo-1543825573-1.png\",\"width\":135,\"height\":31,\"caption\":\"Lubel joyeria. Joyeria en Plata . Distribuidor oficial de Swarovski. - Lubel\"},\"image\":{\"@id\":\"https:\/\/lubeljoyeria.com\/#\/schema\/logo\/image\/\"}}]}<\/script>\n<!-- \/ Yoast SEO Premium plugin. -->","yoast_head_json":{"title":"Pendiente Swarovski, Chroma Rosa - Distribuidor Oficial Swarovski","description":"Estos pendientes stud de gran tama\u00f1o, que combinan cristales de color rosa con cristales transparentes de talla escalonada.","robots":{"index":"index","follow":"follow","max-snippet":"max-snippet:-1","max-image-preview":"max-image-preview:large","max-video-preview":"max-video-preview:-1"},"canonical":"https:\/\/lubeljoyeria.com\/producto\/pendiente-swarovski-chroma-rosa","og_locale":"es_ES","og_type":"article","og_title":"Pendiente Swarovski, Chroma Rosa","og_description":"Estos pendientes stud de gran tama\u00f1o, que combinan cristales de color rosa con cristales transparentes de talla escalonada.","og_url":"https:\/\/lubeljoyeria.com\/producto\/pendiente-swarovski-chroma-rosa","og_site_name":"Lubel joyeria. Joyeria en Plata . Distribuidor oficial de Swarovski. - Lubel","article_modified_time":"2024-07-06T09:42:45+00:00","og_image":[{"width":600,"height":600,"url":"https:\/\/lubeljoyeria.com\/wp-content\/uploads\/2021\/04\/pendientes-chroma-rosa-bano-de-rodio-swarovski-5600627.jpg","type":"image\/jpeg"}],"twitter_card":"summary_large_image","twitter_misc":{"Tiempo de lectura":"1 minuto"},"schema":{"@context":"https:\/\/schema.org","@graph":[{"@type":"WebPage","@id":"https:\/\/lubeljoyeria.com\/producto\/pendiente-swarovski-chroma-rosa","url":"https:\/\/lubeljoyeria.com\/producto\/pendiente-swarovski-chroma-rosa","name":"Pendiente Swarovski, Chroma Rosa - Distribuidor Oficial Swarovski","isPartOf":{"@id":"https:\/\/lubeljoyeria.com\/#website"},"primaryImageOfPage":{"@id":"https:\/\/lubeljoyeria.com\/producto\/pendiente-swarovski-chroma-rosa#primaryimage"},"image":{"@id":"https:\/\/lubeljoyeria.com\/producto\/pendiente-swarovski-chroma-rosa#primaryimage"},"thumbnailUrl":"https:\/\/lubeljoyeria.com\/wp-content\/uploads\/2021\/04\/pendientes-chroma-rosa-bano-de-rodio-swarovski-5600627.jpg","datePublished":"2021-04-23T15:59:29+00:00","dateModified":"2024-07-06T09:42:45+00:00","description":"Estos pendientes stud de gran tama\u00f1o, que combinan cristales de color rosa con cristales transparentes de talla escalonada.","breadcrumb":{"@id":"https:\/\/lubeljoyeria.com\/producto\/pendiente-swarovski-chroma-rosa#breadcrumb"},"inLanguage":"es","potentialAction":[{"@type":"ReadAction","target":["https:\/\/lubeljoyeria.com\/producto\/pendiente-swarovski-chroma-rosa"]}]},{"@type":"ImageObject","inLanguage":"es","@id":"https:\/\/lubeljoyeria.com\/producto\/pendiente-swarovski-chroma-rosa#primaryimage","url":"https:\/\/lubeljoyeria.com\/wp-content\/uploads\/2021\/04\/pendientes-chroma-rosa-bano-de-rodio-swarovski-5600627.jpg","contentUrl":"https:\/\/lubeljoyeria.com\/wp-content\/uploads\/2021\/04\/pendientes-chroma-rosa-bano-de-rodio-swarovski-5600627.jpg","width":600,"height":600,"caption":"Pendiente Swarovski, Chroma 5600627"},{"@type":"BreadcrumbList","@id":"https:\/\/lubeljoyeria.com\/producto\/pendiente-swarovski-chroma-rosa#breadcrumb","itemListElement":[{"@type":"ListItem","position":1,"name":"Home","item":"https:\/\/lubeljoyeria.com\/"},{"@type":"ListItem","position":2,"name":"Tienda","item":"https:\/\/lubeljoyeria.com\/?page_id=6"},{"@type":"ListItem","position":3,"name":"Pendiente Swarovski, Chroma Rosa"}]},{"@type":"WebSite","@id":"https:\/\/lubeljoyeria.com\/#website","url":"https:\/\/lubeljoyeria.com\/","name":"Lubel joyeria. Joyeria en Plata . Distribuidor oficial de Swarovski. - Lubel","description":"Lubel joyeria. Joyeria en Plata . Distribuidor oficial de Swarovski. - Lubel","publisher":{"@id":"https:\/\/lubeljoyeria.com\/#organization"},"potentialAction":[{"@type":"SearchAction","target":{"@type":"EntryPoint","urlTemplate":"https:\/\/lubeljoyeria.com\/?s={search_term_string}"},"query-input":{"@type":"PropertyValueSpecification","valueRequired":true,"valueName":"search_term_string"}}],"inLanguage":"es"},{"@type":"Organization","@id":"https:\/\/lubeljoyeria.com\/#organization","name":"Lubel joyeria. Joyeria en Plata . Distribuidor oficial de Swarovski. - Lubel","url":"https:\/\/lubeljoyeria.com\/","logo":{"@type":"ImageObject","inLanguage":"es","@id":"https:\/\/lubeljoyeria.com\/#\/schema\/logo\/image\/","url":"https:\/\/lubeljoyeria.com\/wp-content\/uploads\/2020\/10\/lubel-joyeria-logo-1543825573-1.png","contentUrl":"https:\/\/lubeljoyeria.com\/wp-content\/uploads\/2020\/10\/lubel-joyeria-logo-1543825573-1.png","width":135,"height":31,"caption":"Lubel joyeria. Joyeria en Plata . Distribuidor oficial de Swarovski. - Lubel"},"image":{"@id":"https:\/\/lubeljoyeria.com\/#\/schema\/logo\/image\/"}}]}},"_links":{"self":[{"href":"https:\/\/lubeljoyeria.com\/index.php?rest_route=\/wp\/v2\/product\/21088","targetHints":{"allow":["GET"]}}],"collection":[{"href":"https:\/\/lubeljoyeria.com\/index.php?rest_route=\/wp\/v2\/product"}],"about":[{"href":"https:\/\/lubeljoyeria.com\/index.php?rest_route=\/wp\/v2\/types\/product"}],"wp:featuredmedia":[{"embeddable":true,"href":"https:\/\/lubeljoyeria.com\/index.php?rest_route=\/wp\/v2\/media\/21090"}],"wp:attachment":[{"href":"https:\/\/lubeljoyeria.com\/index.php?rest_route=%2Fwp%2Fv2%2Fmedia&parent=21088"}],"wp:term":[{"taxonomy":"product_brand","embeddable":true,"href":"https:\/\/lubeljoyeria.com\/index.php?rest_route=%2Fwp%2Fv2%2Fproduct_brand&post=21088"},{"taxonomy":"product_cat","embeddable":true,"href":"https:\/\/lubeljoyeria.com\/index.php?rest_route=%2Fwp%2Fv2%2Fproduct_cat&post=21088"},{"taxonomy":"product_tag","embeddable":true,"href":"https:\/\/lubeljoyeria.com\/index.php?rest_route=%2Fwp%2Fv2%2Fproduct_tag&post=21088"}],"curies":[{"name":"wp","href":"https:\/\/api.w.org\/{rel}","templated":true}]}}