{"id":20350,"date":"2020-11-11T16:58:37","date_gmt":"2020-11-11T16:58:37","guid":{"rendered":"https:\/\/lubeljoyeria.com\/?post_type=product&#038;p=20350"},"modified":"2020-11-11T17:05:27","modified_gmt":"2020-11-11T17:05:27","slug":"inicial-lubel-medalla","status":"publish","type":"product","link":"https:\/\/lubeljoyeria.com\/?product=inicial-lubel-medalla","title":{"rendered":"Inicial Lubel Medalla"},"content":{"rendered":"","protected":false},"excerpt":{"rendered":"<p>Peque\u00f1os detalles para grandes historias, una peque\u00f1a medallita con tu inicial grabada o la de esa persona especial. Personaliza tus joyitas y dales un toque \u00fanico.<\/p>\n<p>Elige la opci\u00f3n que m\u00e1s te guste, suelta o con cadena. \u00a1T\u00fa eliges!<\/p>\n<p>Tama\u00f1o: 8 mm.<\/p>\n<p>&nbsp;<\/p>\n","protected":false},"featured_media":0,"template":"","meta":{"_joinchat":[]},"product_brand":[],"product_cat":[15],"product_tag":[],"class_list":{"0":"post-20350","1":"product","2":"type-product","3":"status-publish","5":"product_cat-sin-categorizar","6":"pa_acabadoscolganteharu-plata","7":"pa_acabadoscolganteharu-banooro","8":"pa_letras-a","9":"pa_letras-b","10":"pa_letras-c","11":"pa_letras-d","12":"pa_letras-e","13":"pa_letras-g","14":"pa_letras-i","15":"pa_letras-l","16":"pa_letras-m","17":"pa_letras-n","18":"pa_letras-p","19":"pa_letras-r","20":"pa_letras-s","21":"sales-flash-overlay","22":"woocommerce-text-align-center","23":"woocommerce-image-align-center","24":"do-quantity-buttons","26":"first","27":"instock","28":"taxable","29":"shipping-taxable","30":"purchasable","31":"product-type-variable","32":"has-default-attributes"},"yoast_head":"<!-- This site is optimized with the Yoast SEO Premium plugin v22.5 (Yoast SEO v26.5) - https:\/\/yoast.com\/wordpress\/plugins\/seo\/ -->\n<title>Inicial Lubel Medalla - Plata 1\u00aa Ley 925, Ba\u00f1o Rodio u Oro 18k<\/title>\n<meta name=\"description\" content=\"Mini medalla con una Inicial grabada en la parte central, fabricada en Plata 1\u00aa Ley 925, con ba\u00f1o de rodio o de oro18k.\" \/>\n<meta name=\"robots\" content=\"index, follow, max-snippet:-1, max-image-preview:large, max-video-preview:-1\" \/>\n<link rel=\"canonical\" href=\"https:\/\/lubeljoyeria.com\/producto\/inicial-lubel-medalla\" \/>\n<meta property=\"og:locale\" content=\"es_ES\" \/>\n<meta property=\"og:type\" content=\"article\" \/>\n<meta property=\"og:title\" content=\"Inicial Lubel Medalla\" \/>\n<meta property=\"og:description\" content=\"Mini medalla con una Inicial grabada en la parte central, fabricada en Plata 1\u00aa Ley 925, con ba\u00f1o de rodio o de oro18k.\" \/>\n<meta property=\"og:url\" content=\"https:\/\/lubeljoyeria.com\/producto\/inicial-lubel-medalla\" \/>\n<meta property=\"og:site_name\" content=\"Lubel joyeria. Joyeria en Plata . Distribuidor oficial de Swarovski. - Lubel\" \/>\n<meta property=\"article:modified_time\" content=\"2020-11-11T17:05:27+00:00\" \/>\n<meta name=\"twitter:card\" content=\"summary_large_image\" \/>\n<script type=\"application\/ld+json\" class=\"yoast-schema-graph\">{\"@context\":\"https:\/\/schema.org\",\"@graph\":[{\"@type\":\"WebPage\",\"@id\":\"https:\/\/lubeljoyeria.com\/producto\/inicial-lubel-medalla\",\"url\":\"https:\/\/lubeljoyeria.com\/producto\/inicial-lubel-medalla\",\"name\":\"Inicial Lubel Medalla - Plata 1\u00aa Ley 925, Ba\u00f1o Rodio u Oro 18k\",\"isPartOf\":{\"@id\":\"https:\/\/lubeljoyeria.com\/#website\"},\"datePublished\":\"2020-11-11T16:58:37+00:00\",\"dateModified\":\"2020-11-11T17:05:27+00:00\",\"description\":\"Mini medalla con una Inicial grabada en la parte central, fabricada en Plata 1\u00aa Ley 925, con ba\u00f1o de rodio o de oro18k.\",\"breadcrumb\":{\"@id\":\"https:\/\/lubeljoyeria.com\/producto\/inicial-lubel-medalla#breadcrumb\"},\"inLanguage\":\"es\",\"potentialAction\":[{\"@type\":\"ReadAction\",\"target\":[\"https:\/\/lubeljoyeria.com\/producto\/inicial-lubel-medalla\"]}]},{\"@type\":\"BreadcrumbList\",\"@id\":\"https:\/\/lubeljoyeria.com\/producto\/inicial-lubel-medalla#breadcrumb\",\"itemListElement\":[{\"@type\":\"ListItem\",\"position\":1,\"name\":\"Home\",\"item\":\"https:\/\/lubeljoyeria.com\/\"},{\"@type\":\"ListItem\",\"position\":2,\"name\":\"Tienda\",\"item\":\"https:\/\/lubeljoyeria.com\/?page_id=6\"},{\"@type\":\"ListItem\",\"position\":3,\"name\":\"Inicial Lubel Medalla\"}]},{\"@type\":\"WebSite\",\"@id\":\"https:\/\/lubeljoyeria.com\/#website\",\"url\":\"https:\/\/lubeljoyeria.com\/\",\"name\":\"Lubel joyeria. Joyeria en Plata . Distribuidor oficial de Swarovski. - Lubel\",\"description\":\"Lubel joyeria. Joyeria en Plata . Distribuidor oficial de Swarovski. - Lubel\",\"publisher\":{\"@id\":\"https:\/\/lubeljoyeria.com\/#organization\"},\"potentialAction\":[{\"@type\":\"SearchAction\",\"target\":{\"@type\":\"EntryPoint\",\"urlTemplate\":\"https:\/\/lubeljoyeria.com\/?s={search_term_string}\"},\"query-input\":{\"@type\":\"PropertyValueSpecification\",\"valueRequired\":true,\"valueName\":\"search_term_string\"}}],\"inLanguage\":\"es\"},{\"@type\":\"Organization\",\"@id\":\"https:\/\/lubeljoyeria.com\/#organization\",\"name\":\"Lubel joyeria. Joyeria en Plata . Distribuidor oficial de Swarovski. - Lubel\",\"url\":\"https:\/\/lubeljoyeria.com\/\",\"logo\":{\"@type\":\"ImageObject\",\"inLanguage\":\"es\",\"@id\":\"https:\/\/lubeljoyeria.com\/#\/schema\/logo\/image\/\",\"url\":\"https:\/\/lubeljoyeria.com\/wp-content\/uploads\/2020\/10\/lubel-joyeria-logo-1543825573-1.png\",\"contentUrl\":\"https:\/\/lubeljoyeria.com\/wp-content\/uploads\/2020\/10\/lubel-joyeria-logo-1543825573-1.png\",\"width\":135,\"height\":31,\"caption\":\"Lubel joyeria. Joyeria en Plata . Distribuidor oficial de Swarovski. - Lubel\"},\"image\":{\"@id\":\"https:\/\/lubeljoyeria.com\/#\/schema\/logo\/image\/\"}}]}<\/script>\n<!-- \/ Yoast SEO Premium plugin. -->","yoast_head_json":{"title":"Inicial Lubel Medalla - Plata 1\u00aa Ley 925, Ba\u00f1o Rodio u Oro 18k","description":"Mini medalla con una Inicial grabada en la parte central, fabricada en Plata 1\u00aa Ley 925, con ba\u00f1o de rodio o de oro18k.","robots":{"index":"index","follow":"follow","max-snippet":"max-snippet:-1","max-image-preview":"max-image-preview:large","max-video-preview":"max-video-preview:-1"},"canonical":"https:\/\/lubeljoyeria.com\/producto\/inicial-lubel-medalla","og_locale":"es_ES","og_type":"article","og_title":"Inicial Lubel Medalla","og_description":"Mini medalla con una Inicial grabada en la parte central, fabricada en Plata 1\u00aa Ley 925, con ba\u00f1o de rodio o de oro18k.","og_url":"https:\/\/lubeljoyeria.com\/producto\/inicial-lubel-medalla","og_site_name":"Lubel joyeria. Joyeria en Plata . Distribuidor oficial de Swarovski. - Lubel","article_modified_time":"2020-11-11T17:05:27+00:00","twitter_card":"summary_large_image","schema":{"@context":"https:\/\/schema.org","@graph":[{"@type":"WebPage","@id":"https:\/\/lubeljoyeria.com\/producto\/inicial-lubel-medalla","url":"https:\/\/lubeljoyeria.com\/producto\/inicial-lubel-medalla","name":"Inicial Lubel Medalla - Plata 1\u00aa Ley 925, Ba\u00f1o Rodio u Oro 18k","isPartOf":{"@id":"https:\/\/lubeljoyeria.com\/#website"},"datePublished":"2020-11-11T16:58:37+00:00","dateModified":"2020-11-11T17:05:27+00:00","description":"Mini medalla con una Inicial grabada en la parte central, fabricada en Plata 1\u00aa Ley 925, con ba\u00f1o de rodio o de oro18k.","breadcrumb":{"@id":"https:\/\/lubeljoyeria.com\/producto\/inicial-lubel-medalla#breadcrumb"},"inLanguage":"es","potentialAction":[{"@type":"ReadAction","target":["https:\/\/lubeljoyeria.com\/producto\/inicial-lubel-medalla"]}]},{"@type":"BreadcrumbList","@id":"https:\/\/lubeljoyeria.com\/producto\/inicial-lubel-medalla#breadcrumb","itemListElement":[{"@type":"ListItem","position":1,"name":"Home","item":"https:\/\/lubeljoyeria.com\/"},{"@type":"ListItem","position":2,"name":"Tienda","item":"https:\/\/lubeljoyeria.com\/?page_id=6"},{"@type":"ListItem","position":3,"name":"Inicial Lubel Medalla"}]},{"@type":"WebSite","@id":"https:\/\/lubeljoyeria.com\/#website","url":"https:\/\/lubeljoyeria.com\/","name":"Lubel joyeria. Joyeria en Plata . Distribuidor oficial de Swarovski. - Lubel","description":"Lubel joyeria. Joyeria en Plata . Distribuidor oficial de Swarovski. - Lubel","publisher":{"@id":"https:\/\/lubeljoyeria.com\/#organization"},"potentialAction":[{"@type":"SearchAction","target":{"@type":"EntryPoint","urlTemplate":"https:\/\/lubeljoyeria.com\/?s={search_term_string}"},"query-input":{"@type":"PropertyValueSpecification","valueRequired":true,"valueName":"search_term_string"}}],"inLanguage":"es"},{"@type":"Organization","@id":"https:\/\/lubeljoyeria.com\/#organization","name":"Lubel joyeria. Joyeria en Plata . Distribuidor oficial de Swarovski. - Lubel","url":"https:\/\/lubeljoyeria.com\/","logo":{"@type":"ImageObject","inLanguage":"es","@id":"https:\/\/lubeljoyeria.com\/#\/schema\/logo\/image\/","url":"https:\/\/lubeljoyeria.com\/wp-content\/uploads\/2020\/10\/lubel-joyeria-logo-1543825573-1.png","contentUrl":"https:\/\/lubeljoyeria.com\/wp-content\/uploads\/2020\/10\/lubel-joyeria-logo-1543825573-1.png","width":135,"height":31,"caption":"Lubel joyeria. Joyeria en Plata . Distribuidor oficial de Swarovski. - Lubel"},"image":{"@id":"https:\/\/lubeljoyeria.com\/#\/schema\/logo\/image\/"}}]}},"_links":{"self":[{"href":"https:\/\/lubeljoyeria.com\/index.php?rest_route=\/wp\/v2\/product\/20350","targetHints":{"allow":["GET"]}}],"collection":[{"href":"https:\/\/lubeljoyeria.com\/index.php?rest_route=\/wp\/v2\/product"}],"about":[{"href":"https:\/\/lubeljoyeria.com\/index.php?rest_route=\/wp\/v2\/types\/product"}],"wp:attachment":[{"href":"https:\/\/lubeljoyeria.com\/index.php?rest_route=%2Fwp%2Fv2%2Fmedia&parent=20350"}],"wp:term":[{"taxonomy":"product_brand","embeddable":true,"href":"https:\/\/lubeljoyeria.com\/index.php?rest_route=%2Fwp%2Fv2%2Fproduct_brand&post=20350"},{"taxonomy":"product_cat","embeddable":true,"href":"https:\/\/lubeljoyeria.com\/index.php?rest_route=%2Fwp%2Fv2%2Fproduct_cat&post=20350"},{"taxonomy":"product_tag","embeddable":true,"href":"https:\/\/lubeljoyeria.com\/index.php?rest_route=%2Fwp%2Fv2%2Fproduct_tag&post=20350"}],"curies":[{"name":"wp","href":"https:\/\/api.w.org\/{rel}","templated":true}]}}