{"id":19713,"date":"2020-10-14T19:13:30","date_gmt":"2020-10-14T19:13:30","guid":{"rendered":"https:\/\/lubeljoyeria.com\/producto\/pendiente-lubel-baguette"},"modified":"2025-05-05T16:01:30","modified_gmt":"2025-05-05T16:01:30","slug":"pendiente-lubel-baguette","status":"publish","type":"product","link":"https:\/\/lubeljoyeria.com\/?product=pendiente-lubel-baguette","title":{"rendered":"Pendiente Baguette"},"content":{"rendered":"<p>Pendiente piercing compuesto por una peque\u00f1a circonita en talla Baguette y una m\u00e1s peque\u00f1ita.<\/p>\n<p>Fabricado en Plata de 1\u00aa Ley 925 con un ba\u00f1o de rodio o un ba\u00f1o de oro de 18k.<\/p>\n<p>Tama\u00f1o: 6x4mm.<\/p>\n<p>SE VENDEN POR UNIDAD<\/p>\n","protected":false},"excerpt":{"rendered":"<p class=\"MsoNormal\" style=\"margin-bottom: .0001pt; line-height: normal; background: white;\">Pendiente piercing compuesto por una peque\u00f1a circonita en talla Baguette y una m\u00e1s peque\u00f1ita.<\/p>\n<p class=\"MsoNormal\" style=\"margin-bottom: .0001pt; line-height: normal; background: white;\">Fabricado en Plata de 1\u00aa Ley 925 con un ba\u00f1o de rodio o un ba\u00f1o de oro de 18k.<\/p>\n<p class=\"MsoNormal\" style=\"margin-bottom: .0001pt; line-height: normal; background: white;\">Tama\u00f1o: 6x4mm.<\/p>\n<p class=\"MsoNormal\" style=\"margin-bottom: .0001pt; line-height: normal; background: white;\">SE VENDEN POR UNIDAD<\/p>\n","protected":false},"featured_media":19710,"template":"","meta":{"_joinchat":[]},"product_brand":[1438],"product_cat":[1463,1464,1473,1503],"product_tag":[],"class_list":{"0":"post-19713","1":"product","2":"type-product","3":"status-publish","4":"has-post-thumbnail","6":"product_brand-joyeria-en-plata","7":"product_cat-inicio","8":"product_cat-principal","9":"product_cat-joyeria-en-plata","10":"product_cat-piercings","11":"pa_bano-banodeoro","12":"pa_bano-banoderodio","13":"sales-flash-overlay","14":"woocommerce-text-align-center","15":"woocommerce-image-align-center","16":"do-quantity-buttons","17":"wc-has-gallery","19":"first","20":"instock","21":"taxable","22":"shipping-taxable","23":"purchasable","24":"product-type-variable","25":"has-default-attributes"},"yoast_head":"<!-- This site is optimized with the Yoast SEO Premium plugin v22.5 (Yoast SEO v26.5) - https:\/\/yoast.com\/wordpress\/plugins\/seo\/ -->\n<title>Pendiente Lubel, Baguette Piercing | www.lubeljoyeria.com<\/title>\n<meta name=\"description\" content=\"Pendiente piercing con peque\u00f1a circonita en talla Baguette Fabricado en Plata de 1\u00aa Ley 925 con un ba\u00f1o de rodio o un ba\u00f1o de oro de 18k.\" \/>\n<meta name=\"robots\" content=\"index, follow, max-snippet:-1, max-image-preview:large, max-video-preview:-1\" \/>\n<link rel=\"canonical\" href=\"https:\/\/lubeljoyeria.com\/producto\/pendiente-lubel-baguette\" \/>\n<meta property=\"og:locale\" content=\"es_ES\" \/>\n<meta property=\"og:type\" content=\"article\" \/>\n<meta property=\"og:title\" content=\"Pendiente Baguette\" \/>\n<meta property=\"og:description\" content=\"Pendiente piercing con peque\u00f1a circonita en talla Baguette Fabricado en Plata de 1\u00aa Ley 925 con un ba\u00f1o de rodio o un ba\u00f1o de oro de 18k.\" \/>\n<meta property=\"og:url\" content=\"https:\/\/lubeljoyeria.com\/producto\/pendiente-lubel-baguette\" \/>\n<meta property=\"og:site_name\" content=\"Lubel joyeria. Joyeria en Plata . Distribuidor oficial de Swarovski. - Lubel\" \/>\n<meta property=\"article:modified_time\" content=\"2025-05-05T16:01:30+00:00\" \/>\n<meta property=\"og:image\" content=\"https:\/\/lubeljoyeria.com\/wp-content\/uploads\/2020\/10\/2717-Pendiente-Lubel-Baguette.jpg\" \/>\n\t<meta property=\"og:image:width\" content=\"1000\" \/>\n\t<meta property=\"og:image:height\" content=\"1000\" \/>\n\t<meta property=\"og:image:type\" content=\"image\/jpeg\" \/>\n<meta name=\"twitter:card\" content=\"summary_large_image\" \/>\n<meta name=\"twitter:label1\" content=\"Tiempo de lectura\" \/>\n\t<meta name=\"twitter:data1\" content=\"1 minuto\" \/>\n<script type=\"application\/ld+json\" class=\"yoast-schema-graph\">{\"@context\":\"https:\/\/schema.org\",\"@graph\":[{\"@type\":\"WebPage\",\"@id\":\"https:\/\/lubeljoyeria.com\/producto\/pendiente-lubel-baguette\",\"url\":\"https:\/\/lubeljoyeria.com\/producto\/pendiente-lubel-baguette\",\"name\":\"Pendiente Lubel, Baguette Piercing | www.lubeljoyeria.com\",\"isPartOf\":{\"@id\":\"https:\/\/lubeljoyeria.com\/#website\"},\"primaryImageOfPage\":{\"@id\":\"https:\/\/lubeljoyeria.com\/producto\/pendiente-lubel-baguette#primaryimage\"},\"image\":{\"@id\":\"https:\/\/lubeljoyeria.com\/producto\/pendiente-lubel-baguette#primaryimage\"},\"thumbnailUrl\":\"https:\/\/lubeljoyeria.com\/wp-content\/uploads\/2020\/10\/2717-Pendiente-Lubel-Baguette.jpg\",\"datePublished\":\"2020-10-14T19:13:30+00:00\",\"dateModified\":\"2025-05-05T16:01:30+00:00\",\"description\":\"Pendiente piercing con peque\u00f1a circonita en talla Baguette Fabricado en Plata de 1\u00aa Ley 925 con un ba\u00f1o de rodio o un ba\u00f1o de oro de 18k.\",\"breadcrumb\":{\"@id\":\"https:\/\/lubeljoyeria.com\/producto\/pendiente-lubel-baguette#breadcrumb\"},\"inLanguage\":\"es\",\"potentialAction\":[{\"@type\":\"ReadAction\",\"target\":[\"https:\/\/lubeljoyeria.com\/producto\/pendiente-lubel-baguette\"]}]},{\"@type\":\"ImageObject\",\"inLanguage\":\"es\",\"@id\":\"https:\/\/lubeljoyeria.com\/producto\/pendiente-lubel-baguette#primaryimage\",\"url\":\"https:\/\/lubeljoyeria.com\/wp-content\/uploads\/2020\/10\/2717-Pendiente-Lubel-Baguette.jpg\",\"contentUrl\":\"https:\/\/lubeljoyeria.com\/wp-content\/uploads\/2020\/10\/2717-Pendiente-Lubel-Baguette.jpg\",\"width\":1000,\"height\":1000,\"caption\":\"Pendiente Lubel, Baguette\"},{\"@type\":\"BreadcrumbList\",\"@id\":\"https:\/\/lubeljoyeria.com\/producto\/pendiente-lubel-baguette#breadcrumb\",\"itemListElement\":[{\"@type\":\"ListItem\",\"position\":1,\"name\":\"Home\",\"item\":\"https:\/\/lubeljoyeria.com\/\"},{\"@type\":\"ListItem\",\"position\":2,\"name\":\"Tienda\",\"item\":\"https:\/\/lubeljoyeria.com\/?page_id=6\"},{\"@type\":\"ListItem\",\"position\":3,\"name\":\"Pendiente Baguette\"}]},{\"@type\":\"WebSite\",\"@id\":\"https:\/\/lubeljoyeria.com\/#website\",\"url\":\"https:\/\/lubeljoyeria.com\/\",\"name\":\"Lubel joyeria. Joyeria en Plata . Distribuidor oficial de Swarovski. - Lubel\",\"description\":\"Lubel joyeria. Joyeria en Plata . Distribuidor oficial de Swarovski. - Lubel\",\"publisher\":{\"@id\":\"https:\/\/lubeljoyeria.com\/#organization\"},\"potentialAction\":[{\"@type\":\"SearchAction\",\"target\":{\"@type\":\"EntryPoint\",\"urlTemplate\":\"https:\/\/lubeljoyeria.com\/?s={search_term_string}\"},\"query-input\":{\"@type\":\"PropertyValueSpecification\",\"valueRequired\":true,\"valueName\":\"search_term_string\"}}],\"inLanguage\":\"es\"},{\"@type\":\"Organization\",\"@id\":\"https:\/\/lubeljoyeria.com\/#organization\",\"name\":\"Lubel joyeria. Joyeria en Plata . Distribuidor oficial de Swarovski. - Lubel\",\"url\":\"https:\/\/lubeljoyeria.com\/\",\"logo\":{\"@type\":\"ImageObject\",\"inLanguage\":\"es\",\"@id\":\"https:\/\/lubeljoyeria.com\/#\/schema\/logo\/image\/\",\"url\":\"https:\/\/lubeljoyeria.com\/wp-content\/uploads\/2020\/10\/lubel-joyeria-logo-1543825573-1.png\",\"contentUrl\":\"https:\/\/lubeljoyeria.com\/wp-content\/uploads\/2020\/10\/lubel-joyeria-logo-1543825573-1.png\",\"width\":135,\"height\":31,\"caption\":\"Lubel joyeria. Joyeria en Plata . Distribuidor oficial de Swarovski. - Lubel\"},\"image\":{\"@id\":\"https:\/\/lubeljoyeria.com\/#\/schema\/logo\/image\/\"}}]}<\/script>\n<!-- \/ Yoast SEO Premium plugin. -->","yoast_head_json":{"title":"Pendiente Lubel, Baguette Piercing | www.lubeljoyeria.com","description":"Pendiente piercing con peque\u00f1a circonita en talla Baguette Fabricado en Plata de 1\u00aa Ley 925 con un ba\u00f1o de rodio o un ba\u00f1o de oro de 18k.","robots":{"index":"index","follow":"follow","max-snippet":"max-snippet:-1","max-image-preview":"max-image-preview:large","max-video-preview":"max-video-preview:-1"},"canonical":"https:\/\/lubeljoyeria.com\/producto\/pendiente-lubel-baguette","og_locale":"es_ES","og_type":"article","og_title":"Pendiente Baguette","og_description":"Pendiente piercing con peque\u00f1a circonita en talla Baguette Fabricado en Plata de 1\u00aa Ley 925 con un ba\u00f1o de rodio o un ba\u00f1o de oro de 18k.","og_url":"https:\/\/lubeljoyeria.com\/producto\/pendiente-lubel-baguette","og_site_name":"Lubel joyeria. Joyeria en Plata . Distribuidor oficial de Swarovski. - Lubel","article_modified_time":"2025-05-05T16:01:30+00:00","og_image":[{"width":1000,"height":1000,"url":"https:\/\/lubeljoyeria.com\/wp-content\/uploads\/2020\/10\/2717-Pendiente-Lubel-Baguette.jpg","type":"image\/jpeg"}],"twitter_card":"summary_large_image","twitter_misc":{"Tiempo de lectura":"1 minuto"},"schema":{"@context":"https:\/\/schema.org","@graph":[{"@type":"WebPage","@id":"https:\/\/lubeljoyeria.com\/producto\/pendiente-lubel-baguette","url":"https:\/\/lubeljoyeria.com\/producto\/pendiente-lubel-baguette","name":"Pendiente Lubel, Baguette Piercing | www.lubeljoyeria.com","isPartOf":{"@id":"https:\/\/lubeljoyeria.com\/#website"},"primaryImageOfPage":{"@id":"https:\/\/lubeljoyeria.com\/producto\/pendiente-lubel-baguette#primaryimage"},"image":{"@id":"https:\/\/lubeljoyeria.com\/producto\/pendiente-lubel-baguette#primaryimage"},"thumbnailUrl":"https:\/\/lubeljoyeria.com\/wp-content\/uploads\/2020\/10\/2717-Pendiente-Lubel-Baguette.jpg","datePublished":"2020-10-14T19:13:30+00:00","dateModified":"2025-05-05T16:01:30+00:00","description":"Pendiente piercing con peque\u00f1a circonita en talla Baguette Fabricado en Plata de 1\u00aa Ley 925 con un ba\u00f1o de rodio o un ba\u00f1o de oro de 18k.","breadcrumb":{"@id":"https:\/\/lubeljoyeria.com\/producto\/pendiente-lubel-baguette#breadcrumb"},"inLanguage":"es","potentialAction":[{"@type":"ReadAction","target":["https:\/\/lubeljoyeria.com\/producto\/pendiente-lubel-baguette"]}]},{"@type":"ImageObject","inLanguage":"es","@id":"https:\/\/lubeljoyeria.com\/producto\/pendiente-lubel-baguette#primaryimage","url":"https:\/\/lubeljoyeria.com\/wp-content\/uploads\/2020\/10\/2717-Pendiente-Lubel-Baguette.jpg","contentUrl":"https:\/\/lubeljoyeria.com\/wp-content\/uploads\/2020\/10\/2717-Pendiente-Lubel-Baguette.jpg","width":1000,"height":1000,"caption":"Pendiente Lubel, Baguette"},{"@type":"BreadcrumbList","@id":"https:\/\/lubeljoyeria.com\/producto\/pendiente-lubel-baguette#breadcrumb","itemListElement":[{"@type":"ListItem","position":1,"name":"Home","item":"https:\/\/lubeljoyeria.com\/"},{"@type":"ListItem","position":2,"name":"Tienda","item":"https:\/\/lubeljoyeria.com\/?page_id=6"},{"@type":"ListItem","position":3,"name":"Pendiente Baguette"}]},{"@type":"WebSite","@id":"https:\/\/lubeljoyeria.com\/#website","url":"https:\/\/lubeljoyeria.com\/","name":"Lubel joyeria. Joyeria en Plata . Distribuidor oficial de Swarovski. - Lubel","description":"Lubel joyeria. Joyeria en Plata . Distribuidor oficial de Swarovski. - Lubel","publisher":{"@id":"https:\/\/lubeljoyeria.com\/#organization"},"potentialAction":[{"@type":"SearchAction","target":{"@type":"EntryPoint","urlTemplate":"https:\/\/lubeljoyeria.com\/?s={search_term_string}"},"query-input":{"@type":"PropertyValueSpecification","valueRequired":true,"valueName":"search_term_string"}}],"inLanguage":"es"},{"@type":"Organization","@id":"https:\/\/lubeljoyeria.com\/#organization","name":"Lubel joyeria. Joyeria en Plata . Distribuidor oficial de Swarovski. - Lubel","url":"https:\/\/lubeljoyeria.com\/","logo":{"@type":"ImageObject","inLanguage":"es","@id":"https:\/\/lubeljoyeria.com\/#\/schema\/logo\/image\/","url":"https:\/\/lubeljoyeria.com\/wp-content\/uploads\/2020\/10\/lubel-joyeria-logo-1543825573-1.png","contentUrl":"https:\/\/lubeljoyeria.com\/wp-content\/uploads\/2020\/10\/lubel-joyeria-logo-1543825573-1.png","width":135,"height":31,"caption":"Lubel joyeria. Joyeria en Plata . Distribuidor oficial de Swarovski. - Lubel"},"image":{"@id":"https:\/\/lubeljoyeria.com\/#\/schema\/logo\/image\/"}}]}},"_links":{"self":[{"href":"https:\/\/lubeljoyeria.com\/index.php?rest_route=\/wp\/v2\/product\/19713","targetHints":{"allow":["GET"]}}],"collection":[{"href":"https:\/\/lubeljoyeria.com\/index.php?rest_route=\/wp\/v2\/product"}],"about":[{"href":"https:\/\/lubeljoyeria.com\/index.php?rest_route=\/wp\/v2\/types\/product"}],"wp:featuredmedia":[{"embeddable":true,"href":"https:\/\/lubeljoyeria.com\/index.php?rest_route=\/wp\/v2\/media\/19710"}],"wp:attachment":[{"href":"https:\/\/lubeljoyeria.com\/index.php?rest_route=%2Fwp%2Fv2%2Fmedia&parent=19713"}],"wp:term":[{"taxonomy":"product_brand","embeddable":true,"href":"https:\/\/lubeljoyeria.com\/index.php?rest_route=%2Fwp%2Fv2%2Fproduct_brand&post=19713"},{"taxonomy":"product_cat","embeddable":true,"href":"https:\/\/lubeljoyeria.com\/index.php?rest_route=%2Fwp%2Fv2%2Fproduct_cat&post=19713"},{"taxonomy":"product_tag","embeddable":true,"href":"https:\/\/lubeljoyeria.com\/index.php?rest_route=%2Fwp%2Fv2%2Fproduct_tag&post=19713"}],"curies":[{"name":"wp","href":"https:\/\/api.w.org\/{rel}","templated":true}]}}