{"id":17885,"date":"2019-04-06T19:50:52","date_gmt":"2019-04-06T19:50:52","guid":{"rendered":"https:\/\/lubeljoyeria.com\/producto\/anillo-swarovski-moonsun-abierto"},"modified":"2023-01-17T16:30:04","modified_gmt":"2023-01-17T16:30:04","slug":"anillo-swarovski-moonsun-abierto","status":"publish","type":"product","link":"https:\/\/lubeljoyeria.com\/?product=anillo-swarovski-moonsun-abierto","title":{"rendered":"Anillo Swarovski, Moonsun Abierto"},"content":{"rendered":"<p class=\"MsoNormal\" style=\"margin-bottom: 0.0001pt; line-height: normal; background: #ffffff; text-align: left;\" align=\"center\">La actriz de fama internacional Pen\u00e9lope Cruz ha ampliado su colaboraci\u00f3n con Atelier Swarovski a trav\u00e9s de su colecci\u00f3n MoonSun, una propuesta de inspiraci\u00f3n celestial que celebra la magia de los cielos nocturnos. Este anillo abierto con ba\u00f1o de oro rosa est\u00e1 realzado con un dise\u00f1o de luna y una delicada estrella decorados con cristales blancos en engaste de garra. Su dise\u00f1o moderno, que deja patente la exquisita t\u00e9cnica artesanal de Swarovski.<\/p>\n<ul>\n<li class=\"MsoNormal\" style=\"line-height: normal; background: #ffffff; text-align: left;\">Material: Ba\u00f1o de oro rosa<\/li>\n<li class=\"MsoNormal\" style=\"line-height: normal; background: #ffffff; text-align: left;\">Colecci\u00f3n:\u00a0Pen\u00e9lope Cruz Moonsun<\/li>\n<\/ul>\n","protected":false},"excerpt":{"rendered":"<p class=\"MsoNormal\" style=\"margin-bottom: 0.0001pt; line-height: normal; background: #ffffff; text-align: left;\" align=\"center\">La actriz de fama internacional Pen\u00e9lope Cruz ha ampliado su colaboraci\u00f3n con Atelier Swarovski a trav\u00e9s de su colecci\u00f3n MoonSun, una propuesta de inspiraci\u00f3n celestial que celebra la magia de los cielos nocturnos. Este anillo abierto con ba\u00f1o de oro rosa est\u00e1 realzado con un dise\u00f1o de luna y una delicada estrella decorados con cristales blancos en engaste de garra. Su dise\u00f1o moderno, que deja patente la exquisita t\u00e9cnica artesanal de Swarovski.<\/p>\n<ul>\n<li>Material: Ba\u00f1o de oro rosa<\/li>\n<li>Colecci\u00f3n:\u00a0Pen\u00e9lope Cruz Moonsun<\/li>\n<\/ul>\n","protected":false},"featured_media":17882,"template":"","meta":{"_joinchat":[]},"product_brand":[1437],"product_cat":[1463,1465,1464,1470,1529],"product_tag":[],"class_list":{"0":"post-17885","1":"product","2":"type-product","3":"status-publish","4":"has-post-thumbnail","6":"product_brand-swarovski","7":"product_cat-inicio","8":"product_cat-anillos","9":"product_cat-principal","10":"product_cat-swarovski","11":"product_cat-anillos-swarovski","12":"pa_tallaanilloswarovski-1552","13":"pa_tallaanilloswarovski-1553","14":"pa_tallaanilloswarovski-1554","15":"sales-flash-overlay","16":"woocommerce-text-align-center","17":"woocommerce-image-align-center","18":"do-quantity-buttons","19":"wc-has-gallery","21":"first","22":"instock","23":"taxable","24":"shipping-taxable","25":"purchasable","26":"product-type-variable","27":"has-default-attributes"},"yoast_head":"<!-- This site is optimized with the Yoast SEO Premium plugin v22.5 (Yoast SEO v26.5) - https:\/\/yoast.com\/wordpress\/plugins\/seo\/ -->\n<title>Anillo Swarovski, Moonsun Abierto - Distribuidor oficial Swarovski<\/title>\n<meta name=\"description\" content=\"Este anillo abierto con ba\u00f1o de oro rosa est\u00e1 realzado con un dise\u00f1o de luna y una delicada estrella decorados con cristales blancos.\" \/>\n<meta name=\"robots\" content=\"index, follow, max-snippet:-1, max-image-preview:large, max-video-preview:-1\" \/>\n<link rel=\"canonical\" href=\"https:\/\/lubeljoyeria.com\/producto\/anillo-swarovski-moonsun-abierto\" \/>\n<meta property=\"og:locale\" content=\"es_ES\" \/>\n<meta property=\"og:type\" content=\"article\" \/>\n<meta property=\"og:title\" content=\"Anillo Swarovski, Moonsun Abierto\" \/>\n<meta property=\"og:description\" content=\"Este anillo abierto con ba\u00f1o de oro rosa est\u00e1 realzado con un dise\u00f1o de luna y una delicada estrella decorados con cristales blancos.\" \/>\n<meta property=\"og:url\" content=\"https:\/\/lubeljoyeria.com\/producto\/anillo-swarovski-moonsun-abierto\" \/>\n<meta property=\"og:site_name\" content=\"Lubel joyeria. Joyeria en Plata . Distribuidor oficial de Swarovski. - Lubel\" \/>\n<meta property=\"article:modified_time\" content=\"2023-01-17T16:30:04+00:00\" \/>\n<meta property=\"og:image\" content=\"https:\/\/lubeljoyeria.com\/wp-content\/uploads\/2019\/04\/1180-Este-anillo-abierto-con-bano-de-oro-rosa-esta-realzado-con-un-diseno-de-luna-y-una-delicada-estrella.jpg\" \/>\n\t<meta property=\"og:image:width\" content=\"607\" \/>\n\t<meta property=\"og:image:height\" content=\"607\" \/>\n\t<meta property=\"og:image:type\" content=\"image\/jpeg\" \/>\n<meta name=\"twitter:card\" content=\"summary_large_image\" \/>\n<script type=\"application\/ld+json\" class=\"yoast-schema-graph\">{\"@context\":\"https:\/\/schema.org\",\"@graph\":[{\"@type\":\"WebPage\",\"@id\":\"https:\/\/lubeljoyeria.com\/producto\/anillo-swarovski-moonsun-abierto\",\"url\":\"https:\/\/lubeljoyeria.com\/producto\/anillo-swarovski-moonsun-abierto\",\"name\":\"Anillo Swarovski, Moonsun Abierto - Distribuidor oficial Swarovski\",\"isPartOf\":{\"@id\":\"https:\/\/lubeljoyeria.com\/#website\"},\"primaryImageOfPage\":{\"@id\":\"https:\/\/lubeljoyeria.com\/producto\/anillo-swarovski-moonsun-abierto#primaryimage\"},\"image\":{\"@id\":\"https:\/\/lubeljoyeria.com\/producto\/anillo-swarovski-moonsun-abierto#primaryimage\"},\"thumbnailUrl\":\"https:\/\/lubeljoyeria.com\/wp-content\/uploads\/2019\/04\/1180-Este-anillo-abierto-con-bano-de-oro-rosa-esta-realzado-con-un-diseno-de-luna-y-una-delicada-estrella.jpg\",\"datePublished\":\"2019-04-06T19:50:52+00:00\",\"dateModified\":\"2023-01-17T16:30:04+00:00\",\"description\":\"Este anillo abierto con ba\u00f1o de oro rosa est\u00e1 realzado con un dise\u00f1o de luna y una delicada estrella decorados con cristales blancos.\",\"breadcrumb\":{\"@id\":\"https:\/\/lubeljoyeria.com\/producto\/anillo-swarovski-moonsun-abierto#breadcrumb\"},\"inLanguage\":\"es\",\"potentialAction\":[{\"@type\":\"ReadAction\",\"target\":[\"https:\/\/lubeljoyeria.com\/producto\/anillo-swarovski-moonsun-abierto\"]}]},{\"@type\":\"ImageObject\",\"inLanguage\":\"es\",\"@id\":\"https:\/\/lubeljoyeria.com\/producto\/anillo-swarovski-moonsun-abierto#primaryimage\",\"url\":\"https:\/\/lubeljoyeria.com\/wp-content\/uploads\/2019\/04\/1180-Este-anillo-abierto-con-bano-de-oro-rosa-esta-realzado-con-un-diseno-de-luna-y-una-delicada-estrella.jpg\",\"contentUrl\":\"https:\/\/lubeljoyeria.com\/wp-content\/uploads\/2019\/04\/1180-Este-anillo-abierto-con-bano-de-oro-rosa-esta-realzado-con-un-diseno-de-luna-y-una-delicada-estrella.jpg\",\"width\":607,\"height\":607,\"caption\":\"Este anillo abierto con ba\u00f1o de oro rosa est\u00e1 realzado con un dise\u00f1o de luna y una delicada estrella.\"},{\"@type\":\"BreadcrumbList\",\"@id\":\"https:\/\/lubeljoyeria.com\/producto\/anillo-swarovski-moonsun-abierto#breadcrumb\",\"itemListElement\":[{\"@type\":\"ListItem\",\"position\":1,\"name\":\"Home\",\"item\":\"https:\/\/lubeljoyeria.com\/\"},{\"@type\":\"ListItem\",\"position\":2,\"name\":\"Tienda\",\"item\":\"https:\/\/lubeljoyeria.com\/?page_id=6\"},{\"@type\":\"ListItem\",\"position\":3,\"name\":\"Anillo Swarovski, Moonsun Abierto\"}]},{\"@type\":\"WebSite\",\"@id\":\"https:\/\/lubeljoyeria.com\/#website\",\"url\":\"https:\/\/lubeljoyeria.com\/\",\"name\":\"Lubel joyeria. Joyeria en Plata . Distribuidor oficial de Swarovski. - Lubel\",\"description\":\"Lubel joyeria. Joyeria en Plata . Distribuidor oficial de Swarovski. - Lubel\",\"publisher\":{\"@id\":\"https:\/\/lubeljoyeria.com\/#organization\"},\"potentialAction\":[{\"@type\":\"SearchAction\",\"target\":{\"@type\":\"EntryPoint\",\"urlTemplate\":\"https:\/\/lubeljoyeria.com\/?s={search_term_string}\"},\"query-input\":{\"@type\":\"PropertyValueSpecification\",\"valueRequired\":true,\"valueName\":\"search_term_string\"}}],\"inLanguage\":\"es\"},{\"@type\":\"Organization\",\"@id\":\"https:\/\/lubeljoyeria.com\/#organization\",\"name\":\"Lubel joyeria. Joyeria en Plata . Distribuidor oficial de Swarovski. - Lubel\",\"url\":\"https:\/\/lubeljoyeria.com\/\",\"logo\":{\"@type\":\"ImageObject\",\"inLanguage\":\"es\",\"@id\":\"https:\/\/lubeljoyeria.com\/#\/schema\/logo\/image\/\",\"url\":\"https:\/\/lubeljoyeria.com\/wp-content\/uploads\/2020\/10\/lubel-joyeria-logo-1543825573-1.png\",\"contentUrl\":\"https:\/\/lubeljoyeria.com\/wp-content\/uploads\/2020\/10\/lubel-joyeria-logo-1543825573-1.png\",\"width\":135,\"height\":31,\"caption\":\"Lubel joyeria. Joyeria en Plata . Distribuidor oficial de Swarovski. - Lubel\"},\"image\":{\"@id\":\"https:\/\/lubeljoyeria.com\/#\/schema\/logo\/image\/\"}}]}<\/script>\n<!-- \/ Yoast SEO Premium plugin. -->","yoast_head_json":{"title":"Anillo Swarovski, Moonsun Abierto - Distribuidor oficial Swarovski","description":"Este anillo abierto con ba\u00f1o de oro rosa est\u00e1 realzado con un dise\u00f1o de luna y una delicada estrella decorados con cristales blancos.","robots":{"index":"index","follow":"follow","max-snippet":"max-snippet:-1","max-image-preview":"max-image-preview:large","max-video-preview":"max-video-preview:-1"},"canonical":"https:\/\/lubeljoyeria.com\/producto\/anillo-swarovski-moonsun-abierto","og_locale":"es_ES","og_type":"article","og_title":"Anillo Swarovski, Moonsun Abierto","og_description":"Este anillo abierto con ba\u00f1o de oro rosa est\u00e1 realzado con un dise\u00f1o de luna y una delicada estrella decorados con cristales blancos.","og_url":"https:\/\/lubeljoyeria.com\/producto\/anillo-swarovski-moonsun-abierto","og_site_name":"Lubel joyeria. Joyeria en Plata . Distribuidor oficial de Swarovski. - Lubel","article_modified_time":"2023-01-17T16:30:04+00:00","og_image":[{"width":607,"height":607,"url":"https:\/\/lubeljoyeria.com\/wp-content\/uploads\/2019\/04\/1180-Este-anillo-abierto-con-bano-de-oro-rosa-esta-realzado-con-un-diseno-de-luna-y-una-delicada-estrella.jpg","type":"image\/jpeg"}],"twitter_card":"summary_large_image","schema":{"@context":"https:\/\/schema.org","@graph":[{"@type":"WebPage","@id":"https:\/\/lubeljoyeria.com\/producto\/anillo-swarovski-moonsun-abierto","url":"https:\/\/lubeljoyeria.com\/producto\/anillo-swarovski-moonsun-abierto","name":"Anillo Swarovski, Moonsun Abierto - Distribuidor oficial Swarovski","isPartOf":{"@id":"https:\/\/lubeljoyeria.com\/#website"},"primaryImageOfPage":{"@id":"https:\/\/lubeljoyeria.com\/producto\/anillo-swarovski-moonsun-abierto#primaryimage"},"image":{"@id":"https:\/\/lubeljoyeria.com\/producto\/anillo-swarovski-moonsun-abierto#primaryimage"},"thumbnailUrl":"https:\/\/lubeljoyeria.com\/wp-content\/uploads\/2019\/04\/1180-Este-anillo-abierto-con-bano-de-oro-rosa-esta-realzado-con-un-diseno-de-luna-y-una-delicada-estrella.jpg","datePublished":"2019-04-06T19:50:52+00:00","dateModified":"2023-01-17T16:30:04+00:00","description":"Este anillo abierto con ba\u00f1o de oro rosa est\u00e1 realzado con un dise\u00f1o de luna y una delicada estrella decorados con cristales blancos.","breadcrumb":{"@id":"https:\/\/lubeljoyeria.com\/producto\/anillo-swarovski-moonsun-abierto#breadcrumb"},"inLanguage":"es","potentialAction":[{"@type":"ReadAction","target":["https:\/\/lubeljoyeria.com\/producto\/anillo-swarovski-moonsun-abierto"]}]},{"@type":"ImageObject","inLanguage":"es","@id":"https:\/\/lubeljoyeria.com\/producto\/anillo-swarovski-moonsun-abierto#primaryimage","url":"https:\/\/lubeljoyeria.com\/wp-content\/uploads\/2019\/04\/1180-Este-anillo-abierto-con-bano-de-oro-rosa-esta-realzado-con-un-diseno-de-luna-y-una-delicada-estrella.jpg","contentUrl":"https:\/\/lubeljoyeria.com\/wp-content\/uploads\/2019\/04\/1180-Este-anillo-abierto-con-bano-de-oro-rosa-esta-realzado-con-un-diseno-de-luna-y-una-delicada-estrella.jpg","width":607,"height":607,"caption":"Este anillo abierto con ba\u00f1o de oro rosa est\u00e1 realzado con un dise\u00f1o de luna y una delicada estrella."},{"@type":"BreadcrumbList","@id":"https:\/\/lubeljoyeria.com\/producto\/anillo-swarovski-moonsun-abierto#breadcrumb","itemListElement":[{"@type":"ListItem","position":1,"name":"Home","item":"https:\/\/lubeljoyeria.com\/"},{"@type":"ListItem","position":2,"name":"Tienda","item":"https:\/\/lubeljoyeria.com\/?page_id=6"},{"@type":"ListItem","position":3,"name":"Anillo Swarovski, Moonsun Abierto"}]},{"@type":"WebSite","@id":"https:\/\/lubeljoyeria.com\/#website","url":"https:\/\/lubeljoyeria.com\/","name":"Lubel joyeria. Joyeria en Plata . Distribuidor oficial de Swarovski. - Lubel","description":"Lubel joyeria. Joyeria en Plata . Distribuidor oficial de Swarovski. - Lubel","publisher":{"@id":"https:\/\/lubeljoyeria.com\/#organization"},"potentialAction":[{"@type":"SearchAction","target":{"@type":"EntryPoint","urlTemplate":"https:\/\/lubeljoyeria.com\/?s={search_term_string}"},"query-input":{"@type":"PropertyValueSpecification","valueRequired":true,"valueName":"search_term_string"}}],"inLanguage":"es"},{"@type":"Organization","@id":"https:\/\/lubeljoyeria.com\/#organization","name":"Lubel joyeria. Joyeria en Plata . Distribuidor oficial de Swarovski. - Lubel","url":"https:\/\/lubeljoyeria.com\/","logo":{"@type":"ImageObject","inLanguage":"es","@id":"https:\/\/lubeljoyeria.com\/#\/schema\/logo\/image\/","url":"https:\/\/lubeljoyeria.com\/wp-content\/uploads\/2020\/10\/lubel-joyeria-logo-1543825573-1.png","contentUrl":"https:\/\/lubeljoyeria.com\/wp-content\/uploads\/2020\/10\/lubel-joyeria-logo-1543825573-1.png","width":135,"height":31,"caption":"Lubel joyeria. Joyeria en Plata . Distribuidor oficial de Swarovski. - Lubel"},"image":{"@id":"https:\/\/lubeljoyeria.com\/#\/schema\/logo\/image\/"}}]}},"_links":{"self":[{"href":"https:\/\/lubeljoyeria.com\/index.php?rest_route=\/wp\/v2\/product\/17885","targetHints":{"allow":["GET"]}}],"collection":[{"href":"https:\/\/lubeljoyeria.com\/index.php?rest_route=\/wp\/v2\/product"}],"about":[{"href":"https:\/\/lubeljoyeria.com\/index.php?rest_route=\/wp\/v2\/types\/product"}],"wp:featuredmedia":[{"embeddable":true,"href":"https:\/\/lubeljoyeria.com\/index.php?rest_route=\/wp\/v2\/media\/17882"}],"wp:attachment":[{"href":"https:\/\/lubeljoyeria.com\/index.php?rest_route=%2Fwp%2Fv2%2Fmedia&parent=17885"}],"wp:term":[{"taxonomy":"product_brand","embeddable":true,"href":"https:\/\/lubeljoyeria.com\/index.php?rest_route=%2Fwp%2Fv2%2Fproduct_brand&post=17885"},{"taxonomy":"product_cat","embeddable":true,"href":"https:\/\/lubeljoyeria.com\/index.php?rest_route=%2Fwp%2Fv2%2Fproduct_cat&post=17885"},{"taxonomy":"product_tag","embeddable":true,"href":"https:\/\/lubeljoyeria.com\/index.php?rest_route=%2Fwp%2Fv2%2Fproduct_tag&post=17885"}],"curies":[{"name":"wp","href":"https:\/\/api.w.org\/{rel}","templated":true}]}}