{"id":17690,"date":"2024-02-01T00:00:48","date_gmt":"2024-02-01T00:00:48","guid":{"rendered":"https:\/\/lubeljoyeria.com\/producto\/pendiente-swarovski-angelic-blanco"},"modified":"2024-01-08T17:40:06","modified_gmt":"2024-01-08T17:40:06","slug":"pendiente-swarovski-angelic-blanco","status":"publish","type":"product","link":"https:\/\/lubeljoyeria.com\/?product=pendiente-swarovski-angelic-blanco","title":{"rendered":"Pendiente Swarovski, Angelic Blanco"},"content":{"rendered":"<p class=\"MsoNormal\" style=\"background: #ffffff; text-align: left;\" align=\"center\">Un par cl\u00e1sico de pendientes puede realzar casi cualquier atuendo. \u00a1Eso hace precisamente este par de pendientes de bot\u00f3n chapados en rodio! Con un bonito brillo, cada pieza muestra un solo chat\u00f3n de cristal claro enmarcado en cristal pav\u00e9 transparente.<\/p>\n<ul>\n<li style=\"text-align: left;\">Tama\u00f1o: 1 cm.<\/li>\n<li>Material:\u00a0Ba\u00f1o de rodio<\/li>\n<\/ul>\n","protected":false},"excerpt":{"rendered":"<p>Un par cl\u00e1sico de pendientes puede realzar casi cualquier atuendo. \u00a1Eso hace precisamente este par de pendientes de bot\u00f3n chapados en rodio! Con un bonito brillo, cada pieza muestra un solo chat\u00f3n de cristal claro enmarcado en cristal pav\u00e9 transparente.<\/p>\n<ul>\n<li>Tama\u00f1o: 1 cm.<\/li>\n<li>Material:\u00a0Ba\u00f1o de rodio<\/li>\n<\/ul>\n","protected":false},"featured_media":17687,"template":"","meta":{"_joinchat":[]},"product_brand":[1437],"product_cat":[1463,1464,1470,1512,1477,1494,1468],"product_tag":[],"class_list":{"0":"post-17690","1":"product","2":"type-product","3":"status-publish","4":"has-post-thumbnail","6":"product_brand-swarovski","7":"product_cat-inicio","8":"product_cat-principal","9":"product_cat-swarovski","10":"product_cat-pendientes-swarovski","11":"product_cat-novias","12":"product_cat-pendientes-novias","13":"product_cat-pendientes","14":"sales-flash-overlay","15":"woocommerce-text-align-center","16":"woocommerce-image-align-center","17":"do-quantity-buttons","18":"wc-has-gallery","20":"first","21":"instock","22":"taxable","23":"shipping-taxable","24":"purchasable","25":"product-type-simple"},"yoast_head":"<!-- This site is optimized with the Yoast SEO Premium plugin v22.5 (Yoast SEO v26.5) - https:\/\/yoast.com\/wordpress\/plugins\/seo\/ -->\n<title>Pendiente Swarovski, Angelic Blanco | www.lubeljoyeria.com<\/title>\n<meta name=\"description\" content=\"Pendiente Swarovski, Angelic con cristal transparente y ba\u00f1o de rodio. Ideales para tus ocasiones especiales y para esa person especial.\" \/>\n<meta name=\"robots\" content=\"index, follow, max-snippet:-1, max-image-preview:large, max-video-preview:-1\" \/>\n<link rel=\"canonical\" href=\"https:\/\/lubeljoyeria.com\/producto\/pendiente-swarovski-angelic-blanco\" \/>\n<meta property=\"og:locale\" content=\"es_ES\" \/>\n<meta property=\"og:type\" content=\"article\" \/>\n<meta property=\"og:title\" content=\"Pendiente Swarovski, Angelic Blanco\" \/>\n<meta property=\"og:description\" content=\"Pendiente Swarovski, Angelic con cristal transparente y ba\u00f1o de rodio. Ideales para tus ocasiones especiales y para esa person especial.\" \/>\n<meta property=\"og:url\" content=\"https:\/\/lubeljoyeria.com\/producto\/pendiente-swarovski-angelic-blanco\" \/>\n<meta property=\"og:site_name\" content=\"Lubel joyeria. Joyeria en Plata . Distribuidor oficial de Swarovski. - Lubel\" \/>\n<meta property=\"og:image\" content=\"https:\/\/lubeljoyeria.com\/wp-content\/uploads\/2019\/03\/1054-Pendiente-Swarovski-Angelic-con-cristal-transparente-y-bano-de-rodio.-1081942.jpg\" \/>\n\t<meta property=\"og:image:width\" content=\"607\" \/>\n\t<meta property=\"og:image:height\" content=\"607\" \/>\n\t<meta property=\"og:image:type\" content=\"image\/jpeg\" \/>\n<meta name=\"twitter:card\" content=\"summary_large_image\" \/>\n<script type=\"application\/ld+json\" class=\"yoast-schema-graph\">{\"@context\":\"https:\/\/schema.org\",\"@graph\":[{\"@type\":\"WebPage\",\"@id\":\"https:\/\/lubeljoyeria.com\/producto\/pendiente-swarovski-angelic-blanco\",\"url\":\"https:\/\/lubeljoyeria.com\/producto\/pendiente-swarovski-angelic-blanco\",\"name\":\"Pendiente Swarovski, Angelic Blanco | www.lubeljoyeria.com\",\"isPartOf\":{\"@id\":\"https:\/\/lubeljoyeria.com\/#website\"},\"primaryImageOfPage\":{\"@id\":\"https:\/\/lubeljoyeria.com\/producto\/pendiente-swarovski-angelic-blanco#primaryimage\"},\"image\":{\"@id\":\"https:\/\/lubeljoyeria.com\/producto\/pendiente-swarovski-angelic-blanco#primaryimage\"},\"thumbnailUrl\":\"https:\/\/lubeljoyeria.com\/wp-content\/uploads\/2019\/03\/1054-Pendiente-Swarovski-Angelic-con-cristal-transparente-y-bano-de-rodio.-1081942.jpg\",\"datePublished\":\"2024-02-01T00:00:48+00:00\",\"description\":\"Pendiente Swarovski, Angelic con cristal transparente y ba\u00f1o de rodio. Ideales para tus ocasiones especiales y para esa person especial.\",\"breadcrumb\":{\"@id\":\"https:\/\/lubeljoyeria.com\/producto\/pendiente-swarovski-angelic-blanco#breadcrumb\"},\"inLanguage\":\"es\",\"potentialAction\":[{\"@type\":\"ReadAction\",\"target\":[\"https:\/\/lubeljoyeria.com\/producto\/pendiente-swarovski-angelic-blanco\"]}]},{\"@type\":\"ImageObject\",\"inLanguage\":\"es\",\"@id\":\"https:\/\/lubeljoyeria.com\/producto\/pendiente-swarovski-angelic-blanco#primaryimage\",\"url\":\"https:\/\/lubeljoyeria.com\/wp-content\/uploads\/2019\/03\/1054-Pendiente-Swarovski-Angelic-con-cristal-transparente-y-bano-de-rodio.-1081942.jpg\",\"contentUrl\":\"https:\/\/lubeljoyeria.com\/wp-content\/uploads\/2019\/03\/1054-Pendiente-Swarovski-Angelic-con-cristal-transparente-y-bano-de-rodio.-1081942.jpg\",\"width\":607,\"height\":607,\"caption\":\"Pendiente Swarovski, Angelic con cristal transparente y ba\u00f1o de rodio. 1081942\"},{\"@type\":\"BreadcrumbList\",\"@id\":\"https:\/\/lubeljoyeria.com\/producto\/pendiente-swarovski-angelic-blanco#breadcrumb\",\"itemListElement\":[{\"@type\":\"ListItem\",\"position\":1,\"name\":\"Home\",\"item\":\"https:\/\/lubeljoyeria.com\/\"},{\"@type\":\"ListItem\",\"position\":2,\"name\":\"Tienda\",\"item\":\"https:\/\/lubeljoyeria.com\/?page_id=6\"},{\"@type\":\"ListItem\",\"position\":3,\"name\":\"Pendiente Swarovski, Angelic Blanco\"}]},{\"@type\":\"WebSite\",\"@id\":\"https:\/\/lubeljoyeria.com\/#website\",\"url\":\"https:\/\/lubeljoyeria.com\/\",\"name\":\"Lubel joyeria. Joyeria en Plata . Distribuidor oficial de Swarovski. - Lubel\",\"description\":\"Lubel joyeria. Joyeria en Plata . Distribuidor oficial de Swarovski. - Lubel\",\"publisher\":{\"@id\":\"https:\/\/lubeljoyeria.com\/#organization\"},\"potentialAction\":[{\"@type\":\"SearchAction\",\"target\":{\"@type\":\"EntryPoint\",\"urlTemplate\":\"https:\/\/lubeljoyeria.com\/?s={search_term_string}\"},\"query-input\":{\"@type\":\"PropertyValueSpecification\",\"valueRequired\":true,\"valueName\":\"search_term_string\"}}],\"inLanguage\":\"es\"},{\"@type\":\"Organization\",\"@id\":\"https:\/\/lubeljoyeria.com\/#organization\",\"name\":\"Lubel joyeria. Joyeria en Plata . Distribuidor oficial de Swarovski. - Lubel\",\"url\":\"https:\/\/lubeljoyeria.com\/\",\"logo\":{\"@type\":\"ImageObject\",\"inLanguage\":\"es\",\"@id\":\"https:\/\/lubeljoyeria.com\/#\/schema\/logo\/image\/\",\"url\":\"https:\/\/lubeljoyeria.com\/wp-content\/uploads\/2020\/10\/lubel-joyeria-logo-1543825573-1.png\",\"contentUrl\":\"https:\/\/lubeljoyeria.com\/wp-content\/uploads\/2020\/10\/lubel-joyeria-logo-1543825573-1.png\",\"width\":135,\"height\":31,\"caption\":\"Lubel joyeria. Joyeria en Plata . Distribuidor oficial de Swarovski. - Lubel\"},\"image\":{\"@id\":\"https:\/\/lubeljoyeria.com\/#\/schema\/logo\/image\/\"}}]}<\/script>\n<!-- \/ Yoast SEO Premium plugin. -->","yoast_head_json":{"title":"Pendiente Swarovski, Angelic Blanco | www.lubeljoyeria.com","description":"Pendiente Swarovski, Angelic con cristal transparente y ba\u00f1o de rodio. Ideales para tus ocasiones especiales y para esa person especial.","robots":{"index":"index","follow":"follow","max-snippet":"max-snippet:-1","max-image-preview":"max-image-preview:large","max-video-preview":"max-video-preview:-1"},"canonical":"https:\/\/lubeljoyeria.com\/producto\/pendiente-swarovski-angelic-blanco","og_locale":"es_ES","og_type":"article","og_title":"Pendiente Swarovski, Angelic Blanco","og_description":"Pendiente Swarovski, Angelic con cristal transparente y ba\u00f1o de rodio. Ideales para tus ocasiones especiales y para esa person especial.","og_url":"https:\/\/lubeljoyeria.com\/producto\/pendiente-swarovski-angelic-blanco","og_site_name":"Lubel joyeria. Joyeria en Plata . Distribuidor oficial de Swarovski. - Lubel","og_image":[{"width":607,"height":607,"url":"https:\/\/lubeljoyeria.com\/wp-content\/uploads\/2019\/03\/1054-Pendiente-Swarovski-Angelic-con-cristal-transparente-y-bano-de-rodio.-1081942.jpg","type":"image\/jpeg"}],"twitter_card":"summary_large_image","schema":{"@context":"https:\/\/schema.org","@graph":[{"@type":"WebPage","@id":"https:\/\/lubeljoyeria.com\/producto\/pendiente-swarovski-angelic-blanco","url":"https:\/\/lubeljoyeria.com\/producto\/pendiente-swarovski-angelic-blanco","name":"Pendiente Swarovski, Angelic Blanco | www.lubeljoyeria.com","isPartOf":{"@id":"https:\/\/lubeljoyeria.com\/#website"},"primaryImageOfPage":{"@id":"https:\/\/lubeljoyeria.com\/producto\/pendiente-swarovski-angelic-blanco#primaryimage"},"image":{"@id":"https:\/\/lubeljoyeria.com\/producto\/pendiente-swarovski-angelic-blanco#primaryimage"},"thumbnailUrl":"https:\/\/lubeljoyeria.com\/wp-content\/uploads\/2019\/03\/1054-Pendiente-Swarovski-Angelic-con-cristal-transparente-y-bano-de-rodio.-1081942.jpg","datePublished":"2024-02-01T00:00:48+00:00","description":"Pendiente Swarovski, Angelic con cristal transparente y ba\u00f1o de rodio. Ideales para tus ocasiones especiales y para esa person especial.","breadcrumb":{"@id":"https:\/\/lubeljoyeria.com\/producto\/pendiente-swarovski-angelic-blanco#breadcrumb"},"inLanguage":"es","potentialAction":[{"@type":"ReadAction","target":["https:\/\/lubeljoyeria.com\/producto\/pendiente-swarovski-angelic-blanco"]}]},{"@type":"ImageObject","inLanguage":"es","@id":"https:\/\/lubeljoyeria.com\/producto\/pendiente-swarovski-angelic-blanco#primaryimage","url":"https:\/\/lubeljoyeria.com\/wp-content\/uploads\/2019\/03\/1054-Pendiente-Swarovski-Angelic-con-cristal-transparente-y-bano-de-rodio.-1081942.jpg","contentUrl":"https:\/\/lubeljoyeria.com\/wp-content\/uploads\/2019\/03\/1054-Pendiente-Swarovski-Angelic-con-cristal-transparente-y-bano-de-rodio.-1081942.jpg","width":607,"height":607,"caption":"Pendiente Swarovski, Angelic con cristal transparente y ba\u00f1o de rodio. 1081942"},{"@type":"BreadcrumbList","@id":"https:\/\/lubeljoyeria.com\/producto\/pendiente-swarovski-angelic-blanco#breadcrumb","itemListElement":[{"@type":"ListItem","position":1,"name":"Home","item":"https:\/\/lubeljoyeria.com\/"},{"@type":"ListItem","position":2,"name":"Tienda","item":"https:\/\/lubeljoyeria.com\/?page_id=6"},{"@type":"ListItem","position":3,"name":"Pendiente Swarovski, Angelic Blanco"}]},{"@type":"WebSite","@id":"https:\/\/lubeljoyeria.com\/#website","url":"https:\/\/lubeljoyeria.com\/","name":"Lubel joyeria. Joyeria en Plata . Distribuidor oficial de Swarovski. - Lubel","description":"Lubel joyeria. Joyeria en Plata . Distribuidor oficial de Swarovski. - Lubel","publisher":{"@id":"https:\/\/lubeljoyeria.com\/#organization"},"potentialAction":[{"@type":"SearchAction","target":{"@type":"EntryPoint","urlTemplate":"https:\/\/lubeljoyeria.com\/?s={search_term_string}"},"query-input":{"@type":"PropertyValueSpecification","valueRequired":true,"valueName":"search_term_string"}}],"inLanguage":"es"},{"@type":"Organization","@id":"https:\/\/lubeljoyeria.com\/#organization","name":"Lubel joyeria. Joyeria en Plata . Distribuidor oficial de Swarovski. - Lubel","url":"https:\/\/lubeljoyeria.com\/","logo":{"@type":"ImageObject","inLanguage":"es","@id":"https:\/\/lubeljoyeria.com\/#\/schema\/logo\/image\/","url":"https:\/\/lubeljoyeria.com\/wp-content\/uploads\/2020\/10\/lubel-joyeria-logo-1543825573-1.png","contentUrl":"https:\/\/lubeljoyeria.com\/wp-content\/uploads\/2020\/10\/lubel-joyeria-logo-1543825573-1.png","width":135,"height":31,"caption":"Lubel joyeria. Joyeria en Plata . Distribuidor oficial de Swarovski. - Lubel"},"image":{"@id":"https:\/\/lubeljoyeria.com\/#\/schema\/logo\/image\/"}}]}},"_links":{"self":[{"href":"https:\/\/lubeljoyeria.com\/index.php?rest_route=\/wp\/v2\/product\/17690","targetHints":{"allow":["GET"]}}],"collection":[{"href":"https:\/\/lubeljoyeria.com\/index.php?rest_route=\/wp\/v2\/product"}],"about":[{"href":"https:\/\/lubeljoyeria.com\/index.php?rest_route=\/wp\/v2\/types\/product"}],"wp:featuredmedia":[{"embeddable":true,"href":"https:\/\/lubeljoyeria.com\/index.php?rest_route=\/wp\/v2\/media\/17687"}],"wp:attachment":[{"href":"https:\/\/lubeljoyeria.com\/index.php?rest_route=%2Fwp%2Fv2%2Fmedia&parent=17690"}],"wp:term":[{"taxonomy":"product_brand","embeddable":true,"href":"https:\/\/lubeljoyeria.com\/index.php?rest_route=%2Fwp%2Fv2%2Fproduct_brand&post=17690"},{"taxonomy":"product_cat","embeddable":true,"href":"https:\/\/lubeljoyeria.com\/index.php?rest_route=%2Fwp%2Fv2%2Fproduct_cat&post=17690"},{"taxonomy":"product_tag","embeddable":true,"href":"https:\/\/lubeljoyeria.com\/index.php?rest_route=%2Fwp%2Fv2%2Fproduct_tag&post=17690"}],"curies":[{"name":"wp","href":"https:\/\/api.w.org\/{rel}","templated":true}]}}